{"id":1907,"date":"2016-06-24T10:00:04","date_gmt":"2016-06-24T10:00:04","guid":{"rendered":"https:\/\/www.catedraldepamplona.com\/fr\/?page_id=1907"},"modified":"2023-10-11T17:49:42","modified_gmt":"2023-10-11T17:49:42","slug":"eventos-mice","status":"publish","type":"page","link":"https:\/\/www.catedraldepamplona.com\/fr\/el-museo\/eventos-mice\/","title":{"rendered":"\u00c9v\u00e9nements MICE: sc\u00e8nes de pierre, arguments artistiques."},"content":{"rendered":"<div class='row'><div style='padding-bottom:50px;' class='span12 first-module module_number_1 module_cont  module_html'>\n                <div class='module_content'>\n                    <img src=\"https:\/\/www.catedraldepamplona.com\/wp-content\/uploads\/REFECTOCIO.webp\"\/>\n                <\/div><\/div><!-- .module_cont --><\/div><div class='row'><div style='padding-bottom:50px;' class='span12  module_number_2 module_cont  module_html'>\n                <div class='module_content'>\n                    <img src=\"https:\/\/www.catedraldepamplona.com\/wp-content\/uploads\/MODAL3.webp\"\/>\n                <\/div><\/div><!-- .module_cont --><\/div><div class='row'><div style='padding-bottom:50px;' class='span3  module_number_3 module_cont  module_text_area'>\n                <div class='module_content'>\n                    \n                <\/div><\/div><!-- .module_cont --><div style='padding-bottom:50px;' class='span6  module_number_4 module_cont  module_html'>\n                <div class='module_content'>\n                    <img src=\"https:\/\/www.catedraldepamplona.com\/wp-content\/uploads\/MODAL1.webp\"\/>\n                <\/div><\/div><!-- .module_cont --><div style='padding-bottom:50px;' class='span3  module_number_5 module_cont  module_text_area'>\n                <div class='module_content'>\n                    \n                <\/div><\/div><!-- .module_cont --><\/div><div class='row'><div style='padding-bottom:50px;' class='span12  module_number_6 module_cont  module_html'>\n                <div class='module_content'>\n                    <img src=\"https:\/\/www.catedraldepamplona.com\/wp-content\/uploads\/MODAL2.webp\"\/>\n                <\/div><\/div><!-- .module_cont --><\/div><div class='row'><div style='padding-bottom:50px;' class='span12  module_number_7 module_cont  module_html'>\n                <div class='module_content'>\n                    <div id=\"sform-introduction-9\" class=\"sform-introduction \"><p>Veuillez remplir le formulaire suivant et nous vous contacterons dans les plus brefs d\u00e9lais.<\/p><\/div><div id=\"sform-confirmation-9\" class=\"sform-confirmation\" tabindex=\"-1\"><\/div><form id=\"form-9\" method=\"post\"  class=\"sform  needs-focus rounded\" form=\"9\"><div class=\"sform-field-group name  \"><label for=\"sform-name-9\" class=\"sform  smaller\">Nom<span class=\"required-symbol mark \">&lowast;<\/span><\/label><div class=\"\"><input type=\"text\" name=\"sform-name\" id=\"sform-name-9\" class=\"sform-field\" value=\"\" placeholder=\"\" required parent=\"9\"><div id=\"name-error-9\" class=\"error-des\"><span>S&#039;il vous pla\u00eet \u00e9crivez votre nom<\/span><\/div><\/div><\/div><div class=\"sform-field-group email  \"><label for=\"sform-email-9\" class=\"sform  smaller\">Courrier \u00e9lectronique<span class=\"required-symbol mark \">&lowast;<\/span><\/label><div class=\"\"><input type=\"email\" name=\"sform-email\" id=\"sform-email-9\" class=\"sform-field\" value=\"\" placeholder=\"\" required parent=\"9\" ><div id=\"email-error-9\" class=\"error-des\"><span>Veuillez fournir votre adresse e-mail<\/span><\/div><\/div><\/div><div class=\"sform-field-group \"><label for=\"sform-subject-9\" class=\"sform  smaller\">Affaire<span class=\"required-symbol mark \">&lowast;<\/span><\/label><div class=\"\"><input type=\"text\" name=\"sform-subject\" id=\"sform-subject-9\" class=\"sform-field\" required parent=\"9\" value=\"\" placeholder=\"\" ><div id=\"subject-error-9\" class=\"error-des\"><span>Veuillez saisir le sujet de la demande<\/span><\/div><\/div><\/div><div class=\"sform-field-group \"><label for=\"sform-message-9\" class=\"sform  smaller\">Message<span class=\"required-symbol mark\">&lowast;<\/span><\/label><div class=\"\"><textarea name=\"sform-message\" id=\"sform-message-9\" rows=\"10\" type=\"textarea\" class=\"sform-field\" required  placeholder=\"\" parent=\"9\"><\/textarea><div id=\"message-error-9\" class=\"error-des\"><span>Veuillez entrer votre message<\/span><\/div><\/div><\/div><div class=\"sform-field-group checkbox \"><input type=\"checkbox\" name=\"sform-consent\" id=\"sform-consent-9\" class=\"sform-field sform checkbox\" value=\"false\"  required parent=\"9\"><label for=\"sform-consent-9\" class=\"sform checkbox smaller\"><span class=\"checkmark \"><\/span>J'ai lu et j'accepte la politique de confidentialit\u00e9<span class=\"required-symbol mark \">&lowast;<\/span><\/label><\/div><div class=\"sform-field-group \" id=\"captcha-container-9\"><label for=\"sform-captcha-9\" class=\"sform  smaller\">Je ne suis pas un robot<span class=\"required-symbol mark\">&lowast;<\/span><\/label><div id=\"captcha-field-9\" class=\"captcha \"><input id=\"captcha_one-9\" type=\"hidden\" name=\"captcha_one\" value=\"30\"\/><input id=\"captcha_two-9\" type=\"hidden\" name=\"captcha_two\" value=\"6\"\/><input id=\"captcha-question-9\" type=\"text\" class=\"sform-field question\" readonly=\"readonly\" tabindex=\"-1\" value=\"30&nbsp;&nbsp;+&nbsp;&nbsp;6&nbsp;&nbsp;=\" \/><input type=\"number\" id=\"sform-captcha-9\" name=\"sform-captcha\" class=\"sform-field captcha \"  min=\"11\" max=\"108\" data-maxlength=\"3\" oninput=\"this.value=this.value.slice(0,this.dataset.maxlength)\" parent=\"9\" required parent=\"9\" value=\"\" \/><\/div><div id=\"captcha-error-9\" class=\"captcha-error error-des \"><span class=\"\">Veuillez entrer une r\u00e9ponse<\/span><\/div><\/div><div class=\"d-none\"><input type=\"hidden\" id=\"sform_nonce\" name=\"sform_nonce\" value=\"fa67295d7f\" \/><input type=\"hidden\" name=\"_wp_http_referer\" value=\"\/fr\/wp-json\/wp\/v2\/pages\/1907\" \/><input type=\"hidden\" id=\"form-id-9\" name=\"form-id\" value=\"9\" \/><input type=\"hidden\" id=\"\" name=\"multiple-errors\" value=\"Il y a quelques bugs qui doivent \u00eatre corrig\u00e9s\" \/><\/div><div class=\"carrots\"><label for=\"url-site-9\">Fake Url<\/label><input type=\"text\" id=\"url-9\" name=\"url-site\" value=\"\" tabindex=\"-1\" autocomplete=\"off\" \/><br><label for=\"hobbies-9\">Fake Hobbies<\/label><input type=\"text\" id=\"hobbies-9\" name=\"hobbies\" value=\"\" tabindex=\"-1\" autocomplete=\"off\" \/><br><input type=\"checkbox\" id=\"contact-phone-9\" name=\"contact-phone\" value=\"false\" tabindex=\"-1\" autocomplete=\"off\"><label for=\"contact-phone\">Contact me by telephone<\/label><\/div><div id=\"errors-9\" tabindex=\"-1\" class=\"msgoutside \"><span id=\"error-message-9\" class=\"message \">Il y a quelques bugs qui doivent \u00eatre corrig\u00e9s<\/span><noscript><div class=\"noscript\"><span id=\"error-message-9\" class=\"message v-visible\">This form needs JavaScript activated to work properly. Please activate it. Thanks!<\/span><\/div><\/noscript><\/div><div id=\"sform-submit-wrap-9\" class=\"submit-wrap center \"><button name=\"submission\" id=\"submission-9\" type=\"submit\" class=\"sform  smaller\">Envoyer<\/button><\/div><\/form><div id=\"sform-bottom-9\" class=\"sform-bottom \"><\/div>\n                <\/div><\/div><!-- .module_cont --><\/div>","protected":false},"excerpt":{"rendered":"<p>Veuillez remplir le formulaire suivant et nous vous contacterons dans les plus brefs d\u00e9lais.Nom&lowast;S&#039;il vous pla\u00eet \u00e9crivez votre nomCourrier \u00e9lectronique&lowast;Veuillez fournir votre adresse e-mailAffaire&lowast;Veuillez saisir le sujet de la demandeMessage&lowast;Veuillez entrer votre messageJ&rsquo;ai lu et j&rsquo;accepte la politique de confidentialit\u00e9&lowast;Je ne suis pas un robot&lowast;Veuillez entrer une r\u00e9ponseFake UrlFake HobbiesContact me by telephoneIl y a quelques bugs qui doivent \u00eatre corrig\u00e9sThis form needs JavaScript activated to work properly. Please activate it. Thanks!Envoyer<\/p>\n","protected":false},"author":1,"featured_media":0,"parent":1878,"menu_order":0,"comment_status":"closed","ping_status":"closed","template":"","meta":{"_monsterinsights_skip_tracking":false,"_monsterinsights_sitenote_active":false,"_monsterinsights_sitenote_note":"","_monsterinsights_sitenote_category":0},"yoast_head":"<!-- This site is optimized with the Yoast SEO plugin v21.0 - https:\/\/yoast.com\/wordpress\/plugins\/seo\/ -->\n<title>\u00c9v\u00e9nements MICE: sc\u00e8nes de pierre, arguments artistiques. - Catedral de Pamplona<\/title>\n<meta name=\"robots\" content=\"index, follow, max-snippet:-1, max-image-preview:large, max-video-preview:-1\" \/>\n<link rel=\"canonical\" href=\"https:\/\/www.catedraldepamplona.com\/fr\/el-museo\/eventos-mice\/\" \/>\n<meta property=\"og:locale\" content=\"fr_FR\" \/>\n<meta property=\"og:type\" content=\"article\" \/>\n<meta property=\"og:title\" content=\"\u00c9v\u00e9nements MICE: sc\u00e8nes de pierre, arguments artistiques. - Catedral de Pamplona\" \/>\n<meta property=\"og:description\" content=\"Veuillez remplir le formulaire suivant et nous vous contacterons dans les plus brefs d\u00e9lais.Nom&lowast;S&#039;il vous pla\u00eet \u00e9crivez votre nomCourrier \u00e9lectronique&lowast;Veuillez fournir votre adresse e-mailAffaire&lowast;Veuillez saisir le sujet de la demandeMessage&lowast;Veuillez entrer votre messageJ&#039;ai lu et j&#039;accepte la politique de confidentialit\u00e9&lowast;Je ne suis pas un robot&lowast;Veuillez entrer une r\u00e9ponseFake UrlFake HobbiesContact me by telephoneIl y a quelques bugs qui doivent \u00eatre corrig\u00e9sThis form needs JavaScript activated to work properly. Please activate it. Thanks!Envoyer\" \/>\n<meta property=\"og:url\" content=\"https:\/\/www.catedraldepamplona.com\/fr\/el-museo\/eventos-mice\/\" \/>\n<meta property=\"og:site_name\" content=\"Catedral de Pamplona\" \/>\n<meta property=\"article:modified_time\" content=\"2023-10-11T17:49:42+00:00\" \/>\n<meta name=\"twitter:card\" content=\"summary_large_image\" \/>\n<script type=\"application\/ld+json\" class=\"yoast-schema-graph\">{\"@context\":\"https:\/\/schema.org\",\"@graph\":[{\"@type\":\"WebPage\",\"@id\":\"https:\/\/www.catedraldepamplona.com\/fr\/el-museo\/eventos-mice\/\",\"url\":\"https:\/\/www.catedraldepamplona.com\/fr\/el-museo\/eventos-mice\/\",\"name\":\"\u00c9v\u00e9nements MICE: sc\u00e8nes de pierre, arguments artistiques. - Catedral de Pamplona\",\"isPartOf\":{\"@id\":\"https:\/\/www.catedraldepamplona.com\/#website\"},\"datePublished\":\"2016-06-24T10:00:04+00:00\",\"dateModified\":\"2023-10-11T17:49:42+00:00\",\"breadcrumb\":{\"@id\":\"https:\/\/www.catedraldepamplona.com\/fr\/el-museo\/eventos-mice\/#breadcrumb\"},\"inLanguage\":\"fr-FR\",\"potentialAction\":[{\"@type\":\"ReadAction\",\"target\":[\"https:\/\/www.catedraldepamplona.com\/fr\/el-museo\/eventos-mice\/\"]}]},{\"@type\":\"BreadcrumbList\",\"@id\":\"https:\/\/www.catedraldepamplona.com\/fr\/el-museo\/eventos-mice\/#breadcrumb\",\"itemListElement\":[{\"@type\":\"ListItem\",\"position\":1,\"name\":\"Portada\",\"item\":\"https:\/\/www.catedraldepamplona.com\/fr\/\"},{\"@type\":\"ListItem\",\"position\":2,\"name\":\"LE MUS\u00c9E DE LA CATH\u00c9DRALE DE PAMPELUNE\",\"item\":\"https:\/\/www.catedraldepamplona.com\/fr\/el-museo\/\"},{\"@type\":\"ListItem\",\"position\":3,\"name\":\"\u00c9v\u00e9nements MICE: sc\u00e8nes de pierre, arguments artistiques.\"}]},{\"@type\":\"WebSite\",\"@id\":\"https:\/\/www.catedraldepamplona.com\/#website\",\"url\":\"https:\/\/www.catedraldepamplona.com\/\",\"name\":\"Catedral de Pamplona\",\"description\":\"P\u00e1gina oficial de la Catedral de Pamplona\",\"potentialAction\":[{\"@type\":\"SearchAction\",\"target\":{\"@type\":\"EntryPoint\",\"urlTemplate\":\"https:\/\/www.catedraldepamplona.com\/?s={search_term_string}\"},\"query-input\":\"required name=search_term_string\"}],\"inLanguage\":\"fr-FR\"}]}<\/script>\n<!-- \/ Yoast SEO plugin. -->","yoast_head_json":{"title":"\u00c9v\u00e9nements MICE: sc\u00e8nes de pierre, arguments artistiques. - Catedral de Pamplona","robots":{"index":"index","follow":"follow","max-snippet":"max-snippet:-1","max-image-preview":"max-image-preview:large","max-video-preview":"max-video-preview:-1"},"canonical":"https:\/\/www.catedraldepamplona.com\/fr\/el-museo\/eventos-mice\/","og_locale":"fr_FR","og_type":"article","og_title":"\u00c9v\u00e9nements MICE: sc\u00e8nes de pierre, arguments artistiques. - Catedral de Pamplona","og_description":"Veuillez remplir le formulaire suivant et nous vous contacterons dans les plus brefs d\u00e9lais.Nom&lowast;S&#039;il vous pla\u00eet \u00e9crivez votre nomCourrier \u00e9lectronique&lowast;Veuillez fournir votre adresse e-mailAffaire&lowast;Veuillez saisir le sujet de la demandeMessage&lowast;Veuillez entrer votre messageJ'ai lu et j'accepte la politique de confidentialit\u00e9&lowast;Je ne suis pas un robot&lowast;Veuillez entrer une r\u00e9ponseFake UrlFake HobbiesContact me by telephoneIl y a quelques bugs qui doivent \u00eatre corrig\u00e9sThis form needs JavaScript activated to work properly. Please activate it. Thanks!Envoyer","og_url":"https:\/\/www.catedraldepamplona.com\/fr\/el-museo\/eventos-mice\/","og_site_name":"Catedral de Pamplona","article_modified_time":"2023-10-11T17:49:42+00:00","twitter_card":"summary_large_image","schema":{"@context":"https:\/\/schema.org","@graph":[{"@type":"WebPage","@id":"https:\/\/www.catedraldepamplona.com\/fr\/el-museo\/eventos-mice\/","url":"https:\/\/www.catedraldepamplona.com\/fr\/el-museo\/eventos-mice\/","name":"\u00c9v\u00e9nements MICE: sc\u00e8nes de pierre, arguments artistiques. - Catedral de Pamplona","isPartOf":{"@id":"https:\/\/www.catedraldepamplona.com\/#website"},"datePublished":"2016-06-24T10:00:04+00:00","dateModified":"2023-10-11T17:49:42+00:00","breadcrumb":{"@id":"https:\/\/www.catedraldepamplona.com\/fr\/el-museo\/eventos-mice\/#breadcrumb"},"inLanguage":"fr-FR","potentialAction":[{"@type":"ReadAction","target":["https:\/\/www.catedraldepamplona.com\/fr\/el-museo\/eventos-mice\/"]}]},{"@type":"BreadcrumbList","@id":"https:\/\/www.catedraldepamplona.com\/fr\/el-museo\/eventos-mice\/#breadcrumb","itemListElement":[{"@type":"ListItem","position":1,"name":"Portada","item":"https:\/\/www.catedraldepamplona.com\/fr\/"},{"@type":"ListItem","position":2,"name":"LE MUS\u00c9E DE LA CATH\u00c9DRALE DE PAMPELUNE","item":"https:\/\/www.catedraldepamplona.com\/fr\/el-museo\/"},{"@type":"ListItem","position":3,"name":"\u00c9v\u00e9nements MICE: sc\u00e8nes de pierre, arguments artistiques."}]},{"@type":"WebSite","@id":"https:\/\/www.catedraldepamplona.com\/#website","url":"https:\/\/www.catedraldepamplona.com\/","name":"Catedral de Pamplona","description":"P\u00e1gina oficial de la Catedral de Pamplona","potentialAction":[{"@type":"SearchAction","target":{"@type":"EntryPoint","urlTemplate":"https:\/\/www.catedraldepamplona.com\/?s={search_term_string}"},"query-input":"required name=search_term_string"}],"inLanguage":"fr-FR"}]}},"_links":{"self":[{"href":"https:\/\/www.catedraldepamplona.com\/fr\/wp-json\/wp\/v2\/pages\/1907"}],"collection":[{"href":"https:\/\/www.catedraldepamplona.com\/fr\/wp-json\/wp\/v2\/pages"}],"about":[{"href":"https:\/\/www.catedraldepamplona.com\/fr\/wp-json\/wp\/v2\/types\/page"}],"author":[{"embeddable":true,"href":"https:\/\/www.catedraldepamplona.com\/fr\/wp-json\/wp\/v2\/users\/1"}],"replies":[{"embeddable":true,"href":"https:\/\/www.catedraldepamplona.com\/fr\/wp-json\/wp\/v2\/comments?post=1907"}],"version-history":[{"count":3,"href":"https:\/\/www.catedraldepamplona.com\/fr\/wp-json\/wp\/v2\/pages\/1907\/revisions"}],"predecessor-version":[{"id":4938,"href":"https:\/\/www.catedraldepamplona.com\/fr\/wp-json\/wp\/v2\/pages\/1907\/revisions\/4938"}],"up":[{"embeddable":true,"href":"https:\/\/www.catedraldepamplona.com\/fr\/wp-json\/wp\/v2\/pages\/1878"}],"wp:attachment":[{"href":"https:\/\/www.catedraldepamplona.com\/fr\/wp-json\/wp\/v2\/media?parent=1907"}],"curies":[{"name":"wp","href":"https:\/\/api.w.org\/{rel}","templated":true}]}}