{"id":1874,"date":"2016-05-30T08:37:57","date_gmt":"2016-05-30T08:37:57","guid":{"rendered":"https:\/\/www.catedraldepamplona.com\/fr\/?page_id=1874"},"modified":"2023-10-18T08:03:40","modified_gmt":"2023-10-18T08:03:40","slug":"contacto","status":"publish","type":"page","link":"https:\/\/www.catedraldepamplona.com\/fr\/contacto\/","title":{"rendered":"Contact"},"content":{"rendered":"<div class='row'><div style='padding-bottom:50px;' class='span3 first-module module_number_1 module_cont  module_text_area'>\n                <div class='module_content'>\n                    <p style=\"font-family: Jost; margin: 0px 0px 7px; color: #7e7f81; font-size: 12px; line-height: 22px; text-align: left;\"><span style=\"font-weight: bold;\">Email du contact:<\/span><br \/><a style=\"text-decoration-line: none; outline: none; transition: color 250ms ease 0s; color: #5b3837;\" href=\"mailto:museo@catedraldepamplona.com\">museo@catedraldepamplona.com<\/a><\/p>\r\n<p style=\"font-family: Jost; margin: 0px 0px 7px; color: #7e7f81; font-size: 12px; line-height: 22px; text-align: left;\">&nbsp;<\/p>\r\n<p style=\"font-family: Jost; margin: 0px 0px 7px; color: #7e7f81; font-size: 12px; line-height: 22px; text-align: left;\"><span style=\"font-weight: bold;\">T&eacute;l&eacute;phones:<\/span><br \/>948 225 679 (sacristie)<br \/>948 227 950 (biblioth&egrave;que-fichiers)<br \/>948 211 081 (M&eacute;nages)<br \/>948 212 594 (Mus&eacute;e)<br \/>948 211 081 (fax)<\/p>\r\n<p style=\"font-family: Jost; margin: 0px 0px 7px; color: #7e7f81; font-size: 12px; line-height: 22px; text-align: left;\">&nbsp;<\/p>\r\n<p style=\"font-family: Jost; margin: 0px 0px 7px; color: #7e7f81; font-size: 12px; line-height: 22px; text-align: left;\"><span style=\"color: #7e7f81; font-family: Jost;\"><span style=\"font-size: 12px;\"><strong>Adresse:<\/strong><\/span><\/span><br \/><span style=\"color: #7e7f81; font-family: Jost;\"><span style=\"font-size: 12px;\">Rue Curia s\/n. 31001 Pampelune<\/span><\/span><\/p>\n                <\/div><\/div><!-- .module_cont --><div style='padding-bottom:50px;' class='span9  module_number_2 module_cont center_title module_html'>\n                <div class='module_content'>\n                    <iframe src=\"https:\/\/www.google.com\/maps\/embed?pb=!1m18!1m12!1m3!1d2926.5629704547914!2d-1.6433721844707971!3d42.81872053996665!2m3!1f0!2f0!3f0!3m2!1i1024!2i768!4f13.1!3m3!1m2!1s0xd5092548f9dc0b5%3A0xb4906f861edde739!2sCatedral%20Metropolitana%20de%20Santa%20Mar%C3%ADa%20la%20Real%20de%20Pamplona!5e0!3m2!1ses!2ses!4v1692384504857!5m2!1ses!2ses\" width=\"100%\" height=\"300px\" style=\"border:0;\" allowfullscreen=\"\" loading=\"lazy\" referrerpolicy=\"no-referrer-when-downgrade\"><\/iframe>\n                <\/div><\/div><!-- .module_cont --><\/div><div class='row'><div style='padding-bottom:50px;' class='span12  module_number_3 module_cont  module_divider'><hr class=\" \"><\/div><!-- .module_cont --><\/div><div class='row'><div style='padding-bottom:50px;' class='span12  module_number_4 module_cont  module_html'>\n                <div class='module_content'>\n                    <div id=\"sform-introduction-5\" class=\"sform-introduction \"><p>Veuillez remplir le formulaire suivant et nous vous contacterons dans les plus brefs d\u00e9lais.<\/p><\/div><div id=\"sform-confirmation-5\" class=\"sform-confirmation\" tabindex=\"-1\"><\/div><form id=\"form-5\" method=\"post\"  class=\"sform  needs-focus rounded\" form=\"5\"><div class=\"sform-field-group name  \"><label for=\"sform-name-5\" class=\"sform  smaller\">Nom<span class=\"required-symbol mark \">&lowast;<\/span><\/label><div class=\"\"><input type=\"text\" name=\"sform-name\" id=\"sform-name-5\" class=\"sform-field\" value=\"\" placeholder=\"\" required parent=\"5\"><div id=\"name-error-5\" class=\"error-des\"><span>S&#039;il vous pla\u00eet \u00e9crivez votre nom<\/span><\/div><\/div><\/div><div class=\"sform-field-group email  \"><label for=\"sform-email-5\" class=\"sform  smaller\">Courrier \u00e9lectronique<span class=\"required-symbol mark \">&lowast;<\/span><\/label><div class=\"\"><input type=\"email\" name=\"sform-email\" id=\"sform-email-5\" class=\"sform-field\" value=\"\" placeholder=\"\" required parent=\"5\" ><div id=\"email-error-5\" class=\"error-des\"><span>Veuillez fournir votre adresse e-mail<\/span><\/div><\/div><\/div><div class=\"sform-field-group \"><label for=\"sform-subject-5\" class=\"sform  smaller\">Affaire<span class=\"required-symbol mark \">&lowast;<\/span><\/label><div class=\"\"><input type=\"text\" name=\"sform-subject\" id=\"sform-subject-5\" class=\"sform-field\" required parent=\"5\" value=\"\" placeholder=\"\" ><div id=\"subject-error-5\" class=\"error-des\"><span>Veuillez saisir le sujet de la demande<\/span><\/div><\/div><\/div><div class=\"sform-field-group \"><label for=\"sform-message-5\" class=\"sform  smaller\">Message<span class=\"required-symbol mark\">&lowast;<\/span><\/label><div class=\"\"><textarea name=\"sform-message\" id=\"sform-message-5\" rows=\"10\" type=\"textarea\" class=\"sform-field\" required  placeholder=\"\" parent=\"5\"><\/textarea><div id=\"message-error-5\" class=\"error-des\"><span>Veuillez entrer votre message<\/span><\/div><\/div><\/div><div class=\"sform-field-group checkbox \"><input type=\"checkbox\" name=\"sform-consent\" id=\"sform-consent-5\" class=\"sform-field sform checkbox\" value=\"false\"  required parent=\"5\"><label for=\"sform-consent-5\" class=\"sform checkbox smaller\"><span class=\"checkmark \"><\/span>J'ai lu et j'accepte la politique de confidentialit\u00e9<span class=\"required-symbol mark \">&lowast;<\/span><\/label><\/div><div class=\"sform-field-group \" id=\"captcha-container-5\"><label for=\"sform-captcha-5\" class=\"sform  smaller\">Je ne suis pas un robot<span class=\"required-symbol mark\">&lowast;<\/span><\/label><div id=\"captcha-field-5\" class=\"captcha \"><input id=\"captcha_one-5\" type=\"hidden\" name=\"captcha_one\" value=\"46\"\/><input id=\"captcha_two-5\" type=\"hidden\" name=\"captcha_two\" value=\"7\"\/><input id=\"captcha-question-5\" type=\"text\" class=\"sform-field question\" readonly=\"readonly\" tabindex=\"-1\" value=\"46&nbsp;&nbsp;+&nbsp;&nbsp;7&nbsp;&nbsp;=\" \/><input type=\"number\" id=\"sform-captcha-5\" name=\"sform-captcha\" class=\"sform-field captcha \"  min=\"11\" max=\"108\" data-maxlength=\"3\" oninput=\"this.value=this.value.slice(0,this.dataset.maxlength)\" parent=\"5\" required parent=\"5\" value=\"\" \/><\/div><div id=\"captcha-error-5\" class=\"captcha-error error-des \"><span class=\"\">Veuillez entrer une r\u00e9ponse<\/span><\/div><\/div><div class=\"d-none\"><input type=\"hidden\" id=\"sform_nonce\" name=\"sform_nonce\" value=\"0924520ea2\" \/><input type=\"hidden\" name=\"_wp_http_referer\" value=\"\/fr\/wp-json\/wp\/v2\/pages\/1874\" \/><input type=\"hidden\" id=\"form-id-5\" name=\"form-id\" value=\"5\" \/><input type=\"hidden\" id=\"\" name=\"multiple-errors\" value=\"Il y a quelques bugs qui doivent \u00eatre corrig\u00e9s\" \/><\/div><div class=\"carrots\"><label for=\"url-site-5\">Fake Url<\/label><input type=\"text\" id=\"url-5\" name=\"url-site\" value=\"\" tabindex=\"-1\" autocomplete=\"off\" \/><br><label for=\"hobbies-5\">Fake Hobbies<\/label><input type=\"text\" id=\"hobbies-5\" name=\"hobbies\" value=\"\" tabindex=\"-1\" autocomplete=\"off\" \/><br><input type=\"checkbox\" id=\"contact-phone-5\" name=\"contact-phone\" value=\"false\" tabindex=\"-1\" autocomplete=\"off\"><label for=\"contact-phone\">Contact me by telephone<\/label><\/div><div id=\"errors-5\" tabindex=\"-1\" class=\"msgoutside \"><span id=\"error-message-5\" class=\"message \">Il y a quelques bugs qui doivent \u00eatre corrig\u00e9s<\/span><noscript><div class=\"noscript\"><span id=\"error-message-5\" class=\"message v-visible\">This form needs JavaScript activated to work properly. Please activate it. Thanks!<\/span><\/div><\/noscript><\/div><div id=\"sform-submit-wrap-5\" class=\"submit-wrap center \"><button name=\"submission\" id=\"submission-5\" type=\"submit\" class=\"sform  smaller\">Envoyer<\/button><\/div><\/form><div id=\"sform-bottom-5\" class=\"sform-bottom \"><\/div>\n                <\/div><\/div><!-- .module_cont --><\/div><div class='row'><div style='padding-bottom:50px;' class='span12  module_number_5 module_cont  module_divider'><hr class=\" \"><\/div><!-- .module_cont --><\/div><div class='row'><div style='padding-bottom:50px;' class='span3  module_number_6 module_cont  module_iconboxes'>\n\t\t\t<div class='module_content shortcode_iconbox'>\n\t\t\t\t<a target='_blank' href='https:\/\/www.instagram.com\/catepamplonam\/'>\t\t\t\n\t\t\t\t<div class='iconbox_wrapper'>\n\t\t\t\t\t<span class='ico'><i class=icon-instagram><\/i><\/span>\n\t\t\t\t\t<h6 class='iconbox_title'>INSTAGRAM<\/h6>\n\t\t\t\t\t<div class='iconbox_body'>\t\t\t\t\t\t\n\t\t\t\t\t\t\n\t\t\t\t\t<\/div>\t\t\t\t\t\n\t\t\t\t<\/div>\n\t\t\t\t<\/a>\n\t\t\t<\/div>\n\t\t\t<\/div><!-- .module_cont --><div style='padding-bottom:50px;' class='span3  module_number_7 module_cont  module_iconboxes'>\n\t\t\t<div class='module_content shortcode_iconbox'>\n\t\t\t\t<a target='_blank' href='https:\/\/www.facebook.com\/catedroscopio\/'>\t\t\t\n\t\t\t\t<div class='iconbox_wrapper'>\n\t\t\t\t\t<span class='ico'><i class=icon-facebook-square><\/i><\/span>\n\t\t\t\t\t<h6 class='iconbox_title'>FACEBOOK<\/h6>\n\t\t\t\t\t<div class='iconbox_body'>\t\t\t\t\t\t\n\t\t\t\t\t\t\n\t\t\t\t\t<\/div>\t\t\t\t\t\n\t\t\t\t<\/div>\n\t\t\t\t<\/a>\n\t\t\t<\/div>\n\t\t\t<\/div><!-- .module_cont --><div style='padding-bottom:50px;' class='span3  module_number_8 module_cont  module_iconboxes'>\n\t\t\t<div class='module_content shortcode_iconbox'>\n\t\t\t\t<a target='_blank' href='https:\/\/twitter.com\/CatePamplonaM'>\t\t\t\n\t\t\t\t<div class='iconbox_wrapper'>\n\t\t\t\t\t<span class='ico'><i class=icon-twitter-square><\/i><\/span>\n\t\t\t\t\t<h6 class='iconbox_title'>X (TWITTER)<\/h6>\n\t\t\t\t\t<div class='iconbox_body'>\t\t\t\t\t\t\n\t\t\t\t\t\t\n\t\t\t\t\t<\/div>\t\t\t\t\t\n\t\t\t\t<\/div>\n\t\t\t\t<\/a>\n\t\t\t<\/div>\n\t\t\t<\/div><!-- .module_cont --><div style='padding-bottom:50px;' class='span3  module_number_9 module_cont  module_iconboxes'>\n\t\t\t<div class='module_content shortcode_iconbox'>\n\t\t\t\t<a target='_blank' href='https:\/\/www.youtube.com\/@catedroscopio-museocatedra9249'>\t\t\t\n\t\t\t\t<div class='iconbox_wrapper'>\n\t\t\t\t\t<span class='ico'><i class=icon-youtube-play><\/i><\/span>\n\t\t\t\t\t<h6 class='iconbox_title'>YOUTUBE<\/h6>\n\t\t\t\t\t<div class='iconbox_body'>\t\t\t\t\t\t\n\t\t\t\t\t\t\n\t\t\t\t\t<\/div>\t\t\t\t\t\n\t\t\t\t<\/div>\n\t\t\t\t<\/a>\n\t\t\t<\/div>\n\t\t\t<\/div><!-- .module_cont --><\/div><div class='row'><div style='padding-bottom:50px;' class='span12  module_number_10 module_cont center_title module_html'><div class='bg_title'><h6 style='color:#7e7e7e;text-align:center;' class='headInModule'>CARTE DE PAMPELUNE, cliquez pour naviguer<\/h6><\/div>\n                <div class='module_content'>\n                    <a href=\"https:\/\/www.catedraldepamplona.com\/wp-content\/uploads\/Plan-pamplona-francais.pdf\" \/><img src=\"https:\/\/www.catedraldepamplona.com\/wp-content\/uploads\/2023\/08\/PLANO-PAMPLONA.png\" \/><\/a>\n                <\/div><\/div><!-- .module_cont --><\/div>","protected":false},"excerpt":{"rendered":"<p>Email du contact:museo@catedraldepamplona.com &nbsp; T&eacute;l&eacute;phones:948 225 679 (sacristie)948 227 950 (biblioth&egrave;que-fichiers)948 211 081 (M&eacute;nages)948 212 594 (Mus&eacute;e)948 211 081 (fax) &nbsp; Adresse:Rue Curia s\/n. 31001 Pampelune Veuillez remplir le formulaire suivant et nous vous contacterons dans les plus brefs d\u00e9lais.Nom&lowast;S&#039;il vous pla\u00eet \u00e9crivez votre nomCourrier \u00e9lectronique&lowast;Veuillez fournir votre adresse e-mailAffaire&lowast;Veuillez saisir le sujet de la demandeMessage&lowast;Veuillez entrer votre messageJ&rsquo;ai lu et j&rsquo;accepte la politique de confidentialit\u00e9&lowast;Je ne suis pas un robot&lowast;Veuillez entrer une r\u00e9ponseFake UrlFake HobbiesContact me by telephoneIl y a quelques bugs qui doivent \u00eatre corrig\u00e9sThis form needs JavaScript activated to work properly. Please activate it. Thanks!Envoyer INSTAGRAM FACEBOOK X (TWITTER) YOUTUBE CARTE DE PAMPELUNE, cliquez pour naviguer<\/p>\n","protected":false},"author":1,"featured_media":0,"parent":0,"menu_order":0,"comment_status":"closed","ping_status":"closed","template":"","meta":{"_monsterinsights_skip_tracking":false,"_monsterinsights_sitenote_active":false,"_monsterinsights_sitenote_note":"","_monsterinsights_sitenote_category":0},"yoast_head":"<!-- This site is optimized with the Yoast SEO plugin v21.0 - https:\/\/yoast.com\/wordpress\/plugins\/seo\/ -->\n<title>Contact - Catedral de Pamplona<\/title>\n<meta name=\"robots\" content=\"index, follow, max-snippet:-1, max-image-preview:large, max-video-preview:-1\" \/>\n<link rel=\"canonical\" href=\"https:\/\/www.catedraldepamplona.com\/fr\/contacto\/\" \/>\n<meta property=\"og:locale\" content=\"fr_FR\" \/>\n<meta property=\"og:type\" content=\"article\" \/>\n<meta property=\"og:title\" content=\"Contact - Catedral de Pamplona\" \/>\n<meta property=\"og:description\" content=\"Email du contact:museo@catedraldepamplona.com &nbsp; T&eacute;l&eacute;phones:948 225 679 (sacristie)948 227 950 (biblioth&egrave;que-fichiers)948 211 081 (M&eacute;nages)948 212 594 (Mus&eacute;e)948 211 081 (fax) &nbsp; Adresse:Rue Curia s\/n. 31001 Pampelune Veuillez remplir le formulaire suivant et nous vous contacterons dans les plus brefs d\u00e9lais.Nom&lowast;S&#039;il vous pla\u00eet \u00e9crivez votre nomCourrier \u00e9lectronique&lowast;Veuillez fournir votre adresse e-mailAffaire&lowast;Veuillez saisir le sujet de la demandeMessage&lowast;Veuillez entrer votre messageJ&#039;ai lu et j&#039;accepte la politique de confidentialit\u00e9&lowast;Je ne suis pas un robot&lowast;Veuillez entrer une r\u00e9ponseFake UrlFake HobbiesContact me by telephoneIl y a quelques bugs qui doivent \u00eatre corrig\u00e9sThis form needs JavaScript activated to work properly. Please activate it. Thanks!Envoyer INSTAGRAM FACEBOOK X (TWITTER) YOUTUBE CARTE DE PAMPELUNE, cliquez pour naviguer\" \/>\n<meta property=\"og:url\" content=\"https:\/\/www.catedraldepamplona.com\/fr\/contacto\/\" \/>\n<meta property=\"og:site_name\" content=\"Catedral de Pamplona\" \/>\n<meta property=\"article:modified_time\" content=\"2023-10-18T08:03:40+00:00\" \/>\n<meta name=\"twitter:card\" content=\"summary_large_image\" \/>\n<script type=\"application\/ld+json\" class=\"yoast-schema-graph\">{\"@context\":\"https:\/\/schema.org\",\"@graph\":[{\"@type\":\"WebPage\",\"@id\":\"https:\/\/www.catedraldepamplona.com\/fr\/contacto\/\",\"url\":\"https:\/\/www.catedraldepamplona.com\/fr\/contacto\/\",\"name\":\"Contact - Catedral de Pamplona\",\"isPartOf\":{\"@id\":\"https:\/\/www.catedraldepamplona.com\/#website\"},\"datePublished\":\"2016-05-30T08:37:57+00:00\",\"dateModified\":\"2023-10-18T08:03:40+00:00\",\"breadcrumb\":{\"@id\":\"https:\/\/www.catedraldepamplona.com\/fr\/contacto\/#breadcrumb\"},\"inLanguage\":\"fr-FR\",\"potentialAction\":[{\"@type\":\"ReadAction\",\"target\":[\"https:\/\/www.catedraldepamplona.com\/fr\/contacto\/\"]}]},{\"@type\":\"BreadcrumbList\",\"@id\":\"https:\/\/www.catedraldepamplona.com\/fr\/contacto\/#breadcrumb\",\"itemListElement\":[{\"@type\":\"ListItem\",\"position\":1,\"name\":\"Portada\",\"item\":\"https:\/\/www.catedraldepamplona.com\/fr\/\"},{\"@type\":\"ListItem\",\"position\":2,\"name\":\"Contact\"}]},{\"@type\":\"WebSite\",\"@id\":\"https:\/\/www.catedraldepamplona.com\/#website\",\"url\":\"https:\/\/www.catedraldepamplona.com\/\",\"name\":\"Catedral de Pamplona\",\"description\":\"P\u00e1gina oficial de la Catedral de Pamplona\",\"potentialAction\":[{\"@type\":\"SearchAction\",\"target\":{\"@type\":\"EntryPoint\",\"urlTemplate\":\"https:\/\/www.catedraldepamplona.com\/?s={search_term_string}\"},\"query-input\":\"required name=search_term_string\"}],\"inLanguage\":\"fr-FR\"}]}<\/script>\n<!-- \/ Yoast SEO plugin. -->","yoast_head_json":{"title":"Contact - Catedral de Pamplona","robots":{"index":"index","follow":"follow","max-snippet":"max-snippet:-1","max-image-preview":"max-image-preview:large","max-video-preview":"max-video-preview:-1"},"canonical":"https:\/\/www.catedraldepamplona.com\/fr\/contacto\/","og_locale":"fr_FR","og_type":"article","og_title":"Contact - Catedral de Pamplona","og_description":"Email du contact:museo@catedraldepamplona.com &nbsp; T&eacute;l&eacute;phones:948 225 679 (sacristie)948 227 950 (biblioth&egrave;que-fichiers)948 211 081 (M&eacute;nages)948 212 594 (Mus&eacute;e)948 211 081 (fax) &nbsp; Adresse:Rue Curia s\/n. 31001 Pampelune Veuillez remplir le formulaire suivant et nous vous contacterons dans les plus brefs d\u00e9lais.Nom&lowast;S&#039;il vous pla\u00eet \u00e9crivez votre nomCourrier \u00e9lectronique&lowast;Veuillez fournir votre adresse e-mailAffaire&lowast;Veuillez saisir le sujet de la demandeMessage&lowast;Veuillez entrer votre messageJ'ai lu et j'accepte la politique de confidentialit\u00e9&lowast;Je ne suis pas un robot&lowast;Veuillez entrer une r\u00e9ponseFake UrlFake HobbiesContact me by telephoneIl y a quelques bugs qui doivent \u00eatre corrig\u00e9sThis form needs JavaScript activated to work properly. Please activate it. Thanks!Envoyer INSTAGRAM FACEBOOK X (TWITTER) YOUTUBE CARTE DE PAMPELUNE, cliquez pour naviguer","og_url":"https:\/\/www.catedraldepamplona.com\/fr\/contacto\/","og_site_name":"Catedral de Pamplona","article_modified_time":"2023-10-18T08:03:40+00:00","twitter_card":"summary_large_image","schema":{"@context":"https:\/\/schema.org","@graph":[{"@type":"WebPage","@id":"https:\/\/www.catedraldepamplona.com\/fr\/contacto\/","url":"https:\/\/www.catedraldepamplona.com\/fr\/contacto\/","name":"Contact - Catedral de Pamplona","isPartOf":{"@id":"https:\/\/www.catedraldepamplona.com\/#website"},"datePublished":"2016-05-30T08:37:57+00:00","dateModified":"2023-10-18T08:03:40+00:00","breadcrumb":{"@id":"https:\/\/www.catedraldepamplona.com\/fr\/contacto\/#breadcrumb"},"inLanguage":"fr-FR","potentialAction":[{"@type":"ReadAction","target":["https:\/\/www.catedraldepamplona.com\/fr\/contacto\/"]}]},{"@type":"BreadcrumbList","@id":"https:\/\/www.catedraldepamplona.com\/fr\/contacto\/#breadcrumb","itemListElement":[{"@type":"ListItem","position":1,"name":"Portada","item":"https:\/\/www.catedraldepamplona.com\/fr\/"},{"@type":"ListItem","position":2,"name":"Contact"}]},{"@type":"WebSite","@id":"https:\/\/www.catedraldepamplona.com\/#website","url":"https:\/\/www.catedraldepamplona.com\/","name":"Catedral de Pamplona","description":"P\u00e1gina oficial de la Catedral de Pamplona","potentialAction":[{"@type":"SearchAction","target":{"@type":"EntryPoint","urlTemplate":"https:\/\/www.catedraldepamplona.com\/?s={search_term_string}"},"query-input":"required name=search_term_string"}],"inLanguage":"fr-FR"}]}},"_links":{"self":[{"href":"https:\/\/www.catedraldepamplona.com\/fr\/wp-json\/wp\/v2\/pages\/1874"}],"collection":[{"href":"https:\/\/www.catedraldepamplona.com\/fr\/wp-json\/wp\/v2\/pages"}],"about":[{"href":"https:\/\/www.catedraldepamplona.com\/fr\/wp-json\/wp\/v2\/types\/page"}],"author":[{"embeddable":true,"href":"https:\/\/www.catedraldepamplona.com\/fr\/wp-json\/wp\/v2\/users\/1"}],"replies":[{"embeddable":true,"href":"https:\/\/www.catedraldepamplona.com\/fr\/wp-json\/wp\/v2\/comments?post=1874"}],"version-history":[{"count":10,"href":"https:\/\/www.catedraldepamplona.com\/fr\/wp-json\/wp\/v2\/pages\/1874\/revisions"}],"predecessor-version":[{"id":4438,"href":"https:\/\/www.catedraldepamplona.com\/fr\/wp-json\/wp\/v2\/pages\/1874\/revisions\/4438"}],"wp:attachment":[{"href":"https:\/\/www.catedraldepamplona.com\/fr\/wp-json\/wp\/v2\/media?parent=1874"}],"curies":[{"name":"wp","href":"https:\/\/api.w.org\/{rel}","templated":true}]}}