{"id":1747,"date":"2016-05-30T08:19:35","date_gmt":"2016-05-30T08:19:35","guid":{"rendered":"https:\/\/www.catedraldepamplona.com\/fr\/?page_id=1747"},"modified":"2023-10-15T10:49:14","modified_gmt":"2023-10-15T10:49:14","slug":"catedral","status":"publish","type":"page","link":"https:\/\/www.catedraldepamplona.com\/fr\/catedral\/","title":{"rendered":"CATH\u00c9DRALE DE PAMPELUNE"},"content":{"rendered":"<div class='row'><div style='padding-bottom:50px;' class='span12 first-module module_number_1 module_cont  module_html'>\n                <div class='module_content'>\n                    <img src=\"https:\/\/www.catedraldepamplona.com\/wp-content\/uploads\/CATEDRALPORTADA.webp\"\/>\n                <\/div><\/div><!-- .module_cont --><\/div><div class='row'><div style='padding-bottom:50px;' class='span12  module_number_2 module_cont  module_promo_text'>\n\t\t\t<div class=\"shortcode_promoblock  no_button_text  no_button_link \">\n\t\t\t\t<div class=\"promoblock_wrapper\">\n\t\t\t\t\t<div class=\"promo_text_block\">\n\t\t\t\t\t\t<div class=\"promo_text_block_wrapper\">\n\t\t\t\t\t\t\t<h3  class='promo_title'>Il y a trois raisons qui distinguent le complexe cath\u00e9drale de Pampelune du reste de ceux conserv\u00e9s en Espagne<br \/><br \/><\/h3>\n\t\t\t\t\t\t\t<span style='color:#000000 !important;'><strong>Son importance religieuse<\/strong> Puisque la cath\u00e9drale abrite la chaire \u00e9piscopale, elle est donc le chef des \u00e9glises du dioc\u00e8se et le centre de sa vie liturgique. <br \/><strong>Sa valeur artistique<\/strong> Eh bien, c\u00b4est l\u00b4ensemble monumental gothique le plus important de Navarre, son clo\u00eetre \u00e9tant l\u00b4un des plus significatifs, dans son style, au niveau europ\u00e9en et conservant \u00e9galement ses propres salles. .. de vie communautaire qui, dans d\u00b4autres cath\u00e9drales, furent d\u00e9molies \u00e0 la Renaissance. <br \/><strong>Sa valeur historique<\/strong> Pour le r\u00f4le qu\u00b4elle a jou\u00e9 dans l\u00b4ancien royaume de Navarre, accueillant les couronnements de ses rois, les mariages royaux et l\u00b4enterrement de beaucoup d\u00b4entre eux.<\/span>\n\t\t\t\t\t\t<\/div>\n\t\t\t\t\t<\/div>\n\t\t\t\t\t\t\n\t\t\t\t<\/div>\n\t\t\t<\/div>\n            <div class=\"clear\"><\/div>\n\t\t\t<\/div><!-- .module_cont --><\/div><div class='row'><div style='padding-bottom:50px;' class='span12  module_number_3 module_cont  module_promo_text'><div class='bg_title'><h1 style='' class='headInModule'>HORAIRES DE CULTE<\/h1><\/div>\n\t\t\t<div class=\"shortcode_promoblock  no_main_text  no_button_text  no_button_link \">\n\t\t\t\t<div class=\"promoblock_wrapper\">\n\t\t\t\t\t<div class=\"promo_text_block\">\n\t\t\t\t\t\t<div class=\"promo_text_block_wrapper\">\n\t\t\t\t\t\t\t<h3  class='promo_title'><\/h3>\n\t\t\t\t\t\t\t<span ><strong>En semaine:<\/strong> 09h30: Laudes et messe capitulaire 19h30: Chapelet des esclaves<strong> Samedi:<\/strong> 9h30: Laudes et messe capitulaire 19h30: Chapelet des esclaves 20h00: Messe<strong> Dimanches et jours f\u00e9ri\u00e9s:<\/strong> 10h00: Messe traditionnelle 11h30: Troisi\u00e8me chant 12h00: Messe capitulaire 19h30: Chapelet des esclaves<strong> CONFESSIONS - Canon p\u00e9nitentiaire:<\/strong> Du lundi au samedi: 9h30-10h15 et 19h30-20h00 Dimanches et jours f\u00e9ri\u00e9s: 11h15-13h00 et 19h30-20h00<\/span>\n\t\t\t\t\t\t<\/div>\n\t\t\t\t\t<\/div>\n\t\t\t\t\t\t\n\t\t\t\t<\/div>\n\t\t\t<\/div>\n            <div class=\"clear\"><\/div>\n\t\t\t<\/div><!-- .module_cont --><\/div><div class='row'><div style='padding-bottom:50px;' class='span6  module_number_4 module_cont  module_accordion'><div class='bg_title'><h5 style='color:#ef969a;' class='headInModule'>Chapitre<\/h5><\/div><div class='shortcode_accordion_shortcode accordion'><h5 data-count='1' class='shortcode_accordion_item_title expanded_no'>Coll\u00e8ge de clercs<span class='ico'><\/span><\/h5><div class='shortcode_accordion_item_body'><div class='ip'><p><img style=\"padding-bottom: 10px;\" src=\"\/wp-content\/uploads\/CABILDOPORTADA.webp\" \/><\/p>\r\n<p style=\"font-family: Roboto; margin: 0px 0px 7px; color: #7e7f81; font-size: 14px; line-height: 22px;\">La Cath&eacute;drale de Pampelune est gouvern&eacute;e par un <strong>coll&egrave;ge de pr&ecirc;tres <\/strong> appel&eacute;s canons (Code de droit canonique, c.503).<\/p>\r\n<p style=\"font-family: Roboto; margin: 0px 0px 7px; color: #7e7f81; font-size: 14px; line-height: 22px;\"><a href=\"\/fr\/catedral\/cabildo-catedralicio\/\"> Plus d'informations<\/a><\/p><\/div><\/div><h5 data-count='2' class='shortcode_accordion_item_title expanded_no'>Chanoines en activit\u00e9<span class='ico'><\/span><\/h5><div class='shortcode_accordion_item_body'><div class='ip'><p>Carlos Ayerra Sola (doyen, doctoral, ouvrier et directeur du mus&eacute;e)<\/p>\r\n<p>Juli&aacute;n Ayesa Gorri (organiste)<\/p>\r\n<p>Ram&oacute;n S&aacute;nchez Lumbier<\/p>\r\n<p>Jos&eacute; Antonio Go&ntilde;i Be&aacute;soain de Paulorena (pr&eacute;fet de liturgie)<\/p>\r\n<p>Alfredo L&oacute;pez Vallejos (archiviste-biblioth&eacute;caire)<\/p>\r\n<p>Francisco Javier Aizp&uacute;n Bobadilla (tr&eacute;sorier)<\/p>\r\n<p>Oscar Azcona Muneta<\/p>\r\n<p>Juan Tejero Ari&ntilde;o (secr&eacute;taire)<\/p>\r\n<p>Santiago Ignacio Quemada Serrano<\/p><\/div><\/div><h5 data-count='3' class='shortcode_accordion_item_title expanded_no'>Chanoines retrait\u00e9s<span class='ico'><\/span><\/h5><div class='shortcode_accordion_item_body'><div class='ip'><p>Aurelio Sagaseta Ar&iacute;ztegui<\/p>\r\n<p>Luis M&ordf; Oroz<\/p>\r\n<p>Julio Gorricho Moreno<\/p>\r\n<p>Jos&eacute; Luis Sales Tirapu<\/p><\/div><\/div><\/div><\/div><!-- .module_cont --><div style='padding-bottom:50px;' class='span6  module_number_5 module_cont  module_accordion'><div class='bg_title'><h5 style='color:#ef969a;' class='headInModule'>Chapelle musicale<\/h5><\/div><div class='shortcode_accordion_shortcode accordion'><h5 data-count='1' class='shortcode_accordion_item_title expanded_no'>Plus de 800 ans<span class='ico'><\/span><\/h5><div class='shortcode_accordion_item_body'><div class='ip'><p><img style=\"padding-bottom: 10px;\" src=\"\/wp-content\/uploads\/CABILDOPORTADA.webp\" \/><\/p>\r\n<p style=\"font-family: Roboto; margin: 0px 0px 7px; color: #7e7f81; font-size: 14px; line-height: 22px;\">La chapelle musicale de la cath&eacute;drale de Pampelune est <strong>la plus ancienne institution musicale en Navarre<\/strong><\/p>\r\n<p style=\"font-family: Roboto; margin: 0px 0px 7px; color: #7e7f81; font-size: 14px; line-height: 22px;\">Avec son propre orchestre jusqu'au milieu du 20e si&egrave;cle, il est Depuis plus de 800 ans, elle anime la partie musicale de ses c&eacute;l&eacute;brations liturgiques.<\/p>\r\n<p style=\"font-family: Roboto; margin: 0px 0px 7px; color: #7e7f81; font-size: 14px; line-height: 22px;\"><a href=\"\/fr\/catedral\/capilla-de-musica\/\">Plus d'informations<\/a><\/p><\/div><\/div><h5 data-count='2' class='shortcode_accordion_item_title expanded_no'>Web<span class='ico'><\/span><\/h5><div class='shortcode_accordion_item_body'><div class='ip'><p><a style=\"font-family: Roboto; text-decoration: none; outline: none; transition: color 250ms; color: #ef969a; font-size: 14px; line-height: 22px;\" href=\"http:\/\/www.capillademusicapamplona.com\/\" target=\"_blank\" rel=\"noopener\">www.capillademusicapamplona.com<\/a><\/p><\/div><\/div><\/div><\/div><!-- .module_cont --><\/div><div class='row'><div style='padding-bottom:50px;' class='span6  module_number_6 module_cont  module_accordion'><div class='bg_title'><h5 style='color:#ef969a;' class='headInModule'>Columbarium<\/h5><\/div><div class='shortcode_accordion_shortcode accordion'><h5 data-count='1' class='shortcode_accordion_item_title expanded_no'>Niches doubles ou simples<span class='ico'><\/span><\/h5><div class='shortcode_accordion_item_body'><div class='ip'><p><img style=\"padding-bottom: 10px;\" src=\"\/wp-content\/uploads\/COLUMBARIOPORTADA.webp\" \/><\/p>\r\n<p style=\"font-family: Roboto; margin: 0px 0px 7px; color: #7e7f81; font-size: 14px; line-height: 22px;\">La Cath&eacute;drale de Santa Mar&iacute;a de Pamplona poss&egrave;de des columbariums situ&eacute;s dans le <strong>clo&icirc;tre<\/strong>.<\/p>\r\n<p style=\"font-family: Roboto; margin: 0px 0px 7px; color: #7e7f81; font-size: 14px; line-height: 22px;\">Les niches sont doubles ou simples et peuvent &ecirc;tre accord&eacute;es pour<strong> 10 ans<\/strong> avec possibilit&eacute; de renouvellement jusqu'&agrave; 50.<\/p><\/div><\/div><h5 data-count='2' class='shortcode_accordion_item_title expanded_no'>Plus d&#039;informations<span class='ico'><\/span><\/h5><div class='shortcode_accordion_item_body'><div class='ip'><p style=\"font-family: Roboto; margin: 0px 0px 7px; color: #7e7f81; font-size: 14px; line-height: 22px;\">Secr&eacute;tariat &Eacute;conome Dioc&eacute;sain<\/p>\r\n<p style=\"font-family: Roboto; margin: 0px 0px 7px; color: #7e7f81; font-size: 14px; line-height: 22px;\">&nbsp;<a style=\"text-decoration: none; outline: none; transition: color 250ms; color: #ef969a;\" href=\"mailto:secretariaeconomo@iglesianavarra.org\">secretariaeconomo@iglesianavarra.org<\/a><\/p>\r\n<p style=\"font-family: Roboto; margin: 0px 0px 7px; color: #7e7f81; font-size: 14px; line-height: 22px;\">Plaza Sta. Mar&iacute;a la Real n&ordm; 1 \/ 31001 Pampelune<\/p>\r\n<p style=\"font-family: Roboto; margin: 0px 0px 7px; color: #7e7f81; font-size: 14px; line-height: 22px;\"><em>Telf<\/em>: 948 22 74 00 (Standard) 948 20 71 78 (Direct) \/&nbsp;<em>Fax<\/em>: 948 21 04 40<\/p><\/div><\/div><\/div><\/div><!-- .module_cont --><div style='padding-bottom:50px;' class='span6  module_number_7 module_cont  module_accordion'><div class='bg_title'><h5 style='color:#ef969a;' class='headInModule'>Le chemin de Saint-Jacques<\/h5><\/div><div class='shortcode_accordion_shortcode accordion'><h5 data-count='1' class='shortcode_accordion_item_title expanded_no'>Le premier du chemin<span class='ico'><\/span><\/h5><div class='shortcode_accordion_item_body'><div class='ip'><p><img style=\"padding-bottom: 10px;\" src=\"\/wp-content\/uploads\/CAMINOPORTADA.webp\" \/><\/p>\r\n<p style=\"font-family: Roboto; margin: 0px 0px 7px; color: #7e7f81; font-size: 14px; line-height: 22px;\">Celle de Pampelune est la<strong>premi&egrave;re cath&eacute;drale du Camino de Santiago<\/strong> par l'entr&eacute;e de Roncevaux &agrave; la p&eacute;ninsule.<\/p>\r\n<p style=\"font-family: Roboto; margin: 0px 0px 7px; color: #7e7f81; font-size: 14px; line-height: 22px;\">L'Archev&ecirc;ch&eacute; et la Librairie Dioc&eacute;saine mettent &agrave; la disposition des p&egrave;lerins le document officiel les lettres de cr&eacute;ance et la Cath&eacute;drale les scelle.<\/p>\r\n<p style=\"font-family: Roboto; marge: 0px 0px 7px; couleur: #7e7f81; taille de police: 14px; hauteur de ligne: 22px;\"><a href=\"\/fr\/el-camino-de-santiago\/\">Plus d'informations<\/a><\/p><\/div><\/div><\/div><\/div><!-- .module_cont --><\/div>","protected":false},"excerpt":{"rendered":"<p>Il y a trois raisons qui distinguent le complexe cath\u00e9drale de Pampelune du reste de ceux conserv\u00e9s en Espagne Son importance religieuse Puisque la cath\u00e9drale abrite la chaire \u00e9piscopale, elle est donc le chef des \u00e9glises du dioc\u00e8se et le centre de sa vie liturgique. Sa valeur artistique Eh bien, c\u00b4est l\u00b4ensemble monumental gothique le plus important de Navarre, son clo\u00eetre \u00e9tant l\u00b4un des plus significatifs, dans son style, au niveau europ\u00e9en et conservant \u00e9galement ses propres salles. .. de vie communautaire qui, dans d\u00b4autres cath\u00e9drales, furent d\u00e9molies \u00e0 la Renaissance. Sa valeur historique Pour le r\u00f4le qu\u00b4elle a jou\u00e9 dans l\u00b4ancien royaume de Navarre, accueillant les couronnements de ses rois, les mariages royaux et l\u00b4enterrement de beaucoup d\u00b4entre eux. HORAIRES DE CULTE En semaine: 09h30: Laudes et messe capitulaire 19h30: Chapelet des esclaves Samedi: 9h30: Laudes et messe capitulaire 19h30: Chapelet des esclaves 20h00: Messe Dimanches et jours f\u00e9ri\u00e9s: 10h00: Messe traditionnelle 11h30: Troisi\u00e8me chant 12h00: Messe capitulaire 19h30: Chapelet des esclaves CONFESSIONS &#8211; Canon p\u00e9nitentiaire: Du lundi au samedi: 9h30-10h15 et 19h30-20h00 Dimanches et jours f\u00e9ri\u00e9s: 11h15-13h00 et 19h30-20h00 ChapitreColl\u00e8ge de clercs La Cath&eacute;drale de Pampelune est gouvern&eacute;e par un coll&egrave;ge de pr&ecirc;tres appel&eacute;s canons (Code de droit [&hellip;]<\/p>\n","protected":false},"author":1,"featured_media":0,"parent":0,"menu_order":0,"comment_status":"closed","ping_status":"closed","template":"","meta":{"_monsterinsights_skip_tracking":false,"_monsterinsights_sitenote_active":false,"_monsterinsights_sitenote_note":"","_monsterinsights_sitenote_category":0},"yoast_head":"<!-- This site is optimized with the Yoast SEO plugin v21.0 - https:\/\/yoast.com\/wordpress\/plugins\/seo\/ -->\n<title>CATH\u00c9DRALE DE PAMPELUNE - Catedral de Pamplona<\/title>\n<meta name=\"robots\" content=\"index, follow, max-snippet:-1, max-image-preview:large, max-video-preview:-1\" \/>\n<link rel=\"canonical\" href=\"https:\/\/www.catedraldepamplona.com\/fr\/catedral\/\" \/>\n<meta property=\"og:locale\" content=\"fr_FR\" \/>\n<meta property=\"og:type\" content=\"article\" \/>\n<meta property=\"og:title\" content=\"CATH\u00c9DRALE DE PAMPELUNE - Catedral de Pamplona\" \/>\n<meta property=\"og:description\" content=\"Il y a trois raisons qui distinguent le complexe cath\u00e9drale de Pampelune du reste de ceux conserv\u00e9s en Espagne Son importance religieuse Puisque la cath\u00e9drale abrite la chaire \u00e9piscopale, elle est donc le chef des \u00e9glises du dioc\u00e8se et le centre de sa vie liturgique. Sa valeur artistique Eh bien, c\u00b4est l\u00b4ensemble monumental gothique le plus important de Navarre, son clo\u00eetre \u00e9tant l\u00b4un des plus significatifs, dans son style, au niveau europ\u00e9en et conservant \u00e9galement ses propres salles. .. de vie communautaire qui, dans d\u00b4autres cath\u00e9drales, furent d\u00e9molies \u00e0 la Renaissance. Sa valeur historique Pour le r\u00f4le qu\u00b4elle a jou\u00e9 dans l\u00b4ancien royaume de Navarre, accueillant les couronnements de ses rois, les mariages royaux et l\u00b4enterrement de beaucoup d\u00b4entre eux. HORAIRES DE CULTE En semaine: 09h30: Laudes et messe capitulaire 19h30: Chapelet des esclaves Samedi: 9h30: Laudes et messe capitulaire 19h30: Chapelet des esclaves 20h00: Messe Dimanches et jours f\u00e9ri\u00e9s: 10h00: Messe traditionnelle 11h30: Troisi\u00e8me chant 12h00: Messe capitulaire 19h30: Chapelet des esclaves CONFESSIONS - Canon p\u00e9nitentiaire: Du lundi au samedi: 9h30-10h15 et 19h30-20h00 Dimanches et jours f\u00e9ri\u00e9s: 11h15-13h00 et 19h30-20h00 ChapitreColl\u00e8ge de clercs La Cath&eacute;drale de Pampelune est gouvern&eacute;e par un coll&egrave;ge de pr&ecirc;tres appel&eacute;s canons (Code de droit [&hellip;]\" \/>\n<meta property=\"og:url\" content=\"https:\/\/www.catedraldepamplona.com\/fr\/catedral\/\" \/>\n<meta property=\"og:site_name\" content=\"Catedral de Pamplona\" \/>\n<meta property=\"article:modified_time\" content=\"2023-10-15T10:49:14+00:00\" \/>\n<meta name=\"twitter:card\" content=\"summary_large_image\" \/>\n<script type=\"application\/ld+json\" class=\"yoast-schema-graph\">{\"@context\":\"https:\/\/schema.org\",\"@graph\":[{\"@type\":\"WebPage\",\"@id\":\"https:\/\/www.catedraldepamplona.com\/fr\/catedral\/\",\"url\":\"https:\/\/www.catedraldepamplona.com\/fr\/catedral\/\",\"name\":\"CATH\u00c9DRALE DE PAMPELUNE - Catedral de Pamplona\",\"isPartOf\":{\"@id\":\"https:\/\/www.catedraldepamplona.com\/#website\"},\"datePublished\":\"2016-05-30T08:19:35+00:00\",\"dateModified\":\"2023-10-15T10:49:14+00:00\",\"breadcrumb\":{\"@id\":\"https:\/\/www.catedraldepamplona.com\/fr\/catedral\/#breadcrumb\"},\"inLanguage\":\"fr-FR\",\"potentialAction\":[{\"@type\":\"ReadAction\",\"target\":[\"https:\/\/www.catedraldepamplona.com\/fr\/catedral\/\"]}]},{\"@type\":\"BreadcrumbList\",\"@id\":\"https:\/\/www.catedraldepamplona.com\/fr\/catedral\/#breadcrumb\",\"itemListElement\":[{\"@type\":\"ListItem\",\"position\":1,\"name\":\"Portada\",\"item\":\"https:\/\/www.catedraldepamplona.com\/fr\/\"},{\"@type\":\"ListItem\",\"position\":2,\"name\":\"CATH\u00c9DRALE DE PAMPELUNE\"}]},{\"@type\":\"WebSite\",\"@id\":\"https:\/\/www.catedraldepamplona.com\/#website\",\"url\":\"https:\/\/www.catedraldepamplona.com\/\",\"name\":\"Catedral de Pamplona\",\"description\":\"P\u00e1gina oficial de la Catedral de Pamplona\",\"potentialAction\":[{\"@type\":\"SearchAction\",\"target\":{\"@type\":\"EntryPoint\",\"urlTemplate\":\"https:\/\/www.catedraldepamplona.com\/?s={search_term_string}\"},\"query-input\":\"required name=search_term_string\"}],\"inLanguage\":\"fr-FR\"}]}<\/script>\n<!-- \/ Yoast SEO plugin. -->","yoast_head_json":{"title":"CATH\u00c9DRALE DE PAMPELUNE - Catedral de Pamplona","robots":{"index":"index","follow":"follow","max-snippet":"max-snippet:-1","max-image-preview":"max-image-preview:large","max-video-preview":"max-video-preview:-1"},"canonical":"https:\/\/www.catedraldepamplona.com\/fr\/catedral\/","og_locale":"fr_FR","og_type":"article","og_title":"CATH\u00c9DRALE DE PAMPELUNE - Catedral de Pamplona","og_description":"Il y a trois raisons qui distinguent le complexe cath\u00e9drale de Pampelune du reste de ceux conserv\u00e9s en Espagne Son importance religieuse Puisque la cath\u00e9drale abrite la chaire \u00e9piscopale, elle est donc le chef des \u00e9glises du dioc\u00e8se et le centre de sa vie liturgique. Sa valeur artistique Eh bien, c\u00b4est l\u00b4ensemble monumental gothique le plus important de Navarre, son clo\u00eetre \u00e9tant l\u00b4un des plus significatifs, dans son style, au niveau europ\u00e9en et conservant \u00e9galement ses propres salles. .. de vie communautaire qui, dans d\u00b4autres cath\u00e9drales, furent d\u00e9molies \u00e0 la Renaissance. Sa valeur historique Pour le r\u00f4le qu\u00b4elle a jou\u00e9 dans l\u00b4ancien royaume de Navarre, accueillant les couronnements de ses rois, les mariages royaux et l\u00b4enterrement de beaucoup d\u00b4entre eux. HORAIRES DE CULTE En semaine: 09h30: Laudes et messe capitulaire 19h30: Chapelet des esclaves Samedi: 9h30: Laudes et messe capitulaire 19h30: Chapelet des esclaves 20h00: Messe Dimanches et jours f\u00e9ri\u00e9s: 10h00: Messe traditionnelle 11h30: Troisi\u00e8me chant 12h00: Messe capitulaire 19h30: Chapelet des esclaves CONFESSIONS - Canon p\u00e9nitentiaire: Du lundi au samedi: 9h30-10h15 et 19h30-20h00 Dimanches et jours f\u00e9ri\u00e9s: 11h15-13h00 et 19h30-20h00 ChapitreColl\u00e8ge de clercs La Cath&eacute;drale de Pampelune est gouvern&eacute;e par un coll&egrave;ge de pr&ecirc;tres appel&eacute;s canons (Code de droit [&hellip;]","og_url":"https:\/\/www.catedraldepamplona.com\/fr\/catedral\/","og_site_name":"Catedral de Pamplona","article_modified_time":"2023-10-15T10:49:14+00:00","twitter_card":"summary_large_image","schema":{"@context":"https:\/\/schema.org","@graph":[{"@type":"WebPage","@id":"https:\/\/www.catedraldepamplona.com\/fr\/catedral\/","url":"https:\/\/www.catedraldepamplona.com\/fr\/catedral\/","name":"CATH\u00c9DRALE DE PAMPELUNE - Catedral de Pamplona","isPartOf":{"@id":"https:\/\/www.catedraldepamplona.com\/#website"},"datePublished":"2016-05-30T08:19:35+00:00","dateModified":"2023-10-15T10:49:14+00:00","breadcrumb":{"@id":"https:\/\/www.catedraldepamplona.com\/fr\/catedral\/#breadcrumb"},"inLanguage":"fr-FR","potentialAction":[{"@type":"ReadAction","target":["https:\/\/www.catedraldepamplona.com\/fr\/catedral\/"]}]},{"@type":"BreadcrumbList","@id":"https:\/\/www.catedraldepamplona.com\/fr\/catedral\/#breadcrumb","itemListElement":[{"@type":"ListItem","position":1,"name":"Portada","item":"https:\/\/www.catedraldepamplona.com\/fr\/"},{"@type":"ListItem","position":2,"name":"CATH\u00c9DRALE DE PAMPELUNE"}]},{"@type":"WebSite","@id":"https:\/\/www.catedraldepamplona.com\/#website","url":"https:\/\/www.catedraldepamplona.com\/","name":"Catedral de Pamplona","description":"P\u00e1gina oficial de la Catedral de Pamplona","potentialAction":[{"@type":"SearchAction","target":{"@type":"EntryPoint","urlTemplate":"https:\/\/www.catedraldepamplona.com\/?s={search_term_string}"},"query-input":"required name=search_term_string"}],"inLanguage":"fr-FR"}]}},"_links":{"self":[{"href":"https:\/\/www.catedraldepamplona.com\/fr\/wp-json\/wp\/v2\/pages\/1747"}],"collection":[{"href":"https:\/\/www.catedraldepamplona.com\/fr\/wp-json\/wp\/v2\/pages"}],"about":[{"href":"https:\/\/www.catedraldepamplona.com\/fr\/wp-json\/wp\/v2\/types\/page"}],"author":[{"embeddable":true,"href":"https:\/\/www.catedraldepamplona.com\/fr\/wp-json\/wp\/v2\/users\/1"}],"replies":[{"embeddable":true,"href":"https:\/\/www.catedraldepamplona.com\/fr\/wp-json\/wp\/v2\/comments?post=1747"}],"version-history":[{"count":3,"href":"https:\/\/www.catedraldepamplona.com\/fr\/wp-json\/wp\/v2\/pages\/1747\/revisions"}],"predecessor-version":[{"id":4867,"href":"https:\/\/www.catedraldepamplona.com\/fr\/wp-json\/wp\/v2\/pages\/1747\/revisions\/4867"}],"wp:attachment":[{"href":"https:\/\/www.catedraldepamplona.com\/fr\/wp-json\/wp\/v2\/media?parent=1747"}],"curies":[{"name":"wp","href":"https:\/\/api.w.org\/{rel}","templated":true}]}}