{"id":1721,"date":"2017-01-27T17:23:29","date_gmt":"2017-01-27T17:23:29","guid":{"rendered":"https:\/\/www.catedraldepamplona.com\/fr\/?page_id=1721"},"modified":"2023-10-16T09:19:59","modified_gmt":"2023-10-16T09:19:59","slug":"cloches-tour-sud","status":"publish","type":"page","link":"https:\/\/www.catedraldepamplona.com\/fr\/el-museo\/estancias\/cloches-tour-sud\/","title":{"rendered":"37 CLOCHES TOUR SUD"},"content":{"rendered":"<p><img decoding=\"async\" loading=\"lazy\" class=\"alignnone size-full wp-image-130\" src=\"https:\/\/www.catedraldepamplona.com\/wp-content\/uploads\/TORRESUR.webp\" alt=\"torres\" width=\"940\" height=\"500\"><\/p>\n<p><strong>Cloche de(s) 9 heures <\/strong><\/p>\n<p><u>Dimensions :<\/u> 1,21 m de diam\u00e8tre par 1,10 m de hauteur du vase.<\/p>\n<p><u>Poids<\/u> : environ 436 Kg<\/p>\n<p><u>Nom: <\/u>avec elle on sonne le premier coup de neuf heures pour appeler les chanoines \u00e0 la pri\u00e8re quotidienne des Louanges, qui a lieu \u00e0 neuf heures et demi.<\/p>\n<p><u>Ann\u00e9e de fonte :<\/u> 1609 par Juan de Villanueva.<\/p>\n<p><strong>Cimbalilla<\/strong><\/p>\n<p><u>Dimensions :<\/u> 0,50 m de diam\u00e8tre par 0,60 m de hauteur du vase.<\/p>\n<p><u>Poids<\/u> : environ 72 Kg<\/p>\n<p><u>Nom :<\/u> Son nom, qui signifie &lsquo;clochette&rsquo;, est d\u00fb \u00e0 sa petite taille et \u00e0 sa forme allong\u00e9e.<\/p>\n<p><u>Utilisation <\/u>: cette cloche servait \u00e0 donner le signal pour que les autres cloches des tours commenc\u00e8rent \u00e0 sonner. C\u2019est pourquoi, contrairement aux autres cloches, sa corde se trouvait \u00e0 l&rsquo;ext\u00e9rieur de la tour jusqu\u2019\u00e0 une fen\u00eatre de la maison du sonneur de cloches de laquelle on voyait l\u2019autel majeur.<\/p>\n<p><u>Ann\u00e9e de fonte :<\/u> 1609 probablement aussi par Juan de Villanueva.<\/p>\n<p><strong>La Juana<\/strong><\/p>\n<p><u>Dimensions :<\/u> 1,30 m de diam\u00e8tre par 1,25 m de hauteur du vase.<\/p>\n<p><u>Poids<\/u> : environ 833 Kg<\/p>\n<p><u>Nom <\/u>: de l\u2019invocation \u00e0 saint Jean Baptiste qui est grav\u00e9 dessus en latin : \u00ab&nbsp;Saint Jean Baptiste, priez pour nous&nbsp;\u00bb.<\/p>\n<p><u>Ann\u00e9e de fonte :<\/u> 1792 par Jos\u00e9 Marcourt.<\/p>\n<p><strong>En argent<\/strong><\/p>\n<p><u>Dimensions :<\/u> 0,80 m de diam\u00e8tre par 0,80 m de hauteur du vase.<\/p>\n<p><u>Poids<\/u> : environ 319 Kg<\/p>\n<p><u>Nom<\/u> : il vient s\u00fbrement de sa couleur originale, plus blanch\u00e2tre.<\/p>\n<p><u>Utilisation<\/u> : on l\u2019utilisait conjointement avec la cloche des enfants, lorsqu\u2019un enfant d\u00e9c\u00e9dait avant d&rsquo;atteindre l\u2019\u00e2ge de raison.<\/p>\n<p><u>Ann\u00e9e de fonte :<\/u> 1792 par Jos\u00e9 Marcourt.<\/p>\n<p><strong>Pri\u00e8res<\/strong><\/p>\n<p><u>Dimensions :<\/u> 1,50 m de diam\u00e8tre par 1,30 m de hauteur du vase.<\/p>\n<p><u>Poids<\/u> : environ 1&nbsp;331 Kg<\/p>\n<p><u>Nom<\/u> : en raison de son utilisation quotidienne.<\/p>\n<p><u>Utilisation<\/u> : on l\u2019utilisait pour sonner les pri\u00e8res des jours ouvr\u00e9s, des dimanches et des f\u00eates de moindre importance.<\/p>\n<p><u>Ann\u00e9e de fonte :<\/u> 1802 par Bernardo de Mendoza \u00e0 partir d\u2019une autre cloche qui s\u2019\u00e9tait fendue.<\/p>\n<p><strong>Gabriela<\/strong><\/p>\n<p><u>Dimensions :<\/u> 1,67 m de diam\u00e8tre par 1,35 m de hauteur du vase.<\/p>\n<p><u>Poids <\/u>: environ 2.697 Kg<\/p>\n<p><u>Nom <\/u>: elle re\u00e7oit son nom de l\u2019archange saint Gabriel dont le message de l\u2019Incarnation se trouve int\u00e9gralement grav\u00e9 en latin \u00e0 m\u00eame la cloche.<\/p>\n<p><u>Utilisation<\/u> : elle est fendue. Elle a probablement \u00e9t\u00e9 fendue suite \u00e0 une c\u00e9l\u00e9bration qui a dur\u00e9 des heures \u00e0 l\u2019occasion de la nuit du passage du XIXe au XXe si\u00e8cle.<\/p>\n<p><u>Ann\u00e9e de fonte :<\/u> 18 juillet 1519<\/p>\n<p><strong>Cloche des enfants<\/strong><\/p>\n<p><u>Dimensions :<\/u> 0,80 m de diam\u00e8tre par 0,75 m de hauteur du vase.<\/p>\n<p><u>Poids<\/u> : environ 225 Kg<\/p>\n<p><u>Nom<\/u> : il vient de son utilisation particuli\u00e8re<\/p>\n<p><u>Utilisation <\/u>: avec la cloche en argent lorsqu\u2019un enfant d\u00e9c\u00e9dait.<\/p>\n<p><u>Ann\u00e9e de fonte :<\/u> 1792 par Jos\u00e9 Marcourt.<\/p>\n<p><strong>Sainte Barbe<\/strong><\/p>\n<p><u>Dimensions :<\/u> 0,51 m de diam\u00e8tre par 0,59 m de hauteur du vase.<\/p>\n<p><u>Poids<\/u> : environ 77 Kg<\/p>\n<p><u>Nom <\/u>: de l\u2019invocation \u00e0 sainte Barbe qui est grav\u00e9e dessus en latin :<\/p>\n<p><u>Utilisation <\/u>: lorsqu\u2019il y avait des orages. Sainte Barbe, selon la tradition, est la sainte protectrice contre les orages.<\/p>\n<p><u>Ann\u00e9e de fonte :<\/u> 1836.<\/p>\n<p>Urs\u00faa Irigoyen, I., <em>Las campanas de la catedral de Pamplona<\/em>, Pampelune, Chapelle de Musique, Cath\u00e9drale Mus\u00e9e de Pampelune, 1984. <a href=\"https:\/\/dialnet.unirioja.es\/servlet\/libro?codigo=212173\">https:\/\/dialnet.unirioja.es\/servlet\/libro?codigo=212173<\/a><\/p>\n<p><a href=\"http:\/\/campaners.com\/php\/campanar.php?numer=336\">http:\/\/campaners.com\/php\/campanar.php?numer=336<\/a><\/p>\n<hr style=\"margin-top: 20px; margin-bottom: 20px; color: #ccc;\">\n<div class='row'><div style='padding-bottom:50px;' class='span6 first-module module_number_1 module_cont  module_contact_info'><ul class='contact_info_list'><li class='contact_info_item'><div class='contact_info_wrapper'><span class='contact_info_icon' style='background:#68669f;'><i style='color:#68669f' class='icon-circle'><\/i><\/span><div class=\"contact_info_text\"><a href=\"\/fr\/el-museo\/estancias\/fachada\/\">0 FA\u00c7ADE<\/a><\/div><\/div><\/li><li class='contact_info_item'><div class='contact_info_wrapper'><span class='contact_info_icon' style='background:#68669f;'><i style='color:#68669f' class='icon-circle'><\/i><\/span><div class=\"contact_info_text\"><a href=\"\/fr\/el-museo\/estancias\/campanas-torre-norte\/\">1 CLOCHES TOUR NORD<\/a><\/div><\/div><\/li><li class='contact_info_item'><div class='contact_info_wrapper'><span class='contact_info_icon' style='background:#68669f;'><i style='color:#68669f' class='icon-circle'><\/i><\/span><div class=\"contact_info_text\"><a href=\"\/fr\/el-museo\/estancias\/capilla-de-san-juan-bautista\/\">2 CHAPELLE DE SAINT JEAN BAPTISTE<\/a><\/div><\/div><\/li><li class='contact_info_item'><div class='contact_info_wrapper'><span class='contact_info_icon' style='background:#68669f;'><i style='color:#68669f' class='icon-circle'><\/i><\/span><div class=\"contact_info_text\"><a href=\"\/fr\/el-museo\/estancias\/capilla-de-santa-cristina\/\">3 CHAPELLE DE SAINTE CHRISTINE<\/a><\/div><\/div><\/li><li class='contact_info_item'><div class='contact_info_wrapper'><span class='contact_info_icon' style='background:#68669f;'><i style='color:#68669f' class='icon-circle'><\/i><\/span><div class=\"contact_info_text\"><a href=\"\/fr\/el-museo\/estancias\/capilla-de-san-jose\/\">4 CHAPELLE DE SAINT JOSEPH<\/a><\/div><\/div><\/li><li class='contact_info_item'><div class='contact_info_wrapper'><span class='contact_info_icon' style='background:#68669f;'><i style='color:#68669f' class='icon-circle'><\/i><\/span><div class=\"contact_info_text\"><a href=\"\/fr\/el-museo\/estancias\/mausoleo-real\/\">5 MAUSOL\u00c9E ROYAL<\/a><\/div><\/div><\/li><li class='contact_info_item'><div class='contact_info_wrapper'><span class='contact_info_icon' style='background:#68669f;'><i style='color:#68669f' class='icon-circle'><\/i><\/span><div class=\"contact_info_text\"><a href=\"\/fr\/el-museo\/estancias\/capilla-de-san-martin\/\">6 CHAPELLE DE SAINT MARTIN<\/a><\/div><\/div><\/li><li class='contact_info_item'><div class='contact_info_wrapper'><span class='contact_info_icon' style='background:#68669f;'><i style='color:#68669f' class='icon-circle'><\/i><\/span><div class=\"contact_info_text\"><a href=\"\/fr\/el-museo\/estancias\/brazo-norte-del-crucero\/\">7 BRAS NORD DE LA CROIS\u00c9E <\/a><\/div><\/div><\/li><li class='contact_info_item'><div class='contact_info_wrapper'><span class='contact_info_icon' style='background:#68669f;'><i style='color:#68669f' class='icon-circle'><\/i><\/span><div class=\"contact_info_text\"><a href=\"\/fr\/el-museo\/estancias\/presbiterio\/\">8 PRESBYT\u00c8RE<\/a><\/div><\/div><\/li><li class='contact_info_item'><div class='contact_info_wrapper'><span class='contact_info_icon' style='background:#68669f;'><i style='color:#68669f' class='icon-circle'><\/i><\/span><div class=\"contact_info_text\"><a href=\"\/fr\/el-museo\/estancias\/girola\/\">10 LE D\u00c9AMBULATOIRE<\/a><\/div><\/div><\/li><li class='contact_info_item'><div class='contact_info_wrapper'><span class='contact_info_icon' style='background:#68669f;'><i style='color:#68669f' class='icon-circle'><\/i><\/span><div class=\"contact_info_text\"><a href=\"\/fr\/el-museo\/estancias\/capilla-del-santisimo\/\">13 CHAPELLE DU TR\u00c8S SAINT<\/a><\/div><\/div><\/li><\/ul><\/div><!-- .module_cont --><div style='padding-bottom:50px;' class='span6  module_number_2 module_cont  module_contact_info'><ul class='contact_info_list'><li class='contact_info_item'><div class='contact_info_wrapper'><span class='contact_info_icon' style='background:#68669f;'><i style='color:#68669f' class='icon-circle'><\/i><\/span><div class=\"contact_info_text\"><a href=\"\/fr\/el-museo\/estancias\/cilleria\/\">16 CELLIER<\/a><\/div><\/div><\/li><li class='contact_info_item'><div class='contact_info_wrapper'><span class='contact_info_icon' style='background:#68669f;'><i style='color:#68669f' class='icon-circle'><\/i><\/span><div class=\"contact_info_text\"><a href=\"\/fr\/el-museo\/estancias\/claustro-y-sobreclaustro\/\">18 CLO\u00ceTRE<\/a><\/div><\/div><\/li><li class='contact_info_item'><div class='contact_info_wrapper'><span class='contact_info_icon' style='background:#68669f;'><i style='color:#68669f' class='icon-circle'><\/i><\/span><div class=\"contact_info_text\"><a href=\"\/fr\/el-museo\/estancias\/antigua-residencia-episcopal\/\">19 ANCIENNE R\u00c9SIDENCE \u00c9PISCOPALE<\/a><\/div><\/div><\/li><li class='contact_info_item'><div class='contact_info_wrapper'><span class='contact_info_icon' style='background:#68669f;'><i style='color:#68669f' class='icon-circle'><\/i><\/span><div class=\"contact_info_text\"><a href=\"\/fr\/el-museo\/estancias\/refectorio\/\">29 R\u00c9FECTOIRE<\/a><\/div><\/div><\/li><li class='contact_info_item'><div class='contact_info_wrapper'><span class='contact_info_icon' style='background:#68669f;'><i style='color:#68669f' class='icon-circle'><\/i><\/span><div class=\"contact_info_text\"><a href=\"\/fr\/el-museo\/estancias\/cocina\/\">30 CUISINE<\/a><\/div><\/div><\/li><li class='contact_info_item'><div class='contact_info_wrapper'><span class='contact_info_icon' style='background:#68669f;'><i style='color:#68669f' class='icon-circle'><\/i><\/span><div class=\"contact_info_text\"><a href=\"\/fr\/el-museo\/estancias\/capilla-barbazana\/\">32 CHAPELLE BARBAZANA<\/a><\/div><\/div><\/li><li class='contact_info_item'><div class='contact_info_wrapper'><span class='contact_info_icon' style='background:#68669f;'><i style='color:#68669f' class='icon-circle'><\/i><\/span><div class=\"contact_info_text\"><a href=\"\/fr\/el-museo\/estancias\/capilla-de-san-juan-evangelista\/\">34 CHAPELLE DE SAINT JEAN L\u00b4EVANG\u00c9LISTE<\/a><\/div><\/div><\/li><li class='contact_info_item'><div class='contact_info_wrapper'><span class='contact_info_icon' style='background:#68669f;'><i style='color:#68669f' class='icon-circle'><\/i><\/span><div class=\"contact_info_text\"><a href=\"\/fr\/el-museo\/estancias\/capilla-de-santa-catalina\/\">35 CHAPELLE DE SAINTE CATHERINE<\/a><\/div><\/div><\/li><li class='contact_info_item'><div class='contact_info_wrapper'><span class='contact_info_icon' style='background:#68669f;'><i style='color:#ffffff' class='icon-circle'><\/i><\/span><div class=\"contact_info_text\">37 CLOCHES TOUR SUD<\/div><\/div><\/li><li class='contact_info_item'><div class='contact_info_wrapper'><span class='contact_info_icon' style='background:#68669f;'><i style='color:#68669f' class='icon-circle'><\/i><\/span><div class=\"contact_info_text\"><a href=\"\/fr\/el-museo\/estancias\/puerta-de-san-jose\/\">39 PORTE DE SAINT JOSEPH<\/a><\/div><\/div><\/li><li class='contact_info_item'><div class='contact_info_wrapper'><span class='contact_info_icon' style='background:#68669f;'><i style='color:#68669f' class='icon-circle'><\/i><\/span><div class=\"contact_info_text\"><a href=\"\/fr\/el-museo\/estancias\/sacristia-mayor\/\">40 SACRISTIE MAJEURE<\/a><\/div><\/div><\/li><\/ul><\/div><!-- .module_cont --><\/div><div class='row'><div style='padding-bottom:50px;' class='span12  module_number_3 module_cont  module_html'>\n                <div class='module_content'>\n                    <a href=\"https:\/\/www.catedraldepamplona.com\/fr\/el-museo\/plano\/\"><img src=\"https:\/\/www.catedraldepamplona.com\/wp-content\/uploads\/PLANOCATEDRALfrNEW.webp\" width=\"100%\" \/><\/a>\n                <\/div><\/div><!-- .module_cont --><\/div>","protected":false},"excerpt":{"rendered":"<p>Cloche de(s) 9 heures Dimensions : 1,21 m de diam\u00e8tre par 1,10 m de hauteur du vase. Poids : environ 436 Kg Nom: avec elle on sonne le premier coup de neuf heures pour appeler les chanoines \u00e0 la pri\u00e8re quotidienne des Louanges, qui a lieu \u00e0 neuf heures et demi. Ann\u00e9e de fonte : 1609 par Juan de Villanueva. Cimbalilla Dimensions : 0,50 m de diam\u00e8tre par 0,60 m de hauteur du vase. Poids : environ 72 Kg Nom : Son nom, qui signifie &lsquo;clochette&rsquo;, est d\u00fb \u00e0 sa petite taille et \u00e0 sa forme allong\u00e9e. Utilisation : cette cloche servait \u00e0 donner le signal pour que les autres cloches des tours commenc\u00e8rent \u00e0 sonner. C\u2019est pourquoi, contrairement aux autres cloches, sa corde se trouvait \u00e0 l&rsquo;ext\u00e9rieur de la tour jusqu\u2019\u00e0 une fen\u00eatre de la maison du sonneur de cloches de laquelle on voyait l\u2019autel majeur. Ann\u00e9e de fonte : 1609 probablement aussi par Juan de Villanueva. La Juana Dimensions : 1,30 m de diam\u00e8tre par 1,25 m de hauteur du vase. Poids : environ 833 Kg Nom : de l\u2019invocation \u00e0 saint Jean Baptiste qui est grav\u00e9 dessus en latin : \u00ab&nbsp;Saint Jean Baptiste, priez pour nous&nbsp;\u00bb. Ann\u00e9e [&hellip;]<\/p>\n","protected":false},"author":1,"featured_media":0,"parent":1904,"menu_order":22,"comment_status":"closed","ping_status":"closed","template":"","meta":{"_monsterinsights_skip_tracking":false,"_monsterinsights_sitenote_active":false,"_monsterinsights_sitenote_note":"","_monsterinsights_sitenote_category":0},"yoast_head":"<!-- This site is optimized with the Yoast SEO plugin v21.0 - https:\/\/yoast.com\/wordpress\/plugins\/seo\/ -->\n<title>37 CLOCHES TOUR SUD - Catedral de Pamplona<\/title>\n<meta name=\"robots\" content=\"index, follow, max-snippet:-1, max-image-preview:large, max-video-preview:-1\" \/>\n<link rel=\"canonical\" href=\"https:\/\/www.catedraldepamplona.com\/fr\/el-museo\/estancias\/cloches-tour-sud\/\" \/>\n<meta property=\"og:locale\" content=\"fr_FR\" \/>\n<meta property=\"og:type\" content=\"article\" \/>\n<meta property=\"og:title\" content=\"37 CLOCHES TOUR SUD - Catedral de Pamplona\" \/>\n<meta property=\"og:description\" content=\"Cloche de(s) 9 heures Dimensions : 1,21 m de diam\u00e8tre par 1,10 m de hauteur du vase. Poids : environ 436 Kg Nom: avec elle on sonne le premier coup de neuf heures pour appeler les chanoines \u00e0 la pri\u00e8re quotidienne des Louanges, qui a lieu \u00e0 neuf heures et demi. Ann\u00e9e de fonte : 1609 par Juan de Villanueva. Cimbalilla Dimensions : 0,50 m de diam\u00e8tre par 0,60 m de hauteur du vase. Poids : environ 72 Kg Nom : Son nom, qui signifie &lsquo;clochette&rsquo;, est d\u00fb \u00e0 sa petite taille et \u00e0 sa forme allong\u00e9e. Utilisation : cette cloche servait \u00e0 donner le signal pour que les autres cloches des tours commenc\u00e8rent \u00e0 sonner. C\u2019est pourquoi, contrairement aux autres cloches, sa corde se trouvait \u00e0 l&rsquo;ext\u00e9rieur de la tour jusqu\u2019\u00e0 une fen\u00eatre de la maison du sonneur de cloches de laquelle on voyait l\u2019autel majeur. Ann\u00e9e de fonte : 1609 probablement aussi par Juan de Villanueva. La Juana Dimensions : 1,30 m de diam\u00e8tre par 1,25 m de hauteur du vase. Poids : environ 833 Kg Nom : de l\u2019invocation \u00e0 saint Jean Baptiste qui est grav\u00e9 dessus en latin : \u00ab&nbsp;Saint Jean Baptiste, priez pour nous&nbsp;\u00bb. Ann\u00e9e [&hellip;]\" \/>\n<meta property=\"og:url\" content=\"https:\/\/www.catedraldepamplona.com\/fr\/el-museo\/estancias\/cloches-tour-sud\/\" \/>\n<meta property=\"og:site_name\" content=\"Catedral de Pamplona\" \/>\n<meta property=\"article:modified_time\" content=\"2023-10-16T09:19:59+00:00\" \/>\n<meta property=\"og:image\" content=\"https:\/\/www.catedraldepamplona.com\/wp-content\/uploads\/TORRESUR.webp\" \/>\n<meta name=\"twitter:card\" content=\"summary_large_image\" \/>\n<meta name=\"twitter:label1\" content=\"Dur\u00e9e de lecture estim\u00e9e\" \/>\n\t<meta name=\"twitter:data1\" content=\"3 minutes\" \/>\n<script type=\"application\/ld+json\" class=\"yoast-schema-graph\">{\"@context\":\"https:\/\/schema.org\",\"@graph\":[{\"@type\":\"WebPage\",\"@id\":\"https:\/\/www.catedraldepamplona.com\/fr\/el-museo\/estancias\/cloches-tour-sud\/\",\"url\":\"https:\/\/www.catedraldepamplona.com\/fr\/el-museo\/estancias\/cloches-tour-sud\/\",\"name\":\"37 CLOCHES TOUR SUD - Catedral de Pamplona\",\"isPartOf\":{\"@id\":\"https:\/\/www.catedraldepamplona.com\/#website\"},\"datePublished\":\"2017-01-27T17:23:29+00:00\",\"dateModified\":\"2023-10-16T09:19:59+00:00\",\"breadcrumb\":{\"@id\":\"https:\/\/www.catedraldepamplona.com\/fr\/el-museo\/estancias\/cloches-tour-sud\/#breadcrumb\"},\"inLanguage\":\"fr-FR\",\"potentialAction\":[{\"@type\":\"ReadAction\",\"target\":[\"https:\/\/www.catedraldepamplona.com\/fr\/el-museo\/estancias\/cloches-tour-sud\/\"]}]},{\"@type\":\"BreadcrumbList\",\"@id\":\"https:\/\/www.catedraldepamplona.com\/fr\/el-museo\/estancias\/cloches-tour-sud\/#breadcrumb\",\"itemListElement\":[{\"@type\":\"ListItem\",\"position\":1,\"name\":\"Portada\",\"item\":\"https:\/\/www.catedraldepamplona.com\/fr\/\"},{\"@type\":\"ListItem\",\"position\":2,\"name\":\"LE MUS\u00c9E DE LA CATH\u00c9DRALE DE PAMPELUNE\",\"item\":\"https:\/\/www.catedraldepamplona.com\/fr\/el-museo\/\"},{\"@type\":\"ListItem\",\"position\":3,\"name\":\"SALLES PRINCIPALES\",\"item\":\"https:\/\/www.catedraldepamplona.com\/fr\/el-museo\/estancias\/\"},{\"@type\":\"ListItem\",\"position\":4,\"name\":\"37 CLOCHES TOUR SUD\"}]},{\"@type\":\"WebSite\",\"@id\":\"https:\/\/www.catedraldepamplona.com\/#website\",\"url\":\"https:\/\/www.catedraldepamplona.com\/\",\"name\":\"Catedral de Pamplona\",\"description\":\"P\u00e1gina oficial de la Catedral de Pamplona\",\"potentialAction\":[{\"@type\":\"SearchAction\",\"target\":{\"@type\":\"EntryPoint\",\"urlTemplate\":\"https:\/\/www.catedraldepamplona.com\/?s={search_term_string}\"},\"query-input\":\"required name=search_term_string\"}],\"inLanguage\":\"fr-FR\"}]}<\/script>\n<!-- \/ Yoast SEO plugin. -->","yoast_head_json":{"title":"37 CLOCHES TOUR SUD - Catedral de Pamplona","robots":{"index":"index","follow":"follow","max-snippet":"max-snippet:-1","max-image-preview":"max-image-preview:large","max-video-preview":"max-video-preview:-1"},"canonical":"https:\/\/www.catedraldepamplona.com\/fr\/el-museo\/estancias\/cloches-tour-sud\/","og_locale":"fr_FR","og_type":"article","og_title":"37 CLOCHES TOUR SUD - Catedral de Pamplona","og_description":"Cloche de(s) 9 heures Dimensions : 1,21 m de diam\u00e8tre par 1,10 m de hauteur du vase. Poids : environ 436 Kg Nom: avec elle on sonne le premier coup de neuf heures pour appeler les chanoines \u00e0 la pri\u00e8re quotidienne des Louanges, qui a lieu \u00e0 neuf heures et demi. Ann\u00e9e de fonte : 1609 par Juan de Villanueva. Cimbalilla Dimensions : 0,50 m de diam\u00e8tre par 0,60 m de hauteur du vase. Poids : environ 72 Kg Nom : Son nom, qui signifie &lsquo;clochette&rsquo;, est d\u00fb \u00e0 sa petite taille et \u00e0 sa forme allong\u00e9e. Utilisation : cette cloche servait \u00e0 donner le signal pour que les autres cloches des tours commenc\u00e8rent \u00e0 sonner. C\u2019est pourquoi, contrairement aux autres cloches, sa corde se trouvait \u00e0 l&rsquo;ext\u00e9rieur de la tour jusqu\u2019\u00e0 une fen\u00eatre de la maison du sonneur de cloches de laquelle on voyait l\u2019autel majeur. Ann\u00e9e de fonte : 1609 probablement aussi par Juan de Villanueva. La Juana Dimensions : 1,30 m de diam\u00e8tre par 1,25 m de hauteur du vase. Poids : environ 833 Kg Nom : de l\u2019invocation \u00e0 saint Jean Baptiste qui est grav\u00e9 dessus en latin : \u00ab&nbsp;Saint Jean Baptiste, priez pour nous&nbsp;\u00bb. Ann\u00e9e [&hellip;]","og_url":"https:\/\/www.catedraldepamplona.com\/fr\/el-museo\/estancias\/cloches-tour-sud\/","og_site_name":"Catedral de Pamplona","article_modified_time":"2023-10-16T09:19:59+00:00","og_image":[{"url":"https:\/\/www.catedraldepamplona.com\/wp-content\/uploads\/TORRESUR.webp"}],"twitter_card":"summary_large_image","twitter_misc":{"Dur\u00e9e de lecture estim\u00e9e":"3 minutes"},"schema":{"@context":"https:\/\/schema.org","@graph":[{"@type":"WebPage","@id":"https:\/\/www.catedraldepamplona.com\/fr\/el-museo\/estancias\/cloches-tour-sud\/","url":"https:\/\/www.catedraldepamplona.com\/fr\/el-museo\/estancias\/cloches-tour-sud\/","name":"37 CLOCHES TOUR SUD - Catedral de Pamplona","isPartOf":{"@id":"https:\/\/www.catedraldepamplona.com\/#website"},"datePublished":"2017-01-27T17:23:29+00:00","dateModified":"2023-10-16T09:19:59+00:00","breadcrumb":{"@id":"https:\/\/www.catedraldepamplona.com\/fr\/el-museo\/estancias\/cloches-tour-sud\/#breadcrumb"},"inLanguage":"fr-FR","potentialAction":[{"@type":"ReadAction","target":["https:\/\/www.catedraldepamplona.com\/fr\/el-museo\/estancias\/cloches-tour-sud\/"]}]},{"@type":"BreadcrumbList","@id":"https:\/\/www.catedraldepamplona.com\/fr\/el-museo\/estancias\/cloches-tour-sud\/#breadcrumb","itemListElement":[{"@type":"ListItem","position":1,"name":"Portada","item":"https:\/\/www.catedraldepamplona.com\/fr\/"},{"@type":"ListItem","position":2,"name":"LE MUS\u00c9E DE LA CATH\u00c9DRALE DE PAMPELUNE","item":"https:\/\/www.catedraldepamplona.com\/fr\/el-museo\/"},{"@type":"ListItem","position":3,"name":"SALLES PRINCIPALES","item":"https:\/\/www.catedraldepamplona.com\/fr\/el-museo\/estancias\/"},{"@type":"ListItem","position":4,"name":"37 CLOCHES TOUR SUD"}]},{"@type":"WebSite","@id":"https:\/\/www.catedraldepamplona.com\/#website","url":"https:\/\/www.catedraldepamplona.com\/","name":"Catedral de Pamplona","description":"P\u00e1gina oficial de la Catedral de Pamplona","potentialAction":[{"@type":"SearchAction","target":{"@type":"EntryPoint","urlTemplate":"https:\/\/www.catedraldepamplona.com\/?s={search_term_string}"},"query-input":"required name=search_term_string"}],"inLanguage":"fr-FR"}]}},"_links":{"self":[{"href":"https:\/\/www.catedraldepamplona.com\/fr\/wp-json\/wp\/v2\/pages\/1721"}],"collection":[{"href":"https:\/\/www.catedraldepamplona.com\/fr\/wp-json\/wp\/v2\/pages"}],"about":[{"href":"https:\/\/www.catedraldepamplona.com\/fr\/wp-json\/wp\/v2\/types\/page"}],"author":[{"embeddable":true,"href":"https:\/\/www.catedraldepamplona.com\/fr\/wp-json\/wp\/v2\/users\/1"}],"replies":[{"embeddable":true,"href":"https:\/\/www.catedraldepamplona.com\/fr\/wp-json\/wp\/v2\/comments?post=1721"}],"version-history":[{"count":6,"href":"https:\/\/www.catedraldepamplona.com\/fr\/wp-json\/wp\/v2\/pages\/1721\/revisions"}],"predecessor-version":[{"id":5278,"href":"https:\/\/www.catedraldepamplona.com\/fr\/wp-json\/wp\/v2\/pages\/1721\/revisions\/5278"}],"up":[{"embeddable":true,"href":"https:\/\/www.catedraldepamplona.com\/fr\/wp-json\/wp\/v2\/pages\/1904"}],"wp:attachment":[{"href":"https:\/\/www.catedraldepamplona.com\/fr\/wp-json\/wp\/v2\/media?parent=1721"}],"curies":[{"name":"wp","href":"https:\/\/api.w.org\/{rel}","templated":true}]}}