{"id":1718,"date":"2017-01-27T17:22:31","date_gmt":"2017-01-27T17:22:31","guid":{"rendered":"https:\/\/www.catedraldepamplona.com\/fr\/?page_id=1718"},"modified":"2023-10-16T16:36:08","modified_gmt":"2023-10-16T16:36:08","slug":"cloches-tour-nord","status":"publish","type":"page","link":"https:\/\/www.catedraldepamplona.com\/fr\/el-museo\/estancias\/cloches-tour-nord\/","title":{"rendered":"1 CLOCHES TOUR NORD"},"content":{"rendered":"<p><img decoding=\"async\" loading=\"lazy\" class=\"alignnone size-full wp-image-130\" src=\"https:\/\/www.catedraldepamplona.com\/wp-content\/uploads\/TORRENORTEPORTADA.webp\" alt=\"torres\" width=\"940\" height=\"500\" \/><\/p>\n<p><strong>Cloche des heures <\/strong><\/p>\n<p><u>Dimensions :<\/u> 1,62 m de diam\u00e8tre par 1,35 m de hauteur du vase.<\/p>\n<p><u>Poids<\/u> : environ 1.611 Kg<\/p>\n<p><u>Nom <\/u>: il est en rapport avec l\u2019horloge qui sonne les heures.<\/p>\n<p><u>Ann\u00e9e de fonte :<\/u> 1576<\/p>\n<p><strong>Cloche des quarts d\u2019heure<\/strong><\/p>\n<p><u>Dimensions :<\/u> 0,92 m de diam\u00e8tre par 0,95 m de hauteur du vase.<\/p>\n<p><u>Poids<\/u> : environ 436 Kg<\/p>\n<p><u>Nom<\/u> : il est en rapport avec l\u2019horloge qui sonne les quarts d\u2019heure.<\/p>\n<p><u>Ann\u00e9e de fonte :<\/u> 1592.<\/p>\n<p><strong>Mar\u00eda<\/strong><\/p>\n<p><u>Dimensions :<\/u> 2,50 m de diam\u00e8tre par 2,25 m de hauteur du vase.<\/p>\n<p><u>Poids <\/u>: environ 10.060 Kg<\/p>\n<p><u>Utilisation<\/u> : \u00e0 l\u2019occasion des c\u00e9l\u00e9brations solennelles et pour sonner le glas. Cloche embl\u00e9matique par excellence, c\u2019est la plus grosse et la plus sonore de toutes les cloches de la Cath\u00e9drale. Le son qu\u2019elle \u00e9met est entendu sur 14 km \u00e0 la\u00a0 ronde.\u00a0 C\u2019est la plus grande cloche en activit\u00e9 en Espagne.<\/p>\n<p><u>Ann\u00e9e de fonte :<\/u> 15 septembre 1584 par Pedro de Villanueva.<\/p>\n<p>Urs\u00faa Irigoyen, I., <em>Las campanas de la catedral de Pamplona<\/em>, Pamplona, Music Chamber, Cath\u00e9drale Mus\u00e9e de Pampelune, 1984. <a href=\"https:\/\/dialnet.unirioja.es\/servlet\/libro?codigo=212173\">https:\/\/dialnet.unirioja.es\/servlet\/libro?codigo=212173<\/a><\/p>\n<p><a href=\"http:\/\/campaners.com\/php\/campanar.php?numer=336\">http:\/\/campaners.com\/php\/campanar.php?numer=336<\/a><\/p>\n<hr style=\"margin-top: 20px; margin-bottom: 20px; color: #ccc;\" \/>\n<div class='row'><div style='padding-bottom:50px;' class='span6 first-module module_number_1 module_cont  module_contact_info'><ul class='contact_info_list'><li class='contact_info_item'><div class='contact_info_wrapper'><span class='contact_info_icon' style='background:#68669f;'><i style='color:#68669f' class='icon-circle'><\/i><\/span><div class=\"contact_info_text\"><a href=\"\/fr\/el-museo\/estancias\/fachada\/\">0 FA\u00c7ADE<\/a><\/div><\/div><\/li><li class='contact_info_item'><div class='contact_info_wrapper'><span class='contact_info_icon' style='background:#68669f;'><i style='color:#ffffff' class='icon-circle'><\/i><\/span><div class=\"contact_info_text\">1 CLOCHES TOUR NORD<\/div><\/div><\/li><li class='contact_info_item'><div class='contact_info_wrapper'><span class='contact_info_icon' style='background:#68669f;'><i style='color:#68669f' class='icon-circle'><\/i><\/span><div class=\"contact_info_text\"><a href=\"\/fr\/el-museo\/estancias\/capilla-de-san-juan-bautista\/\">2 CHAPELLE DE SAINT JEAN BAPTISTE<\/a><\/div><\/div><\/li><li class='contact_info_item'><div class='contact_info_wrapper'><span class='contact_info_icon' style='background:#68669f;'><i style='color:#68669f' class='icon-circle'><\/i><\/span><div class=\"contact_info_text\"><a href=\"\/fr\/el-museo\/estancias\/capilla-de-santa-cristina\/\">3 CHAPELLE DE SAINTE CHRISTINE<\/a><\/div><\/div><\/li><li class='contact_info_item'><div class='contact_info_wrapper'><span class='contact_info_icon' style='background:#68669f;'><i style='color:#68669f' class='icon-circle'><\/i><\/span><div class=\"contact_info_text\"><a href=\"\/fr\/el-museo\/estancias\/capilla-de-san-jose\/\">4 CHAPELLE DE SAINT JOSEPH<\/a><\/div><\/div><\/li><li class='contact_info_item'><div class='contact_info_wrapper'><span class='contact_info_icon' style='background:#68669f;'><i style='color:#68669f' class='icon-circle'><\/i><\/span><div class=\"contact_info_text\"><a href=\"\/fr\/el-museo\/estancias\/mausoleo-real\/\">5 MAUSOL\u00c9E ROYAL<\/a><\/div><\/div><\/li><li class='contact_info_item'><div class='contact_info_wrapper'><span class='contact_info_icon' style='background:#68669f;'><i style='color:#68669f' class='icon-circle'><\/i><\/span><div class=\"contact_info_text\"><a href=\"\/fr\/el-museo\/estancias\/capilla-de-san-martin\/\">6 CHAPELLE DE SAINT MARTIN<\/a><\/div><\/div><\/li><li class='contact_info_item'><div class='contact_info_wrapper'><span class='contact_info_icon' style='background:#68669f;'><i style='color:#68669f' class='icon-circle'><\/i><\/span><div class=\"contact_info_text\"><a href=\"\/fr\/el-museo\/estancias\/brazo-norte-del-crucero\/\">7 BRAS NORD DE LA CROIS\u00c9E <\/a><\/div><\/div><\/li><li class='contact_info_item'><div class='contact_info_wrapper'><span class='contact_info_icon' style='background:#68669f;'><i style='color:#68669f' class='icon-circle'><\/i><\/span><div class=\"contact_info_text\"><a href=\"\/fr\/el-museo\/estancias\/presbiterio\/\">8 PRESBYT\u00c8RE<\/a><\/div><\/div><\/li><li class='contact_info_item'><div class='contact_info_wrapper'><span class='contact_info_icon' style='background:#68669f;'><i style='color:#68669f' class='icon-circle'><\/i><\/span><div class=\"contact_info_text\"><a href=\"\/fr\/el-museo\/estancias\/girola\/\">10 LE D\u00c9AMBULATOIRE<\/a><\/div><\/div><\/li><li class='contact_info_item'><div class='contact_info_wrapper'><span class='contact_info_icon' style='background:#68669f;'><i style='color:#68669f' class='icon-circle'><\/i><\/span><div class=\"contact_info_text\"><a href=\"\/fr\/el-museo\/estancias\/capilla-del-santisimo\/\">13 CHAPELLE DU TR\u00c8S SAINT<\/a><\/div><\/div><\/li><\/ul><\/div><!-- .module_cont --><div style='padding-bottom:50px;' class='span6  module_number_2 module_cont  module_contact_info'><ul class='contact_info_list'><li class='contact_info_item'><div class='contact_info_wrapper'><span class='contact_info_icon' style='background:#68669f;'><i style='color:#68669f' class='icon-circle'><\/i><\/span><div class=\"contact_info_text\"><a href=\"\/fr\/el-museo\/estancias\/cilleria\/\">16 CELLIER<\/a><\/div><\/div><\/li><li class='contact_info_item'><div class='contact_info_wrapper'><span class='contact_info_icon' style='background:#68669f;'><i style='color:#68669f' class='icon-circle'><\/i><\/span><div class=\"contact_info_text\"><a href=\"\/fr\/el-museo\/estancias\/claustro-y-sobreclaustro\/\">18 CLO\u00ceTRE<\/a><\/div><\/div><\/li><li class='contact_info_item'><div class='contact_info_wrapper'><span class='contact_info_icon' style='background:#68669f;'><i style='color:#68669f' class='icon-circle'><\/i><\/span><div class=\"contact_info_text\"><a href=\"\/fr\/el-museo\/estancias\/antigua-residencia-episcopal\/\">19 ANCIENNE R\u00c9SIDENCE \u00c9PISCOPALE<\/a><\/div><\/div><\/li><li class='contact_info_item'><div class='contact_info_wrapper'><span class='contact_info_icon' style='background:#68669f;'><i style='color:#68669f' class='icon-circle'><\/i><\/span><div class=\"contact_info_text\"><a href=\"\/fr\/el-museo\/estancias\/refectorio\/\">29 R\u00c9FECTOIRE<\/a><\/div><\/div><\/li><li class='contact_info_item'><div class='contact_info_wrapper'><span class='contact_info_icon' style='background:#68669f;'><i style='color:#68669f' class='icon-circle'><\/i><\/span><div class=\"contact_info_text\"><a href=\"\/fr\/el-museo\/estancias\/cocina\/\">30 CUISINE<\/a><\/div><\/div><\/li><li class='contact_info_item'><div class='contact_info_wrapper'><span class='contact_info_icon' style='background:#68669f;'><i style='color:#68669f' class='icon-circle'><\/i><\/span><div class=\"contact_info_text\"><a href=\"\/fr\/el-museo\/estancias\/capilla-barbazana\/\">32 CHAPELLE BARBAZANA<\/a><\/div><\/div><\/li><li class='contact_info_item'><div class='contact_info_wrapper'><span class='contact_info_icon' style='background:#68669f;'><i style='color:#68669f' class='icon-circle'><\/i><\/span><div class=\"contact_info_text\"><a href=\"\/fr\/el-museo\/estancias\/capilla-de-san-juan-evangelista\/\">34 CHAPELLE DE SAINT JEAN L\u00b4EVANG\u00c9LISTE<\/a><\/div><\/div><\/li><li class='contact_info_item'><div class='contact_info_wrapper'><span class='contact_info_icon' style='background:#68669f;'><i style='color:#68669f' class='icon-circle'><\/i><\/span><div class=\"contact_info_text\"><a href=\"\/fr\/el-museo\/estancias\/capilla-de-santa-catalina\/\">35 CHAPELLE DE SAINTE CATHERINE<\/a><\/div><\/div><\/li><li class='contact_info_item'><div class='contact_info_wrapper'><span class='contact_info_icon' style='background:#68669f;'><i style='color:#68669f' class='icon-circle'><\/i><\/span><div class=\"contact_info_text\"><a href=\"\/fr\/el-museo\/estancias\/campanas-torre-sur\/\">37 CLOCHES TOUR SUD<\/a><\/div><\/div><\/li><li class='contact_info_item'><div class='contact_info_wrapper'><span class='contact_info_icon' style='background:#68669f;'><i style='color:#68669f' class='icon-circle'><\/i><\/span><div class=\"contact_info_text\"><a href=\"\/fr\/el-museo\/estancias\/puerta-de-san-jose\/\">39 PORTE DE SAINT JOSEPH<\/a><\/div><\/div><\/li><li class='contact_info_item'><div class='contact_info_wrapper'><span class='contact_info_icon' style='background:#68669f;'><i style='color:#68669f' class='icon-circle'><\/i><\/span><div class=\"contact_info_text\"><a href=\"\/fr\/el-museo\/estancias\/sacristia-mayor\/\">40 SACRISTIE MAJEURE<\/a><\/div><\/div><\/li><\/ul><\/div><!-- .module_cont --><\/div><div class='row'><div style='padding-bottom:50px;' class='span12  module_number_3 module_cont  module_html'>\n                <div class='module_content'>\n                    <a href=\"https:\/\/www.catedraldepamplona.com\/fr\/el-museo\/plano\/\"><img src=\"https:\/\/www.catedraldepamplona.com\/wp-content\/uploads\/PLANOCATEDRALfrNEW.webp\" width=\"100%\" \/><\/a>\n                <\/div><\/div><!-- .module_cont --><\/div>","protected":false},"excerpt":{"rendered":"<p>Cloche des heures Dimensions : 1,62 m de diam\u00e8tre par 1,35 m de hauteur du vase. Poids : environ 1.611 Kg Nom : il est en rapport avec l\u2019horloge qui sonne les heures. Ann\u00e9e de fonte : 1576 Cloche des quarts d\u2019heure Dimensions : 0,92 m de diam\u00e8tre par 0,95 m de hauteur du vase. Poids : environ 436 Kg Nom : il est en rapport avec l\u2019horloge qui sonne les quarts d\u2019heure. Ann\u00e9e de fonte : 1592. Mar\u00eda Dimensions : 2,50 m de diam\u00e8tre par 2,25 m de hauteur du vase. Poids : environ 10.060 Kg Utilisation : \u00e0 l\u2019occasion des c\u00e9l\u00e9brations solennelles et pour sonner le glas. Cloche embl\u00e9matique par excellence, c\u2019est la plus grosse et la plus sonore de toutes les cloches de la Cath\u00e9drale. Le son qu\u2019elle \u00e9met est entendu sur 14 km \u00e0 la\u00a0 ronde.\u00a0 C\u2019est la plus grande cloche en activit\u00e9 en Espagne. Ann\u00e9e de fonte : 15 septembre 1584 par Pedro de Villanueva. Urs\u00faa Irigoyen, I., Las campanas de la catedral de Pamplona, Pamplona, Music Chamber, Cath\u00e9drale Mus\u00e9e de Pampelune, 1984. https:\/\/dialnet.unirioja.es\/servlet\/libro?codigo=212173 http:\/\/campaners.com\/php\/campanar.php?numer=336 0 FA\u00c7ADE1 CLOCHES TOUR NORD2 CHAPELLE DE SAINT JEAN BAPTISTE3 CHAPELLE DE SAINTE CHRISTINE4 CHAPELLE DE SAINT JOSEPH5 MAUSOL\u00c9E ROYAL6 [&hellip;]<\/p>\n","protected":false},"author":1,"featured_media":0,"parent":1904,"menu_order":21,"comment_status":"closed","ping_status":"closed","template":"","meta":{"_monsterinsights_skip_tracking":false,"_monsterinsights_sitenote_active":false,"_monsterinsights_sitenote_note":"","_monsterinsights_sitenote_category":0},"yoast_head":"<!-- This site is optimized with the Yoast SEO plugin v21.0 - https:\/\/yoast.com\/wordpress\/plugins\/seo\/ -->\n<title>1 CLOCHES TOUR NORD - Catedral de Pamplona<\/title>\n<meta name=\"robots\" content=\"index, follow, max-snippet:-1, max-image-preview:large, max-video-preview:-1\" \/>\n<link rel=\"canonical\" href=\"https:\/\/www.catedraldepamplona.com\/fr\/el-museo\/estancias\/cloches-tour-nord\/\" \/>\n<meta property=\"og:locale\" content=\"fr_FR\" \/>\n<meta property=\"og:type\" content=\"article\" \/>\n<meta property=\"og:title\" content=\"1 CLOCHES TOUR NORD - Catedral de Pamplona\" \/>\n<meta property=\"og:description\" content=\"Cloche des heures Dimensions : 1,62 m de diam\u00e8tre par 1,35 m de hauteur du vase. Poids : environ 1.611 Kg Nom : il est en rapport avec l\u2019horloge qui sonne les heures. Ann\u00e9e de fonte : 1576 Cloche des quarts d\u2019heure Dimensions : 0,92 m de diam\u00e8tre par 0,95 m de hauteur du vase. Poids : environ 436 Kg Nom : il est en rapport avec l\u2019horloge qui sonne les quarts d\u2019heure. Ann\u00e9e de fonte : 1592. Mar\u00eda Dimensions : 2,50 m de diam\u00e8tre par 2,25 m de hauteur du vase. Poids : environ 10.060 Kg Utilisation : \u00e0 l\u2019occasion des c\u00e9l\u00e9brations solennelles et pour sonner le glas. Cloche embl\u00e9matique par excellence, c\u2019est la plus grosse et la plus sonore de toutes les cloches de la Cath\u00e9drale. Le son qu\u2019elle \u00e9met est entendu sur 14 km \u00e0 la\u00a0 ronde.\u00a0 C\u2019est la plus grande cloche en activit\u00e9 en Espagne. Ann\u00e9e de fonte : 15 septembre 1584 par Pedro de Villanueva. Urs\u00faa Irigoyen, I., Las campanas de la catedral de Pamplona, Pamplona, Music Chamber, Cath\u00e9drale Mus\u00e9e de Pampelune, 1984. https:\/\/dialnet.unirioja.es\/servlet\/libro?codigo=212173 http:\/\/campaners.com\/php\/campanar.php?numer=336 0 FA\u00c7ADE1 CLOCHES TOUR NORD2 CHAPELLE DE SAINT JEAN BAPTISTE3 CHAPELLE DE SAINTE CHRISTINE4 CHAPELLE DE SAINT JOSEPH5 MAUSOL\u00c9E ROYAL6 [&hellip;]\" \/>\n<meta property=\"og:url\" content=\"https:\/\/www.catedraldepamplona.com\/fr\/el-museo\/estancias\/cloches-tour-nord\/\" \/>\n<meta property=\"og:site_name\" content=\"Catedral de Pamplona\" \/>\n<meta property=\"article:modified_time\" content=\"2023-10-16T16:36:08+00:00\" \/>\n<meta property=\"og:image\" content=\"https:\/\/www.catedraldepamplona.com\/wp-content\/uploads\/TORRENORTEPORTADA.webp\" \/>\n<meta name=\"twitter:card\" content=\"summary_large_image\" \/>\n<meta name=\"twitter:label1\" content=\"Dur\u00e9e de lecture estim\u00e9e\" \/>\n\t<meta name=\"twitter:data1\" content=\"1 minute\" \/>\n<script type=\"application\/ld+json\" class=\"yoast-schema-graph\">{\"@context\":\"https:\/\/schema.org\",\"@graph\":[{\"@type\":\"WebPage\",\"@id\":\"https:\/\/www.catedraldepamplona.com\/fr\/el-museo\/estancias\/cloches-tour-nord\/\",\"url\":\"https:\/\/www.catedraldepamplona.com\/fr\/el-museo\/estancias\/cloches-tour-nord\/\",\"name\":\"1 CLOCHES TOUR NORD - Catedral de Pamplona\",\"isPartOf\":{\"@id\":\"https:\/\/www.catedraldepamplona.com\/#website\"},\"datePublished\":\"2017-01-27T17:22:31+00:00\",\"dateModified\":\"2023-10-16T16:36:08+00:00\",\"breadcrumb\":{\"@id\":\"https:\/\/www.catedraldepamplona.com\/fr\/el-museo\/estancias\/cloches-tour-nord\/#breadcrumb\"},\"inLanguage\":\"fr-FR\",\"potentialAction\":[{\"@type\":\"ReadAction\",\"target\":[\"https:\/\/www.catedraldepamplona.com\/fr\/el-museo\/estancias\/cloches-tour-nord\/\"]}]},{\"@type\":\"BreadcrumbList\",\"@id\":\"https:\/\/www.catedraldepamplona.com\/fr\/el-museo\/estancias\/cloches-tour-nord\/#breadcrumb\",\"itemListElement\":[{\"@type\":\"ListItem\",\"position\":1,\"name\":\"Portada\",\"item\":\"https:\/\/www.catedraldepamplona.com\/fr\/\"},{\"@type\":\"ListItem\",\"position\":2,\"name\":\"LE MUS\u00c9E DE LA CATH\u00c9DRALE DE PAMPELUNE\",\"item\":\"https:\/\/www.catedraldepamplona.com\/fr\/el-museo\/\"},{\"@type\":\"ListItem\",\"position\":3,\"name\":\"SALLES PRINCIPALES\",\"item\":\"https:\/\/www.catedraldepamplona.com\/fr\/el-museo\/estancias\/\"},{\"@type\":\"ListItem\",\"position\":4,\"name\":\"1 CLOCHES TOUR NORD\"}]},{\"@type\":\"WebSite\",\"@id\":\"https:\/\/www.catedraldepamplona.com\/#website\",\"url\":\"https:\/\/www.catedraldepamplona.com\/\",\"name\":\"Catedral de Pamplona\",\"description\":\"P\u00e1gina oficial de la Catedral de Pamplona\",\"potentialAction\":[{\"@type\":\"SearchAction\",\"target\":{\"@type\":\"EntryPoint\",\"urlTemplate\":\"https:\/\/www.catedraldepamplona.com\/?s={search_term_string}\"},\"query-input\":\"required name=search_term_string\"}],\"inLanguage\":\"fr-FR\"}]}<\/script>\n<!-- \/ Yoast SEO plugin. -->","yoast_head_json":{"title":"1 CLOCHES TOUR NORD - Catedral de Pamplona","robots":{"index":"index","follow":"follow","max-snippet":"max-snippet:-1","max-image-preview":"max-image-preview:large","max-video-preview":"max-video-preview:-1"},"canonical":"https:\/\/www.catedraldepamplona.com\/fr\/el-museo\/estancias\/cloches-tour-nord\/","og_locale":"fr_FR","og_type":"article","og_title":"1 CLOCHES TOUR NORD - Catedral de Pamplona","og_description":"Cloche des heures Dimensions : 1,62 m de diam\u00e8tre par 1,35 m de hauteur du vase. Poids : environ 1.611 Kg Nom : il est en rapport avec l\u2019horloge qui sonne les heures. Ann\u00e9e de fonte : 1576 Cloche des quarts d\u2019heure Dimensions : 0,92 m de diam\u00e8tre par 0,95 m de hauteur du vase. Poids : environ 436 Kg Nom : il est en rapport avec l\u2019horloge qui sonne les quarts d\u2019heure. Ann\u00e9e de fonte : 1592. Mar\u00eda Dimensions : 2,50 m de diam\u00e8tre par 2,25 m de hauteur du vase. Poids : environ 10.060 Kg Utilisation : \u00e0 l\u2019occasion des c\u00e9l\u00e9brations solennelles et pour sonner le glas. Cloche embl\u00e9matique par excellence, c\u2019est la plus grosse et la plus sonore de toutes les cloches de la Cath\u00e9drale. Le son qu\u2019elle \u00e9met est entendu sur 14 km \u00e0 la\u00a0 ronde.\u00a0 C\u2019est la plus grande cloche en activit\u00e9 en Espagne. Ann\u00e9e de fonte : 15 septembre 1584 par Pedro de Villanueva. Urs\u00faa Irigoyen, I., Las campanas de la catedral de Pamplona, Pamplona, Music Chamber, Cath\u00e9drale Mus\u00e9e de Pampelune, 1984. https:\/\/dialnet.unirioja.es\/servlet\/libro?codigo=212173 http:\/\/campaners.com\/php\/campanar.php?numer=336 0 FA\u00c7ADE1 CLOCHES TOUR NORD2 CHAPELLE DE SAINT JEAN BAPTISTE3 CHAPELLE DE SAINTE CHRISTINE4 CHAPELLE DE SAINT JOSEPH5 MAUSOL\u00c9E ROYAL6 [&hellip;]","og_url":"https:\/\/www.catedraldepamplona.com\/fr\/el-museo\/estancias\/cloches-tour-nord\/","og_site_name":"Catedral de Pamplona","article_modified_time":"2023-10-16T16:36:08+00:00","og_image":[{"url":"https:\/\/www.catedraldepamplona.com\/wp-content\/uploads\/TORRENORTEPORTADA.webp"}],"twitter_card":"summary_large_image","twitter_misc":{"Dur\u00e9e de lecture estim\u00e9e":"1 minute"},"schema":{"@context":"https:\/\/schema.org","@graph":[{"@type":"WebPage","@id":"https:\/\/www.catedraldepamplona.com\/fr\/el-museo\/estancias\/cloches-tour-nord\/","url":"https:\/\/www.catedraldepamplona.com\/fr\/el-museo\/estancias\/cloches-tour-nord\/","name":"1 CLOCHES TOUR NORD - Catedral de Pamplona","isPartOf":{"@id":"https:\/\/www.catedraldepamplona.com\/#website"},"datePublished":"2017-01-27T17:22:31+00:00","dateModified":"2023-10-16T16:36:08+00:00","breadcrumb":{"@id":"https:\/\/www.catedraldepamplona.com\/fr\/el-museo\/estancias\/cloches-tour-nord\/#breadcrumb"},"inLanguage":"fr-FR","potentialAction":[{"@type":"ReadAction","target":["https:\/\/www.catedraldepamplona.com\/fr\/el-museo\/estancias\/cloches-tour-nord\/"]}]},{"@type":"BreadcrumbList","@id":"https:\/\/www.catedraldepamplona.com\/fr\/el-museo\/estancias\/cloches-tour-nord\/#breadcrumb","itemListElement":[{"@type":"ListItem","position":1,"name":"Portada","item":"https:\/\/www.catedraldepamplona.com\/fr\/"},{"@type":"ListItem","position":2,"name":"LE MUS\u00c9E DE LA CATH\u00c9DRALE DE PAMPELUNE","item":"https:\/\/www.catedraldepamplona.com\/fr\/el-museo\/"},{"@type":"ListItem","position":3,"name":"SALLES PRINCIPALES","item":"https:\/\/www.catedraldepamplona.com\/fr\/el-museo\/estancias\/"},{"@type":"ListItem","position":4,"name":"1 CLOCHES TOUR NORD"}]},{"@type":"WebSite","@id":"https:\/\/www.catedraldepamplona.com\/#website","url":"https:\/\/www.catedraldepamplona.com\/","name":"Catedral de Pamplona","description":"P\u00e1gina oficial de la Catedral de Pamplona","potentialAction":[{"@type":"SearchAction","target":{"@type":"EntryPoint","urlTemplate":"https:\/\/www.catedraldepamplona.com\/?s={search_term_string}"},"query-input":"required name=search_term_string"}],"inLanguage":"fr-FR"}]}},"_links":{"self":[{"href":"https:\/\/www.catedraldepamplona.com\/fr\/wp-json\/wp\/v2\/pages\/1718"}],"collection":[{"href":"https:\/\/www.catedraldepamplona.com\/fr\/wp-json\/wp\/v2\/pages"}],"about":[{"href":"https:\/\/www.catedraldepamplona.com\/fr\/wp-json\/wp\/v2\/types\/page"}],"author":[{"embeddable":true,"href":"https:\/\/www.catedraldepamplona.com\/fr\/wp-json\/wp\/v2\/users\/1"}],"replies":[{"embeddable":true,"href":"https:\/\/www.catedraldepamplona.com\/fr\/wp-json\/wp\/v2\/comments?post=1718"}],"version-history":[{"count":7,"href":"https:\/\/www.catedraldepamplona.com\/fr\/wp-json\/wp\/v2\/pages\/1718\/revisions"}],"predecessor-version":[{"id":5321,"href":"https:\/\/www.catedraldepamplona.com\/fr\/wp-json\/wp\/v2\/pages\/1718\/revisions\/5321"}],"up":[{"embeddable":true,"href":"https:\/\/www.catedraldepamplona.com\/fr\/wp-json\/wp\/v2\/pages\/1904"}],"wp:attachment":[{"href":"https:\/\/www.catedraldepamplona.com\/fr\/wp-json\/wp\/v2\/media?parent=1718"}],"curies":[{"name":"wp","href":"https:\/\/api.w.org\/{rel}","templated":true}]}}