{"id":1706,"date":"2017-01-27T17:18:49","date_gmt":"2017-01-27T17:18:49","guid":{"rendered":"https:\/\/www.catedraldepamplona.com\/fr\/?page_id=1706"},"modified":"2023-10-17T08:33:45","modified_gmt":"2023-10-17T08:33:45","slug":"cloitre-et-sur-cloitre","status":"publish","type":"page","link":"https:\/\/www.catedraldepamplona.com\/fr\/el-museo\/estancias\/cloitre-et-sur-cloitre\/","title":{"rendered":"18 CLO\u00ceTRE"},"content":{"rendered":"<p><img decoding=\"async\" loading=\"lazy\" class=\"alignnone size-full wp-image-492\" src=\"https:\/\/www.catedraldepamplona.com\/wp-content\/uploads\/CLAUSTROREDONDO.jpg\" alt=\"claustro\" width=\"1280\" height=\"853\" \/><\/p>\n<p><strong>C\u2019est l\u2019un des clo\u00eetres les mieux conserv\u00e9s d\u2019Europe<\/strong>.<\/p>\n<p>La construction du clo\u00eetre commence en <strong>1280<\/strong> et se prolonge jusqu\u2019en <strong>1330<\/strong>. Il est de style <strong>gothique<\/strong>, un style qui\u00a0 se fait plus complexe au fur et \u00e0 mesure que les travaux avancent.<\/p>\n<p>Les fa\u00e7ades se d\u00e9marquent :<\/p>\n<p>&#8211;<strong>Porte de l\u2019Amparo<\/strong> (vers 1320) : donne acc\u00e8s au temple. Elle repr\u00e9sente la Dormance de la Vierge et dans le croisillon se trouve la taille de la Vierge de l\u2019Amparo.<\/p>\n<p>&#8211;<strong>Porte de l\u2019Arcedianato<\/strong> (d\u00e9cennie de 1320) : divis\u00e9e en deux bandes, la sup\u00e9rieure repr\u00e9sente la Crucifixion tandis que l\u2019inf\u00e9rieure contient des sc\u00e8nes du cycle pascal.<\/p>\n<p>&#8211;<strong>Porte du R\u00e9fectoire<\/strong> (d\u00e9cennie de 1320) : donne acc\u00e8s \u00e0 la salle \u00e0 manger des chanoines. Elle est divis\u00e9e en deux bandes, la sup\u00e9rieure repr\u00e9sente l\u2019entr\u00e9e \u00e0 J\u00e9rusalem et l\u2019inf\u00e9rieure la C\u00e8ne.\u00a0 Sur les jambages se trouvent deux tailles de l\u2019\u00e9glise et la Synagogue.<\/p>\n<p>&#8211;<strong>Porte Pr\u00e9cieuse<\/strong> (d\u00e9cennie de 1325): donnait acc\u00e8s aux chambres des chanoines. La th\u00e9matique porte sur le passage de la Vierge qui comence par l\u2019ange annon\u00e7ant \u00e0 Marie sa mort prochaine et finit par le Couronnement.<\/p>\n<p>Plusieurs s\u00e9pulcres se trouvent \u00e9galement l\u00e0.<\/p>\n<p>&#8211;<strong>S\u00e9pulcre de la Famille Garro<\/strong>, gothique.<\/p>\n<p>&#8211;<strong>S\u00e9pulcre de Miguel S\u00e1nchez de Asiain<\/strong>, gothique.<\/p>\n<p>&#8211;<strong>S\u00e9pulcre de Juan Buenaventura Dumont<\/strong>, conte de Gages, n\u00e9o-classique.<\/p>\n<p>&#8211;<strong>S\u00e9pulcre de Francisco Javier Espoz y Mina<\/strong>, n\u00e9o-classique.<\/p>\n<p>Le <strong>sur-clo\u00eetre<\/strong> est \u00e9rig\u00e9 au XVIe si\u00e8cle, c\u2019est pourquoi on construit l\u2019escalier h\u00e9lico\u00efdal de facture gothique-flamboyant.<\/p>\n<hr style=\"margin-top: 20px; margin-bottom: 20px; color: #ccc;\" \/>\n<div class='row'><div style='padding-bottom:50px;' class='span6 first-module module_number_1 module_cont  module_contact_info'><ul class='contact_info_list'><li class='contact_info_item'><div class='contact_info_wrapper'><span class='contact_info_icon' style='background:#68669f;'><i style='color:#68669f' class='icon-circle'><\/i><\/span><div class=\"contact_info_text\"><a href=\"\/fr\/el-museo\/estancias\/fachada\/\">0 FA\u00c7ADE<\/a><\/div><\/div><\/li><li class='contact_info_item'><div class='contact_info_wrapper'><span class='contact_info_icon' style='background:#68669f;'><i style='color:#68669f' class='icon-circle'><\/i><\/span><div class=\"contact_info_text\"><a href=\"\/fr\/el-museo\/estancias\/campanas-torre-norte\/\">1 CLOCHES TOUR NORD<\/a><\/div><\/div><\/li><li class='contact_info_item'><div class='contact_info_wrapper'><span class='contact_info_icon' style='background:#68669f;'><i style='color:#68669f' class='icon-circle'><\/i><\/span><div class=\"contact_info_text\"><a href=\"\/fr\/el-museo\/estancias\/capilla-de-san-juan-bautista\/\">2 CHAPELLE DE SAINT JEAN BAPTISTE<\/a><\/div><\/div><\/li><li class='contact_info_item'><div class='contact_info_wrapper'><span class='contact_info_icon' style='background:#68669f;'><i style='color:#68669f' class='icon-circle'><\/i><\/span><div class=\"contact_info_text\"><a href=\"\/fr\/el-museo\/estancias\/capilla-de-santa-cristina\/\">3 CHAPELLE DE SAINTE CHRISTINE<\/a><\/div><\/div><\/li><li class='contact_info_item'><div class='contact_info_wrapper'><span class='contact_info_icon' style='background:#68669f;'><i style='color:#68669f' class='icon-circle'><\/i><\/span><div class=\"contact_info_text\"><a href=\"\/fr\/el-museo\/estancias\/capilla-de-san-jose\/\">4 CHAPELLE DE SAINT JOSEPH<\/a><\/div><\/div><\/li><li class='contact_info_item'><div class='contact_info_wrapper'><span class='contact_info_icon' style='background:#68669f;'><i style='color:#68669f' class='icon-circle'><\/i><\/span><div class=\"contact_info_text\"><a href=\"\/fr\/el-museo\/estancias\/mausoleo-real\/\">5 MAUSOL\u00c9E ROYAL<\/a><\/div><\/div><\/li><li class='contact_info_item'><div class='contact_info_wrapper'><span class='contact_info_icon' style='background:#68669f;'><i style='color:#68669f' class='icon-circle'><\/i><\/span><div class=\"contact_info_text\"><a href=\"\/fr\/el-museo\/estancias\/capilla-de-san-martin\/\">6 CHAPELLE DE SAINT MARTIN<\/a><\/div><\/div><\/li><li class='contact_info_item'><div class='contact_info_wrapper'><span class='contact_info_icon' style='background:#68669f;'><i style='color:#68669f' class='icon-circle'><\/i><\/span><div class=\"contact_info_text\"><a href=\"\/fr\/el-museo\/estancias\/brazo-norte-del-crucero\/\">7 BRAS NORD DE LA CROIS\u00c9E <\/a><\/div><\/div><\/li><li class='contact_info_item'><div class='contact_info_wrapper'><span class='contact_info_icon' style='background:#68669f;'><i style='color:#68669f' class='icon-circle'><\/i><\/span><div class=\"contact_info_text\"><a href=\"\/fr\/el-museo\/estancias\/presbiterio\/\">8 PRESBYT\u00c8RE<\/a><\/div><\/div><\/li><li class='contact_info_item'><div class='contact_info_wrapper'><span class='contact_info_icon' style='background:#68669f;'><i style='color:#68669f' class='icon-circle'><\/i><\/span><div class=\"contact_info_text\"><a href=\"\/fr\/el-museo\/estancias\/girola\/\">10 LE D\u00c9AMBULATOIRE<\/a><\/div><\/div><\/li><li class='contact_info_item'><div class='contact_info_wrapper'><span class='contact_info_icon' style='background:#68669f;'><i style='color:#68669f' class='icon-circle'><\/i><\/span><div class=\"contact_info_text\"><a href=\"\/fr\/el-museo\/estancias\/capilla-del-santisimo\/\">13 CHAPELLE DU TR\u00c8S SAINT<\/a><\/div><\/div><\/li><\/ul><\/div><!-- .module_cont --><div style='padding-bottom:50px;' class='span6  module_number_2 module_cont  module_contact_info'><ul class='contact_info_list'><li class='contact_info_item'><div class='contact_info_wrapper'><span class='contact_info_icon' style='background:#68669f;'><i style='color:#68669f' class='icon-circle'><\/i><\/span><div class=\"contact_info_text\"><a href=\"\/fr\/el-museo\/estancias\/cilleria\/\">16 CELLIER<\/a><\/div><\/div><\/li><li class='contact_info_item'><div class='contact_info_wrapper'><span class='contact_info_icon' style='background:#68669f;'><i style='color:#ffffff' class='icon-circle'><\/i><\/span><div class=\"contact_info_text\">18 CLO\u00ceTRE<\/div><\/div><\/li><li class='contact_info_item'><div class='contact_info_wrapper'><span class='contact_info_icon' style='background:#68669f;'><i style='color:#68669f' class='icon-circle'><\/i><\/span><div class=\"contact_info_text\"><a href=\"\/fr\/el-museo\/estancias\/antigua-residencia-episcopal\/\">19 ANCIENNE R\u00c9SIDENCE \u00c9PISCOPALE<\/a><\/div><\/div><\/li><li class='contact_info_item'><div class='contact_info_wrapper'><span class='contact_info_icon' style='background:#68669f;'><i style='color:#68669f' class='icon-circle'><\/i><\/span><div class=\"contact_info_text\"><a href=\"\/fr\/el-museo\/estancias\/refectorio\/\">29 R\u00c9FECTOIRE<\/a><\/div><\/div><\/li><li class='contact_info_item'><div class='contact_info_wrapper'><span class='contact_info_icon' style='background:#68669f;'><i style='color:#68669f' class='icon-circle'><\/i><\/span><div class=\"contact_info_text\"><a href=\"\/fr\/el-museo\/estancias\/cocina\/\">30 CUISINE<\/a><\/div><\/div><\/li><li class='contact_info_item'><div class='contact_info_wrapper'><span class='contact_info_icon' style='background:#68669f;'><i style='color:#68669f' class='icon-circle'><\/i><\/span><div class=\"contact_info_text\"><a href=\"\/fr\/el-museo\/estancias\/capilla-barbazana\/\">32 CHAPELLE BARBAZANA<\/a><\/div><\/div><\/li><li class='contact_info_item'><div class='contact_info_wrapper'><span class='contact_info_icon' style='background:#68669f;'><i style='color:#68669f' class='icon-circle'><\/i><\/span><div class=\"contact_info_text\"><a href=\"\/fr\/el-museo\/estancias\/capilla-de-san-juan-evangelista\/\">34 CHAPELLE DE SAINT JEAN L\u00b4EVANG\u00c9LISTE<\/a><\/div><\/div><\/li><li class='contact_info_item'><div class='contact_info_wrapper'><span class='contact_info_icon' style='background:#68669f;'><i style='color:#68669f' class='icon-circle'><\/i><\/span><div class=\"contact_info_text\"><a href=\"\/fr\/el-museo\/estancias\/capilla-de-santa-catalina\/\">35 CHAPELLE DE SAINTE CATHERINE<\/a><\/div><\/div><\/li><li class='contact_info_item'><div class='contact_info_wrapper'><span class='contact_info_icon' style='background:#68669f;'><i style='color:#68669f' class='icon-circle'><\/i><\/span><div class=\"contact_info_text\"><a href=\"\/fr\/el-museo\/estancias\/campanas-torre-sur\/\">37 CLOCHES TOUR SUD<\/a><\/div><\/div><\/li><li class='contact_info_item'><div class='contact_info_wrapper'><span class='contact_info_icon' style='background:#68669f;'><i style='color:#68669f' class='icon-circle'><\/i><\/span><div class=\"contact_info_text\"><a href=\"\/fr\/el-museo\/estancias\/puerta-de-san-jose\/\">39 PORTE DE SAINT JOSEPH<\/a><\/div><\/div><\/li><li class='contact_info_item'><div class='contact_info_wrapper'><span class='contact_info_icon' style='background:#68669f;'><i style='color:#68669f' class='icon-circle'><\/i><\/span><div class=\"contact_info_text\"><a href=\"\/fr\/el-museo\/estancias\/sacristia-mayor\/\">40 SACRISTIE MAJEURE<\/a><\/div><\/div><\/li><\/ul><\/div><!-- .module_cont --><\/div><div class='row'><div style='padding-bottom:50px;' class='span12  module_number_3 module_cont  module_html'>\n                <div class='module_content'>\n                    <a href=\"https:\/\/www.catedraldepamplona.com\/fr\/el-museo\/plano\/\"><img src=\"https:\/\/www.catedraldepamplona.com\/wp-content\/uploads\/PLANOCATEDRALfrNEW.webp\" width=\"100%\" \/><\/a>\n                <\/div><\/div><!-- .module_cont --><\/div>","protected":false},"excerpt":{"rendered":"<p>C\u2019est l\u2019un des clo\u00eetres les mieux conserv\u00e9s d\u2019Europe. La construction du clo\u00eetre commence en 1280 et se prolonge jusqu\u2019en 1330. Il est de style gothique, un style qui\u00a0 se fait plus complexe au fur et \u00e0 mesure que les travaux avancent. Les fa\u00e7ades se d\u00e9marquent : &#8211;Porte de l\u2019Amparo (vers 1320) : donne acc\u00e8s au temple. Elle repr\u00e9sente la Dormance de la Vierge et dans le croisillon se trouve la taille de la Vierge de l\u2019Amparo. &#8211;Porte de l\u2019Arcedianato (d\u00e9cennie de 1320) : divis\u00e9e en deux bandes, la sup\u00e9rieure repr\u00e9sente la Crucifixion tandis que l\u2019inf\u00e9rieure contient des sc\u00e8nes du cycle pascal. &#8211;Porte du R\u00e9fectoire (d\u00e9cennie de 1320) : donne acc\u00e8s \u00e0 la salle \u00e0 manger des chanoines. Elle est divis\u00e9e en deux bandes, la sup\u00e9rieure repr\u00e9sente l\u2019entr\u00e9e \u00e0 J\u00e9rusalem et l\u2019inf\u00e9rieure la C\u00e8ne.\u00a0 Sur les jambages se trouvent deux tailles de l\u2019\u00e9glise et la Synagogue. &#8211;Porte Pr\u00e9cieuse (d\u00e9cennie de 1325): donnait acc\u00e8s aux chambres des chanoines. La th\u00e9matique porte sur le passage de la Vierge qui comence par l\u2019ange annon\u00e7ant \u00e0 Marie sa mort prochaine et finit par le Couronnement. Plusieurs s\u00e9pulcres se trouvent \u00e9galement l\u00e0. &#8211;S\u00e9pulcre de la Famille Garro, gothique. &#8211;S\u00e9pulcre de Miguel S\u00e1nchez de Asiain, gothique. &#8211;S\u00e9pulcre [&hellip;]<\/p>\n","protected":false},"author":1,"featured_media":0,"parent":1904,"menu_order":15,"comment_status":"closed","ping_status":"closed","template":"","meta":{"_monsterinsights_skip_tracking":false,"_monsterinsights_sitenote_active":false,"_monsterinsights_sitenote_note":"","_monsterinsights_sitenote_category":0},"yoast_head":"<!-- This site is optimized with the Yoast SEO plugin v21.0 - https:\/\/yoast.com\/wordpress\/plugins\/seo\/ -->\n<title>18 CLO\u00ceTRE - Catedral de Pamplona<\/title>\n<meta name=\"robots\" content=\"index, follow, max-snippet:-1, max-image-preview:large, max-video-preview:-1\" \/>\n<link rel=\"canonical\" href=\"https:\/\/www.catedraldepamplona.com\/fr\/el-museo\/estancias\/cloitre-et-sur-cloitre\/\" \/>\n<meta property=\"og:locale\" content=\"fr_FR\" \/>\n<meta property=\"og:type\" content=\"article\" \/>\n<meta property=\"og:title\" content=\"18 CLO\u00ceTRE - Catedral de Pamplona\" \/>\n<meta property=\"og:description\" content=\"C\u2019est l\u2019un des clo\u00eetres les mieux conserv\u00e9s d\u2019Europe. La construction du clo\u00eetre commence en 1280 et se prolonge jusqu\u2019en 1330. Il est de style gothique, un style qui\u00a0 se fait plus complexe au fur et \u00e0 mesure que les travaux avancent. Les fa\u00e7ades se d\u00e9marquent : &#8211;Porte de l\u2019Amparo (vers 1320) : donne acc\u00e8s au temple. Elle repr\u00e9sente la Dormance de la Vierge et dans le croisillon se trouve la taille de la Vierge de l\u2019Amparo. &#8211;Porte de l\u2019Arcedianato (d\u00e9cennie de 1320) : divis\u00e9e en deux bandes, la sup\u00e9rieure repr\u00e9sente la Crucifixion tandis que l\u2019inf\u00e9rieure contient des sc\u00e8nes du cycle pascal. &#8211;Porte du R\u00e9fectoire (d\u00e9cennie de 1320) : donne acc\u00e8s \u00e0 la salle \u00e0 manger des chanoines. Elle est divis\u00e9e en deux bandes, la sup\u00e9rieure repr\u00e9sente l\u2019entr\u00e9e \u00e0 J\u00e9rusalem et l\u2019inf\u00e9rieure la C\u00e8ne.\u00a0 Sur les jambages se trouvent deux tailles de l\u2019\u00e9glise et la Synagogue. &#8211;Porte Pr\u00e9cieuse (d\u00e9cennie de 1325): donnait acc\u00e8s aux chambres des chanoines. La th\u00e9matique porte sur le passage de la Vierge qui comence par l\u2019ange annon\u00e7ant \u00e0 Marie sa mort prochaine et finit par le Couronnement. Plusieurs s\u00e9pulcres se trouvent \u00e9galement l\u00e0. &#8211;S\u00e9pulcre de la Famille Garro, gothique. &#8211;S\u00e9pulcre de Miguel S\u00e1nchez de Asiain, gothique. &#8211;S\u00e9pulcre [&hellip;]\" \/>\n<meta property=\"og:url\" content=\"https:\/\/www.catedraldepamplona.com\/fr\/el-museo\/estancias\/cloitre-et-sur-cloitre\/\" \/>\n<meta property=\"og:site_name\" content=\"Catedral de Pamplona\" \/>\n<meta property=\"article:modified_time\" content=\"2023-10-17T08:33:45+00:00\" \/>\n<meta property=\"og:image\" content=\"https:\/\/www.catedraldepamplona.com\/wp-content\/uploads\/CLAUSTROREDONDO.jpg\" \/>\n<meta name=\"twitter:card\" content=\"summary_large_image\" \/>\n<meta name=\"twitter:label1\" content=\"Dur\u00e9e de lecture estim\u00e9e\" \/>\n\t<meta name=\"twitter:data1\" content=\"2 minutes\" \/>\n<script type=\"application\/ld+json\" class=\"yoast-schema-graph\">{\"@context\":\"https:\/\/schema.org\",\"@graph\":[{\"@type\":\"WebPage\",\"@id\":\"https:\/\/www.catedraldepamplona.com\/fr\/el-museo\/estancias\/cloitre-et-sur-cloitre\/\",\"url\":\"https:\/\/www.catedraldepamplona.com\/fr\/el-museo\/estancias\/cloitre-et-sur-cloitre\/\",\"name\":\"18 CLO\u00ceTRE - Catedral de Pamplona\",\"isPartOf\":{\"@id\":\"https:\/\/www.catedraldepamplona.com\/#website\"},\"datePublished\":\"2017-01-27T17:18:49+00:00\",\"dateModified\":\"2023-10-17T08:33:45+00:00\",\"breadcrumb\":{\"@id\":\"https:\/\/www.catedraldepamplona.com\/fr\/el-museo\/estancias\/cloitre-et-sur-cloitre\/#breadcrumb\"},\"inLanguage\":\"fr-FR\",\"potentialAction\":[{\"@type\":\"ReadAction\",\"target\":[\"https:\/\/www.catedraldepamplona.com\/fr\/el-museo\/estancias\/cloitre-et-sur-cloitre\/\"]}]},{\"@type\":\"BreadcrumbList\",\"@id\":\"https:\/\/www.catedraldepamplona.com\/fr\/el-museo\/estancias\/cloitre-et-sur-cloitre\/#breadcrumb\",\"itemListElement\":[{\"@type\":\"ListItem\",\"position\":1,\"name\":\"Portada\",\"item\":\"https:\/\/www.catedraldepamplona.com\/fr\/\"},{\"@type\":\"ListItem\",\"position\":2,\"name\":\"LE MUS\u00c9E DE LA CATH\u00c9DRALE DE PAMPELUNE\",\"item\":\"https:\/\/www.catedraldepamplona.com\/fr\/el-museo\/\"},{\"@type\":\"ListItem\",\"position\":3,\"name\":\"SALLES PRINCIPALES\",\"item\":\"https:\/\/www.catedraldepamplona.com\/fr\/el-museo\/estancias\/\"},{\"@type\":\"ListItem\",\"position\":4,\"name\":\"18 CLO\u00ceTRE\"}]},{\"@type\":\"WebSite\",\"@id\":\"https:\/\/www.catedraldepamplona.com\/#website\",\"url\":\"https:\/\/www.catedraldepamplona.com\/\",\"name\":\"Catedral de Pamplona\",\"description\":\"P\u00e1gina oficial de la Catedral de Pamplona\",\"potentialAction\":[{\"@type\":\"SearchAction\",\"target\":{\"@type\":\"EntryPoint\",\"urlTemplate\":\"https:\/\/www.catedraldepamplona.com\/?s={search_term_string}\"},\"query-input\":\"required name=search_term_string\"}],\"inLanguage\":\"fr-FR\"}]}<\/script>\n<!-- \/ Yoast SEO plugin. -->","yoast_head_json":{"title":"18 CLO\u00ceTRE - Catedral de Pamplona","robots":{"index":"index","follow":"follow","max-snippet":"max-snippet:-1","max-image-preview":"max-image-preview:large","max-video-preview":"max-video-preview:-1"},"canonical":"https:\/\/www.catedraldepamplona.com\/fr\/el-museo\/estancias\/cloitre-et-sur-cloitre\/","og_locale":"fr_FR","og_type":"article","og_title":"18 CLO\u00ceTRE - Catedral de Pamplona","og_description":"C\u2019est l\u2019un des clo\u00eetres les mieux conserv\u00e9s d\u2019Europe. La construction du clo\u00eetre commence en 1280 et se prolonge jusqu\u2019en 1330. Il est de style gothique, un style qui\u00a0 se fait plus complexe au fur et \u00e0 mesure que les travaux avancent. Les fa\u00e7ades se d\u00e9marquent : &#8211;Porte de l\u2019Amparo (vers 1320) : donne acc\u00e8s au temple. Elle repr\u00e9sente la Dormance de la Vierge et dans le croisillon se trouve la taille de la Vierge de l\u2019Amparo. &#8211;Porte de l\u2019Arcedianato (d\u00e9cennie de 1320) : divis\u00e9e en deux bandes, la sup\u00e9rieure repr\u00e9sente la Crucifixion tandis que l\u2019inf\u00e9rieure contient des sc\u00e8nes du cycle pascal. &#8211;Porte du R\u00e9fectoire (d\u00e9cennie de 1320) : donne acc\u00e8s \u00e0 la salle \u00e0 manger des chanoines. Elle est divis\u00e9e en deux bandes, la sup\u00e9rieure repr\u00e9sente l\u2019entr\u00e9e \u00e0 J\u00e9rusalem et l\u2019inf\u00e9rieure la C\u00e8ne.\u00a0 Sur les jambages se trouvent deux tailles de l\u2019\u00e9glise et la Synagogue. &#8211;Porte Pr\u00e9cieuse (d\u00e9cennie de 1325): donnait acc\u00e8s aux chambres des chanoines. La th\u00e9matique porte sur le passage de la Vierge qui comence par l\u2019ange annon\u00e7ant \u00e0 Marie sa mort prochaine et finit par le Couronnement. Plusieurs s\u00e9pulcres se trouvent \u00e9galement l\u00e0. &#8211;S\u00e9pulcre de la Famille Garro, gothique. &#8211;S\u00e9pulcre de Miguel S\u00e1nchez de Asiain, gothique. &#8211;S\u00e9pulcre [&hellip;]","og_url":"https:\/\/www.catedraldepamplona.com\/fr\/el-museo\/estancias\/cloitre-et-sur-cloitre\/","og_site_name":"Catedral de Pamplona","article_modified_time":"2023-10-17T08:33:45+00:00","og_image":[{"url":"https:\/\/www.catedraldepamplona.com\/wp-content\/uploads\/CLAUSTROREDONDO.jpg"}],"twitter_card":"summary_large_image","twitter_misc":{"Dur\u00e9e de lecture estim\u00e9e":"2 minutes"},"schema":{"@context":"https:\/\/schema.org","@graph":[{"@type":"WebPage","@id":"https:\/\/www.catedraldepamplona.com\/fr\/el-museo\/estancias\/cloitre-et-sur-cloitre\/","url":"https:\/\/www.catedraldepamplona.com\/fr\/el-museo\/estancias\/cloitre-et-sur-cloitre\/","name":"18 CLO\u00ceTRE - Catedral de Pamplona","isPartOf":{"@id":"https:\/\/www.catedraldepamplona.com\/#website"},"datePublished":"2017-01-27T17:18:49+00:00","dateModified":"2023-10-17T08:33:45+00:00","breadcrumb":{"@id":"https:\/\/www.catedraldepamplona.com\/fr\/el-museo\/estancias\/cloitre-et-sur-cloitre\/#breadcrumb"},"inLanguage":"fr-FR","potentialAction":[{"@type":"ReadAction","target":["https:\/\/www.catedraldepamplona.com\/fr\/el-museo\/estancias\/cloitre-et-sur-cloitre\/"]}]},{"@type":"BreadcrumbList","@id":"https:\/\/www.catedraldepamplona.com\/fr\/el-museo\/estancias\/cloitre-et-sur-cloitre\/#breadcrumb","itemListElement":[{"@type":"ListItem","position":1,"name":"Portada","item":"https:\/\/www.catedraldepamplona.com\/fr\/"},{"@type":"ListItem","position":2,"name":"LE MUS\u00c9E DE LA CATH\u00c9DRALE DE PAMPELUNE","item":"https:\/\/www.catedraldepamplona.com\/fr\/el-museo\/"},{"@type":"ListItem","position":3,"name":"SALLES PRINCIPALES","item":"https:\/\/www.catedraldepamplona.com\/fr\/el-museo\/estancias\/"},{"@type":"ListItem","position":4,"name":"18 CLO\u00ceTRE"}]},{"@type":"WebSite","@id":"https:\/\/www.catedraldepamplona.com\/#website","url":"https:\/\/www.catedraldepamplona.com\/","name":"Catedral de Pamplona","description":"P\u00e1gina oficial de la Catedral de Pamplona","potentialAction":[{"@type":"SearchAction","target":{"@type":"EntryPoint","urlTemplate":"https:\/\/www.catedraldepamplona.com\/?s={search_term_string}"},"query-input":"required name=search_term_string"}],"inLanguage":"fr-FR"}]}},"_links":{"self":[{"href":"https:\/\/www.catedraldepamplona.com\/fr\/wp-json\/wp\/v2\/pages\/1706"}],"collection":[{"href":"https:\/\/www.catedraldepamplona.com\/fr\/wp-json\/wp\/v2\/pages"}],"about":[{"href":"https:\/\/www.catedraldepamplona.com\/fr\/wp-json\/wp\/v2\/types\/page"}],"author":[{"embeddable":true,"href":"https:\/\/www.catedraldepamplona.com\/fr\/wp-json\/wp\/v2\/users\/1"}],"replies":[{"embeddable":true,"href":"https:\/\/www.catedraldepamplona.com\/fr\/wp-json\/wp\/v2\/comments?post=1706"}],"version-history":[{"count":8,"href":"https:\/\/www.catedraldepamplona.com\/fr\/wp-json\/wp\/v2\/pages\/1706\/revisions"}],"predecessor-version":[{"id":5374,"href":"https:\/\/www.catedraldepamplona.com\/fr\/wp-json\/wp\/v2\/pages\/1706\/revisions\/5374"}],"up":[{"embeddable":true,"href":"https:\/\/www.catedraldepamplona.com\/fr\/wp-json\/wp\/v2\/pages\/1904"}],"wp:attachment":[{"href":"https:\/\/www.catedraldepamplona.com\/fr\/wp-json\/wp\/v2\/media?parent=1706"}],"curies":[{"name":"wp","href":"https:\/\/api.w.org\/{rel}","templated":true}]}}