{"id":1695,"date":"2017-01-27T17:15:48","date_gmt":"2017-01-27T17:15:48","guid":{"rendered":"https:\/\/www.catedraldepamplona.com\/fr\/?page_id=1695"},"modified":"2023-10-16T17:49:35","modified_gmt":"2023-10-16T17:49:35","slug":"le-deambulatoire","status":"publish","type":"page","link":"https:\/\/www.catedraldepamplona.com\/fr\/el-museo\/estancias\/le-deambulatoire\/","title":{"rendered":"10 LE D\u00c9AMBULATOIRE"},"content":{"rendered":"<p><img decoding=\"async\" loading=\"lazy\" class=\"alignnone size-full wp-image-477\" src=\"https:\/\/www.catedraldepamplona.com\/wp-content\/uploads\/GIROLA.webp\" alt=\"girola01\" width=\"1280\" height=\"853\" \/><\/p>\n<p>La <strong>chapelle de Sandoval<\/strong> et son retable, pr\u00e9sid\u00e9 par saint Beno\u00eet, ont \u00e9t\u00e9 r\u00e9alis\u00e9s entre 1632 et 1634.<\/p>\n<p>Le <strong>retable de saint Augustin<\/strong> (XVIIe si\u00e8cle) abrite les restes de sainte Colombe. Des deux c\u00f4t\u00e9s se trouvent les peintures en cuivre de la Naissance de J\u00e9sus et de l\u2019\u00c9piphanie.<\/p>\n<p>Le r<strong>etable des Chambellans<\/strong> (1713, par Ferm\u00edn Larr\u00e1inzar) est consacr\u00e9 \u00e0 sainte Barbe et \u00e0 sainte Agueda accompagn\u00e9es d\u2019autres saints. Le crucifi\u00e9 de la partie inf\u00e9rieure date du XVIIe si\u00e8cle et l\u2019urne de saint Fid\u00e8le, de 1731.<\/p>\n<p>Le <strong>retable de saint Ferm\u00edn<\/strong>, \u00e9galement de 1713 et du m\u00eame sculpteur, est pr\u00e9sid\u00e9 par ce saint. Les restes de sainte Deodate s\u2019y trouvent.<\/p>\n<p>La <strong>C\u00e8ne et la Pri\u00e8re dans le Jardin<\/strong> (1840) sont des \u0153uvres de facture n\u00e9o-classique de Juan G\u00e1lvez.<\/p>\n<p>Le <strong>retable de saint Thomas<\/strong> (1507), aussi appel\u00e9 de Caparroso, est pr\u00e9sid\u00e9 par la sculpture de l\u2019incr\u00e9dulit\u00e9 de saint Thomas, la pr\u00e9delle contient des sc\u00e8nes de la Passion du Christ, \u00e0 gauche des sc\u00e8nes biographiques de la Vierge, le cycle pascal \u00e0 droite et le Couronnement de la Vierge sur la partie sup\u00e9rieure.<\/p>\n<p>Le <strong>retable de la Pi\u00e9t\u00e9<\/strong> (1600) contient un relief repr\u00e9sentant Marie tenant le corps du Christ. Sur la fa\u00e7ade se trouve le blason de la Maison d\u2019Autriche.<\/p>\n<hr style=\"margin-top: 20px; margin-bottom: 20px; color: #ccc;\" \/>\n<div class='row'><div style='padding-bottom:50px;' class='span6 first-module module_number_1 module_cont  module_contact_info'><ul class='contact_info_list'><li class='contact_info_item'><div class='contact_info_wrapper'><span class='contact_info_icon' style='background:#68669f;'><i style='color:#68669f' class='icon-circle'><\/i><\/span><div class=\"contact_info_text\"><a href=\"\/fr\/el-museo\/estancias\/fachada\/\">0 FA\u00c7ADE<\/a><\/div><\/div><\/li><li class='contact_info_item'><div class='contact_info_wrapper'><span class='contact_info_icon' style='background:#68669f;'><i style='color:#68669f' class='icon-circle'><\/i><\/span><div class=\"contact_info_text\"><a href=\"\/fr\/el-museo\/estancias\/campanas-torre-norte\/\">1 CLOCHES TOUR NORD<\/a><\/div><\/div><\/li><li class='contact_info_item'><div class='contact_info_wrapper'><span class='contact_info_icon' style='background:#68669f;'><i style='color:#68669f' class='icon-circle'><\/i><\/span><div class=\"contact_info_text\"><a href=\"\/fr\/el-museo\/estancias\/capilla-de-san-juan-bautista\/\">2 CHAPELLE DE SAINT JEAN BAPTISTE<\/a><\/div><\/div><\/li><li class='contact_info_item'><div class='contact_info_wrapper'><span class='contact_info_icon' style='background:#68669f;'><i style='color:#68669f' class='icon-circle'><\/i><\/span><div class=\"contact_info_text\"><a href=\"\/fr\/el-museo\/estancias\/capilla-de-santa-cristina\/\">3 CHAPELLE DE SAINTE CHRISTINE<\/a><\/div><\/div><\/li><li class='contact_info_item'><div class='contact_info_wrapper'><span class='contact_info_icon' style='background:#68669f;'><i style='color:#68669f' class='icon-circle'><\/i><\/span><div class=\"contact_info_text\"><a href=\"\/fr\/el-museo\/estancias\/capilla-de-san-jose\/\">4 CHAPELLE DE SAINT JOSEPH<\/a><\/div><\/div><\/li><li class='contact_info_item'><div class='contact_info_wrapper'><span class='contact_info_icon' style='background:#68669f;'><i style='color:#68669f' class='icon-circle'><\/i><\/span><div class=\"contact_info_text\"><a href=\"\/fr\/el-museo\/estancias\/mausoleo-real\/\">5 MAUSOL\u00c9E ROYAL<\/a><\/div><\/div><\/li><li class='contact_info_item'><div class='contact_info_wrapper'><span class='contact_info_icon' style='background:#68669f;'><i style='color:#68669f' class='icon-circle'><\/i><\/span><div class=\"contact_info_text\"><a href=\"\/fr\/el-museo\/estancias\/capilla-de-san-martin\/\">6 CHAPELLE DE SAINT MARTIN<\/a><\/div><\/div><\/li><li class='contact_info_item'><div class='contact_info_wrapper'><span class='contact_info_icon' style='background:#68669f;'><i style='color:#68669f' class='icon-circle'><\/i><\/span><div class=\"contact_info_text\"><a href=\"\/fr\/el-museo\/estancias\/brazo-norte-del-crucero\/\">7 BRAS NORD DE LA CROIS\u00c9E <\/a><\/div><\/div><\/li><li class='contact_info_item'><div class='contact_info_wrapper'><span class='contact_info_icon' style='background:#68669f;'><i style='color:#68669f' class='icon-circle'><\/i><\/span><div class=\"contact_info_text\"><a href=\"\/fr\/el-museo\/estancias\/presbiterio\/\">8 PRESBYT\u00c8RE<\/a><\/div><\/div><\/li><li class='contact_info_item'><div class='contact_info_wrapper'><span class='contact_info_icon' style='background:#68669f;'><i style='color:#ffffff' class='icon-circle'><\/i><\/span><div class=\"contact_info_text\">10 LE D\u00c9AMBULATOIRE<\/div><\/div><\/li><li class='contact_info_item'><div class='contact_info_wrapper'><span class='contact_info_icon' style='background:#68669f;'><i style='color:#68669f' class='icon-circle'><\/i><\/span><div class=\"contact_info_text\"><a href=\"\/fr\/el-museo\/estancias\/capilla-del-santisimo\/\">13 CHAPELLE DU TR\u00c8S SAINT<\/a><\/div><\/div><\/li><\/ul><\/div><!-- .module_cont --><div style='padding-bottom:50px;' class='span6  module_number_2 module_cont  module_contact_info'><ul class='contact_info_list'><li class='contact_info_item'><div class='contact_info_wrapper'><span class='contact_info_icon' style='background:#68669f;'><i style='color:#68669f' class='icon-circle'><\/i><\/span><div class=\"contact_info_text\"><a href=\"\/fr\/el-museo\/estancias\/cilleria\/\">16 CELLIER<\/a><\/div><\/div><\/li><li class='contact_info_item'><div class='contact_info_wrapper'><span class='contact_info_icon' style='background:#68669f;'><i style='color:#68669f' class='icon-circle'><\/i><\/span><div class=\"contact_info_text\"><a href=\"\/fr\/el-museo\/estancias\/claustro-y-sobreclaustro\/\">18 CLO\u00ceTRE<\/a><\/div><\/div><\/li><li class='contact_info_item'><div class='contact_info_wrapper'><span class='contact_info_icon' style='background:#68669f;'><i style='color:#68669f' class='icon-circle'><\/i><\/span><div class=\"contact_info_text\"><a href=\"\/fr\/el-museo\/estancias\/antigua-residencia-episcopal\/\">19 ANCIENNE R\u00c9SIDENCE \u00c9PISCOPALE<\/a><\/div><\/div><\/li><li class='contact_info_item'><div class='contact_info_wrapper'><span class='contact_info_icon' style='background:#68669f;'><i style='color:#68669f' class='icon-circle'><\/i><\/span><div class=\"contact_info_text\"><a href=\"\/fr\/el-museo\/estancias\/refectorio\/\">29 R\u00c9FECTOIRE<\/a><\/div><\/div><\/li><li class='contact_info_item'><div class='contact_info_wrapper'><span class='contact_info_icon' style='background:#68669f;'><i style='color:#68669f' class='icon-circle'><\/i><\/span><div class=\"contact_info_text\"><a href=\"\/fr\/el-museo\/estancias\/cocina\/\">30 CUISINE<\/a><\/div><\/div><\/li><li class='contact_info_item'><div class='contact_info_wrapper'><span class='contact_info_icon' style='background:#68669f;'><i style='color:#68669f' class='icon-circle'><\/i><\/span><div class=\"contact_info_text\"><a href=\"\/fr\/el-museo\/estancias\/capilla-barbazana\/\">32 CHAPELLE BARBAZANA<\/a><\/div><\/div><\/li><li class='contact_info_item'><div class='contact_info_wrapper'><span class='contact_info_icon' style='background:#68669f;'><i style='color:#68669f' class='icon-circle'><\/i><\/span><div class=\"contact_info_text\"><a href=\"\/fr\/el-museo\/estancias\/capilla-de-san-juan-evangelista\/\">34 CHAPELLE DE SAINT JEAN L\u00b4EVANG\u00c9LISTE<\/a><\/div><\/div><\/li><li class='contact_info_item'><div class='contact_info_wrapper'><span class='contact_info_icon' style='background:#68669f;'><i style='color:#68669f' class='icon-circle'><\/i><\/span><div class=\"contact_info_text\"><a href=\"\/fr\/el-museo\/estancias\/capilla-de-santa-catalina\/\">35 CHAPELLE DE SAINTE CATHERINE<\/a><\/div><\/div><\/li><li class='contact_info_item'><div class='contact_info_wrapper'><span class='contact_info_icon' style='background:#68669f;'><i style='color:#68669f' class='icon-circle'><\/i><\/span><div class=\"contact_info_text\"><a href=\"\/fr\/el-museo\/estancias\/campanas-torre-sur\/\">37 CLOCHES TOUR SUD<\/a><\/div><\/div><\/li><li class='contact_info_item'><div class='contact_info_wrapper'><span class='contact_info_icon' style='background:#68669f;'><i style='color:#68669f' class='icon-circle'><\/i><\/span><div class=\"contact_info_text\"><a href=\"\/fr\/el-museo\/estancias\/puerta-de-san-jose\/\">39 PORTE DE SAINT JOSEPH<\/a><\/div><\/div><\/li><li class='contact_info_item'><div class='contact_info_wrapper'><span class='contact_info_icon' style='background:#68669f;'><i style='color:#68669f' class='icon-circle'><\/i><\/span><div class=\"contact_info_text\"><a href=\"\/fr\/el-museo\/estancias\/sacristia-mayor\/\">40 SACRISTIE MAJEURE<\/a><\/div><\/div><\/li><\/ul><\/div><!-- .module_cont --><\/div><div class='row'><div style='padding-bottom:50px;' class='span12  module_number_3 module_cont  module_html'>\n                <div class='module_content'>\n                    <a href=\"https:\/\/www.catedraldepamplona.com\/fr\/el-museo\/plano\/\"><img src=\"https:\/\/www.catedraldepamplona.com\/wp-content\/uploads\/PLANOCATEDRALfrNEW.webp\" width=\"100%\" \/><\/a>\n                <\/div><\/div><!-- .module_cont --><\/div>","protected":false},"excerpt":{"rendered":"<p>La chapelle de Sandoval et son retable, pr\u00e9sid\u00e9 par saint Beno\u00eet, ont \u00e9t\u00e9 r\u00e9alis\u00e9s entre 1632 et 1634. Le retable de saint Augustin (XVIIe si\u00e8cle) abrite les restes de sainte Colombe. Des deux c\u00f4t\u00e9s se trouvent les peintures en cuivre de la Naissance de J\u00e9sus et de l\u2019\u00c9piphanie. Le retable des Chambellans (1713, par Ferm\u00edn Larr\u00e1inzar) est consacr\u00e9 \u00e0 sainte Barbe et \u00e0 sainte Agueda accompagn\u00e9es d\u2019autres saints. Le crucifi\u00e9 de la partie inf\u00e9rieure date du XVIIe si\u00e8cle et l\u2019urne de saint Fid\u00e8le, de 1731. Le retable de saint Ferm\u00edn, \u00e9galement de 1713 et du m\u00eame sculpteur, est pr\u00e9sid\u00e9 par ce saint. Les restes de sainte Deodate s\u2019y trouvent. La C\u00e8ne et la Pri\u00e8re dans le Jardin (1840) sont des \u0153uvres de facture n\u00e9o-classique de Juan G\u00e1lvez. Le retable de saint Thomas (1507), aussi appel\u00e9 de Caparroso, est pr\u00e9sid\u00e9 par la sculpture de l\u2019incr\u00e9dulit\u00e9 de saint Thomas, la pr\u00e9delle contient des sc\u00e8nes de la Passion du Christ, \u00e0 gauche des sc\u00e8nes biographiques de la Vierge, le cycle pascal \u00e0 droite et le Couronnement de la Vierge sur la partie sup\u00e9rieure. Le retable de la Pi\u00e9t\u00e9 (1600) contient un relief repr\u00e9sentant Marie tenant le corps du Christ. Sur la fa\u00e7ade se [&hellip;]<\/p>\n","protected":false},"author":1,"featured_media":0,"parent":1904,"menu_order":10,"comment_status":"closed","ping_status":"closed","template":"","meta":{"_monsterinsights_skip_tracking":false,"_monsterinsights_sitenote_active":false,"_monsterinsights_sitenote_note":"","_monsterinsights_sitenote_category":0},"yoast_head":"<!-- This site is optimized with the Yoast SEO plugin v21.0 - https:\/\/yoast.com\/wordpress\/plugins\/seo\/ -->\n<title>10 LE D\u00c9AMBULATOIRE - Catedral de Pamplona<\/title>\n<meta name=\"robots\" content=\"index, follow, max-snippet:-1, max-image-preview:large, max-video-preview:-1\" \/>\n<link rel=\"canonical\" href=\"https:\/\/www.catedraldepamplona.com\/fr\/el-museo\/estancias\/le-deambulatoire\/\" \/>\n<meta property=\"og:locale\" content=\"fr_FR\" \/>\n<meta property=\"og:type\" content=\"article\" \/>\n<meta property=\"og:title\" content=\"10 LE D\u00c9AMBULATOIRE - Catedral de Pamplona\" \/>\n<meta property=\"og:description\" content=\"La chapelle de Sandoval et son retable, pr\u00e9sid\u00e9 par saint Beno\u00eet, ont \u00e9t\u00e9 r\u00e9alis\u00e9s entre 1632 et 1634. Le retable de saint Augustin (XVIIe si\u00e8cle) abrite les restes de sainte Colombe. Des deux c\u00f4t\u00e9s se trouvent les peintures en cuivre de la Naissance de J\u00e9sus et de l\u2019\u00c9piphanie. Le retable des Chambellans (1713, par Ferm\u00edn Larr\u00e1inzar) est consacr\u00e9 \u00e0 sainte Barbe et \u00e0 sainte Agueda accompagn\u00e9es d\u2019autres saints. Le crucifi\u00e9 de la partie inf\u00e9rieure date du XVIIe si\u00e8cle et l\u2019urne de saint Fid\u00e8le, de 1731. Le retable de saint Ferm\u00edn, \u00e9galement de 1713 et du m\u00eame sculpteur, est pr\u00e9sid\u00e9 par ce saint. Les restes de sainte Deodate s\u2019y trouvent. La C\u00e8ne et la Pri\u00e8re dans le Jardin (1840) sont des \u0153uvres de facture n\u00e9o-classique de Juan G\u00e1lvez. Le retable de saint Thomas (1507), aussi appel\u00e9 de Caparroso, est pr\u00e9sid\u00e9 par la sculpture de l\u2019incr\u00e9dulit\u00e9 de saint Thomas, la pr\u00e9delle contient des sc\u00e8nes de la Passion du Christ, \u00e0 gauche des sc\u00e8nes biographiques de la Vierge, le cycle pascal \u00e0 droite et le Couronnement de la Vierge sur la partie sup\u00e9rieure. Le retable de la Pi\u00e9t\u00e9 (1600) contient un relief repr\u00e9sentant Marie tenant le corps du Christ. Sur la fa\u00e7ade se [&hellip;]\" \/>\n<meta property=\"og:url\" content=\"https:\/\/www.catedraldepamplona.com\/fr\/el-museo\/estancias\/le-deambulatoire\/\" \/>\n<meta property=\"og:site_name\" content=\"Catedral de Pamplona\" \/>\n<meta property=\"article:modified_time\" content=\"2023-10-16T17:49:35+00:00\" \/>\n<meta property=\"og:image\" content=\"https:\/\/www.catedraldepamplona.com\/wp-content\/uploads\/GIROLA.webp\" \/>\n<meta name=\"twitter:card\" content=\"summary_large_image\" \/>\n<meta name=\"twitter:label1\" content=\"Dur\u00e9e de lecture estim\u00e9e\" \/>\n\t<meta name=\"twitter:data1\" content=\"2 minutes\" \/>\n<script type=\"application\/ld+json\" class=\"yoast-schema-graph\">{\"@context\":\"https:\/\/schema.org\",\"@graph\":[{\"@type\":\"WebPage\",\"@id\":\"https:\/\/www.catedraldepamplona.com\/fr\/el-museo\/estancias\/le-deambulatoire\/\",\"url\":\"https:\/\/www.catedraldepamplona.com\/fr\/el-museo\/estancias\/le-deambulatoire\/\",\"name\":\"10 LE D\u00c9AMBULATOIRE - Catedral de Pamplona\",\"isPartOf\":{\"@id\":\"https:\/\/www.catedraldepamplona.com\/#website\"},\"datePublished\":\"2017-01-27T17:15:48+00:00\",\"dateModified\":\"2023-10-16T17:49:35+00:00\",\"breadcrumb\":{\"@id\":\"https:\/\/www.catedraldepamplona.com\/fr\/el-museo\/estancias\/le-deambulatoire\/#breadcrumb\"},\"inLanguage\":\"fr-FR\",\"potentialAction\":[{\"@type\":\"ReadAction\",\"target\":[\"https:\/\/www.catedraldepamplona.com\/fr\/el-museo\/estancias\/le-deambulatoire\/\"]}]},{\"@type\":\"BreadcrumbList\",\"@id\":\"https:\/\/www.catedraldepamplona.com\/fr\/el-museo\/estancias\/le-deambulatoire\/#breadcrumb\",\"itemListElement\":[{\"@type\":\"ListItem\",\"position\":1,\"name\":\"Portada\",\"item\":\"https:\/\/www.catedraldepamplona.com\/fr\/\"},{\"@type\":\"ListItem\",\"position\":2,\"name\":\"LE MUS\u00c9E DE LA CATH\u00c9DRALE DE PAMPELUNE\",\"item\":\"https:\/\/www.catedraldepamplona.com\/fr\/el-museo\/\"},{\"@type\":\"ListItem\",\"position\":3,\"name\":\"SALLES PRINCIPALES\",\"item\":\"https:\/\/www.catedraldepamplona.com\/fr\/el-museo\/estancias\/\"},{\"@type\":\"ListItem\",\"position\":4,\"name\":\"10 LE D\u00c9AMBULATOIRE\"}]},{\"@type\":\"WebSite\",\"@id\":\"https:\/\/www.catedraldepamplona.com\/#website\",\"url\":\"https:\/\/www.catedraldepamplona.com\/\",\"name\":\"Catedral de Pamplona\",\"description\":\"P\u00e1gina oficial de la Catedral de Pamplona\",\"potentialAction\":[{\"@type\":\"SearchAction\",\"target\":{\"@type\":\"EntryPoint\",\"urlTemplate\":\"https:\/\/www.catedraldepamplona.com\/?s={search_term_string}\"},\"query-input\":\"required name=search_term_string\"}],\"inLanguage\":\"fr-FR\"}]}<\/script>\n<!-- \/ Yoast SEO plugin. -->","yoast_head_json":{"title":"10 LE D\u00c9AMBULATOIRE - Catedral de Pamplona","robots":{"index":"index","follow":"follow","max-snippet":"max-snippet:-1","max-image-preview":"max-image-preview:large","max-video-preview":"max-video-preview:-1"},"canonical":"https:\/\/www.catedraldepamplona.com\/fr\/el-museo\/estancias\/le-deambulatoire\/","og_locale":"fr_FR","og_type":"article","og_title":"10 LE D\u00c9AMBULATOIRE - Catedral de Pamplona","og_description":"La chapelle de Sandoval et son retable, pr\u00e9sid\u00e9 par saint Beno\u00eet, ont \u00e9t\u00e9 r\u00e9alis\u00e9s entre 1632 et 1634. Le retable de saint Augustin (XVIIe si\u00e8cle) abrite les restes de sainte Colombe. Des deux c\u00f4t\u00e9s se trouvent les peintures en cuivre de la Naissance de J\u00e9sus et de l\u2019\u00c9piphanie. Le retable des Chambellans (1713, par Ferm\u00edn Larr\u00e1inzar) est consacr\u00e9 \u00e0 sainte Barbe et \u00e0 sainte Agueda accompagn\u00e9es d\u2019autres saints. Le crucifi\u00e9 de la partie inf\u00e9rieure date du XVIIe si\u00e8cle et l\u2019urne de saint Fid\u00e8le, de 1731. Le retable de saint Ferm\u00edn, \u00e9galement de 1713 et du m\u00eame sculpteur, est pr\u00e9sid\u00e9 par ce saint. Les restes de sainte Deodate s\u2019y trouvent. La C\u00e8ne et la Pri\u00e8re dans le Jardin (1840) sont des \u0153uvres de facture n\u00e9o-classique de Juan G\u00e1lvez. Le retable de saint Thomas (1507), aussi appel\u00e9 de Caparroso, est pr\u00e9sid\u00e9 par la sculpture de l\u2019incr\u00e9dulit\u00e9 de saint Thomas, la pr\u00e9delle contient des sc\u00e8nes de la Passion du Christ, \u00e0 gauche des sc\u00e8nes biographiques de la Vierge, le cycle pascal \u00e0 droite et le Couronnement de la Vierge sur la partie sup\u00e9rieure. Le retable de la Pi\u00e9t\u00e9 (1600) contient un relief repr\u00e9sentant Marie tenant le corps du Christ. Sur la fa\u00e7ade se [&hellip;]","og_url":"https:\/\/www.catedraldepamplona.com\/fr\/el-museo\/estancias\/le-deambulatoire\/","og_site_name":"Catedral de Pamplona","article_modified_time":"2023-10-16T17:49:35+00:00","og_image":[{"url":"https:\/\/www.catedraldepamplona.com\/wp-content\/uploads\/GIROLA.webp"}],"twitter_card":"summary_large_image","twitter_misc":{"Dur\u00e9e de lecture estim\u00e9e":"2 minutes"},"schema":{"@context":"https:\/\/schema.org","@graph":[{"@type":"WebPage","@id":"https:\/\/www.catedraldepamplona.com\/fr\/el-museo\/estancias\/le-deambulatoire\/","url":"https:\/\/www.catedraldepamplona.com\/fr\/el-museo\/estancias\/le-deambulatoire\/","name":"10 LE D\u00c9AMBULATOIRE - Catedral de Pamplona","isPartOf":{"@id":"https:\/\/www.catedraldepamplona.com\/#website"},"datePublished":"2017-01-27T17:15:48+00:00","dateModified":"2023-10-16T17:49:35+00:00","breadcrumb":{"@id":"https:\/\/www.catedraldepamplona.com\/fr\/el-museo\/estancias\/le-deambulatoire\/#breadcrumb"},"inLanguage":"fr-FR","potentialAction":[{"@type":"ReadAction","target":["https:\/\/www.catedraldepamplona.com\/fr\/el-museo\/estancias\/le-deambulatoire\/"]}]},{"@type":"BreadcrumbList","@id":"https:\/\/www.catedraldepamplona.com\/fr\/el-museo\/estancias\/le-deambulatoire\/#breadcrumb","itemListElement":[{"@type":"ListItem","position":1,"name":"Portada","item":"https:\/\/www.catedraldepamplona.com\/fr\/"},{"@type":"ListItem","position":2,"name":"LE MUS\u00c9E DE LA CATH\u00c9DRALE DE PAMPELUNE","item":"https:\/\/www.catedraldepamplona.com\/fr\/el-museo\/"},{"@type":"ListItem","position":3,"name":"SALLES PRINCIPALES","item":"https:\/\/www.catedraldepamplona.com\/fr\/el-museo\/estancias\/"},{"@type":"ListItem","position":4,"name":"10 LE D\u00c9AMBULATOIRE"}]},{"@type":"WebSite","@id":"https:\/\/www.catedraldepamplona.com\/#website","url":"https:\/\/www.catedraldepamplona.com\/","name":"Catedral de Pamplona","description":"P\u00e1gina oficial de la Catedral de Pamplona","potentialAction":[{"@type":"SearchAction","target":{"@type":"EntryPoint","urlTemplate":"https:\/\/www.catedraldepamplona.com\/?s={search_term_string}"},"query-input":"required name=search_term_string"}],"inLanguage":"fr-FR"}]}},"_links":{"self":[{"href":"https:\/\/www.catedraldepamplona.com\/fr\/wp-json\/wp\/v2\/pages\/1695"}],"collection":[{"href":"https:\/\/www.catedraldepamplona.com\/fr\/wp-json\/wp\/v2\/pages"}],"about":[{"href":"https:\/\/www.catedraldepamplona.com\/fr\/wp-json\/wp\/v2\/types\/page"}],"author":[{"embeddable":true,"href":"https:\/\/www.catedraldepamplona.com\/fr\/wp-json\/wp\/v2\/users\/1"}],"replies":[{"embeddable":true,"href":"https:\/\/www.catedraldepamplona.com\/fr\/wp-json\/wp\/v2\/comments?post=1695"}],"version-history":[{"count":9,"href":"https:\/\/www.catedraldepamplona.com\/fr\/wp-json\/wp\/v2\/pages\/1695\/revisions"}],"predecessor-version":[{"id":5356,"href":"https:\/\/www.catedraldepamplona.com\/fr\/wp-json\/wp\/v2\/pages\/1695\/revisions\/5356"}],"up":[{"embeddable":true,"href":"https:\/\/www.catedraldepamplona.com\/fr\/wp-json\/wp\/v2\/pages\/1904"}],"wp:attachment":[{"href":"https:\/\/www.catedraldepamplona.com\/fr\/wp-json\/wp\/v2\/media?parent=1695"}],"curies":[{"name":"wp","href":"https:\/\/api.w.org\/{rel}","templated":true}]}}