{"id":1689,"date":"2017-01-27T17:13:28","date_gmt":"2017-01-27T17:13:28","guid":{"rendered":"https:\/\/www.catedraldepamplona.com\/fr\/?page_id=1689"},"modified":"2023-10-16T17:18:23","modified_gmt":"2023-10-16T17:18:23","slug":"chapelle-saint-martin","status":"publish","type":"page","link":"https:\/\/www.catedraldepamplona.com\/fr\/el-museo\/estancias\/chapelle-saint-martin\/","title":{"rendered":"6 CHAPELLE DE SAINT MARTIN"},"content":{"rendered":"<p><img decoding=\"async\" loading=\"lazy\" class=\"alignnone size-full wp-image-470\" src=\"https:\/\/www.catedraldepamplona.com\/wp-content\/uploads\/CAPILLASANMARTIN.webp\" alt=\"capilla-de-san-martin01\" width=\"1280\" height=\"853\" \/><\/p>\n<p>Aussi <strong>appel\u00e9e des Reliques<\/strong> car elle contient les Reliques de saint Innocent.<\/p>\n<p>Le <strong>retables<\/strong> des Reliques (1643) se compose d\u2019un petit retable de treize peintures en cuivre et de l\u2019image de la Vierge avec l\u2019Enfant.<\/p>\n<p>Il y a \u00e9galement une <strong>toile<\/strong> du Martyr de Philom\u00e8ne ou sainte Catherine du XVIIe si\u00e8cle et un <strong>tableau<\/strong> de le Descente\u00a0du XIVe si\u00e8cle.<\/p>\n<hr style=\"margin-top: 20px; margin-bottom: 20px; color: #ccc;\" \/>\n<div class='row'><div style='padding-bottom:50px;' class='span6 first-module module_number_1 module_cont  module_contact_info'><ul class='contact_info_list'><li class='contact_info_item'><div class='contact_info_wrapper'><span class='contact_info_icon' style='background:#68669f;'><i style='color:#68669f' class='icon-circle'><\/i><\/span><div class=\"contact_info_text\"><a href=\"\/fr\/el-museo\/estancias\/fachada\/\">0 FA\u00c7ADE<\/a><\/div><\/div><\/li><li class='contact_info_item'><div class='contact_info_wrapper'><span class='contact_info_icon' style='background:#68669f;'><i style='color:#68669f' class='icon-circle'><\/i><\/span><div class=\"contact_info_text\"><a href=\"\/fr\/el-museo\/estancias\/campanas-torre-norte\/\">1 CLOCHES TOUR NORD<\/a><\/div><\/div><\/li><li class='contact_info_item'><div class='contact_info_wrapper'><span class='contact_info_icon' style='background:#68669f;'><i style='color:#68669f' class='icon-circle'><\/i><\/span><div class=\"contact_info_text\"><a href=\"\/fr\/el-museo\/estancias\/capilla-de-san-juan-bautista\/\">2 CHAPELLE DE SAINT JEAN BAPTISTE<\/a><\/div><\/div><\/li><li class='contact_info_item'><div class='contact_info_wrapper'><span class='contact_info_icon' style='background:#68669f;'><i style='color:#68669f' class='icon-circle'><\/i><\/span><div class=\"contact_info_text\"><a href=\"\/fr\/el-museo\/estancias\/capilla-de-santa-cristina\/\">3 CHAPELLE DE SAINTE CHRISTINE<\/a><\/div><\/div><\/li><li class='contact_info_item'><div class='contact_info_wrapper'><span class='contact_info_icon' style='background:#68669f;'><i style='color:#68669f' class='icon-circle'><\/i><\/span><div class=\"contact_info_text\"><a href=\"\/fr\/el-museo\/estancias\/capilla-de-san-jose\/\">4 CHAPELLE DE SAINT JOSEPH<\/a><\/div><\/div><\/li><li class='contact_info_item'><div class='contact_info_wrapper'><span class='contact_info_icon' style='background:#68669f;'><i style='color:#68669f' class='icon-circle'><\/i><\/span><div class=\"contact_info_text\"><a href=\"\/fr\/el-museo\/estancias\/mausoleo-real\/\">5 MAUSOL\u00c9E ROYAL<\/a><\/div><\/div><\/li><li class='contact_info_item'><div class='contact_info_wrapper'><span class='contact_info_icon' style='background:#68669f;'><i style='color:#ffffff' class='icon-circle'><\/i><\/span><div class=\"contact_info_text\">6 CHAPELLE DE SAINT MARTIN<\/div><\/div><\/li><li class='contact_info_item'><div class='contact_info_wrapper'><span class='contact_info_icon' style='background:#68669f;'><i style='color:#68669f' class='icon-circle'><\/i><\/span><div class=\"contact_info_text\"><a href=\"\/fr\/el-museo\/estancias\/brazo-norte-del-crucero\/\">7 BRAS NORD DE LA CROIS\u00c9E <\/a><\/div><\/div><\/li><li class='contact_info_item'><div class='contact_info_wrapper'><span class='contact_info_icon' style='background:#68669f;'><i style='color:#68669f' class='icon-circle'><\/i><\/span><div class=\"contact_info_text\"><a href=\"\/fr\/el-museo\/estancias\/presbiterio\/\">8 PRESBYT\u00c8RE<\/a><\/div><\/div><\/li><li class='contact_info_item'><div class='contact_info_wrapper'><span class='contact_info_icon' style='background:#68669f;'><i style='color:#68669f' class='icon-circle'><\/i><\/span><div class=\"contact_info_text\"><a href=\"\/fr\/el-museo\/estancias\/girola\/\">10 LE D\u00c9AMBULATOIRE<\/a><\/div><\/div><\/li><li class='contact_info_item'><div class='contact_info_wrapper'><span class='contact_info_icon' style='background:#68669f;'><i style='color:#68669f' class='icon-circle'><\/i><\/span><div class=\"contact_info_text\"><a href=\"\/fr\/el-museo\/estancias\/capilla-del-santisimo\/\">13 CHAPELLE DU TR\u00c8S SAINT<\/a><\/div><\/div><\/li><\/ul><\/div><!-- .module_cont --><div style='padding-bottom:50px;' class='span6  module_number_2 module_cont  module_contact_info'><ul class='contact_info_list'><li class='contact_info_item'><div class='contact_info_wrapper'><span class='contact_info_icon' style='background:#68669f;'><i style='color:#68669f' class='icon-circle'><\/i><\/span><div class=\"contact_info_text\"><a href=\"\/fr\/el-museo\/estancias\/cilleria\/\">16 CELLIER<\/a><\/div><\/div><\/li><li class='contact_info_item'><div class='contact_info_wrapper'><span class='contact_info_icon' style='background:#68669f;'><i style='color:#68669f' class='icon-circle'><\/i><\/span><div class=\"contact_info_text\"><a href=\"\/fr\/el-museo\/estancias\/claustro-y-sobreclaustro\/\">18 CLO\u00ceTRE<\/a><\/div><\/div><\/li><li class='contact_info_item'><div class='contact_info_wrapper'><span class='contact_info_icon' style='background:#68669f;'><i style='color:#68669f' class='icon-circle'><\/i><\/span><div class=\"contact_info_text\"><a href=\"\/fr\/el-museo\/estancias\/antigua-residencia-episcopal\/\">19 ANCIENNE R\u00c9SIDENCE \u00c9PISCOPALE<\/a><\/div><\/div><\/li><li class='contact_info_item'><div class='contact_info_wrapper'><span class='contact_info_icon' style='background:#68669f;'><i style='color:#68669f' class='icon-circle'><\/i><\/span><div class=\"contact_info_text\"><a href=\"\/fr\/el-museo\/estancias\/refectorio\/\">29 R\u00c9FECTOIRE<\/a><\/div><\/div><\/li><li class='contact_info_item'><div class='contact_info_wrapper'><span class='contact_info_icon' style='background:#68669f;'><i style='color:#68669f' class='icon-circle'><\/i><\/span><div class=\"contact_info_text\"><a href=\"\/fr\/el-museo\/estancias\/cocina\/\">30 CUISINE<\/a><\/div><\/div><\/li><li class='contact_info_item'><div class='contact_info_wrapper'><span class='contact_info_icon' style='background:#68669f;'><i style='color:#68669f' class='icon-circle'><\/i><\/span><div class=\"contact_info_text\"><a href=\"\/fr\/el-museo\/estancias\/capilla-barbazana\/\">32 CHAPELLE BARBAZANA<\/a><\/div><\/div><\/li><li class='contact_info_item'><div class='contact_info_wrapper'><span class='contact_info_icon' style='background:#68669f;'><i style='color:#68669f' class='icon-circle'><\/i><\/span><div class=\"contact_info_text\"><a href=\"\/fr\/el-museo\/estancias\/capilla-de-san-juan-evangelista\/\">34 CHAPELLE DE SAINT JEAN L\u00b4EVANG\u00c9LISTE<\/a><\/div><\/div><\/li><li class='contact_info_item'><div class='contact_info_wrapper'><span class='contact_info_icon' style='background:#68669f;'><i style='color:#68669f' class='icon-circle'><\/i><\/span><div class=\"contact_info_text\"><a href=\"\/fr\/el-museo\/estancias\/capilla-de-santa-catalina\/\">35 CHAPELLE DE SAINTE CATHERINE<\/a><\/div><\/div><\/li><li class='contact_info_item'><div class='contact_info_wrapper'><span class='contact_info_icon' style='background:#68669f;'><i style='color:#68669f' class='icon-circle'><\/i><\/span><div class=\"contact_info_text\"><a href=\"\/fr\/el-museo\/estancias\/campanas-torre-sur\/\">37 CLOCHES TOUR SUD<\/a><\/div><\/div><\/li><li class='contact_info_item'><div class='contact_info_wrapper'><span class='contact_info_icon' style='background:#68669f;'><i style='color:#68669f' class='icon-circle'><\/i><\/span><div class=\"contact_info_text\"><a href=\"\/fr\/el-museo\/estancias\/puerta-de-san-jose\/\">39 PORTE DE SAINT JOSEPH<\/a><\/div><\/div><\/li><li class='contact_info_item'><div class='contact_info_wrapper'><span class='contact_info_icon' style='background:#68669f;'><i style='color:#68669f' class='icon-circle'><\/i><\/span><div class=\"contact_info_text\"><a href=\"\/fr\/el-museo\/estancias\/sacristia-mayor\/\">40 SACRISTIE MAJEURE<\/a><\/div><\/div><\/li><\/ul><\/div><!-- .module_cont --><\/div><div class='row'><div style='padding-bottom:50px;' class='span12  module_number_3 module_cont  module_html'>\n                <div class='module_content'>\n                    <a href=\"https:\/\/www.catedraldepamplona.com\/fr\/el-museo\/plano\/\"><img src=\"https:\/\/www.catedraldepamplona.com\/wp-content\/uploads\/PLANOCATEDRALfrNEW.webp\" width=\"100%\" \/><\/a>\n                <\/div><\/div><!-- .module_cont --><\/div>","protected":false},"excerpt":{"rendered":"<p>Aussi appel\u00e9e des Reliques car elle contient les Reliques de saint Innocent. Le retables des Reliques (1643) se compose d\u2019un petit retable de treize peintures en cuivre et de l\u2019image de la Vierge avec l\u2019Enfant. Il y a \u00e9galement une toile du Martyr de Philom\u00e8ne ou sainte Catherine du XVIIe si\u00e8cle et un tableau de le Descente\u00a0du XIVe si\u00e8cle. 0 FA\u00c7ADE1 CLOCHES TOUR NORD2 CHAPELLE DE SAINT JEAN BAPTISTE3 CHAPELLE DE SAINTE CHRISTINE4 CHAPELLE DE SAINT JOSEPH5 MAUSOL\u00c9E ROYAL6 CHAPELLE DE SAINT MARTIN7 BRAS NORD DE LA CROIS\u00c9E 8 PRESBYT\u00c8RE10 LE D\u00c9AMBULATOIRE13 CHAPELLE DU TR\u00c8S SAINT16 CELLIER18 CLO\u00ceTRE19 ANCIENNE R\u00c9SIDENCE \u00c9PISCOPALE29 R\u00c9FECTOIRE30 CUISINE32 CHAPELLE BARBAZANA34 CHAPELLE DE SAINT JEAN L\u00b4EVANG\u00c9LISTE35 CHAPELLE DE SAINTE CATHERINE37 CLOCHES TOUR SUD39 PORTE DE SAINT JOSEPH40 SACRISTIE MAJEURE<\/p>\n","protected":false},"author":1,"featured_media":0,"parent":1904,"menu_order":7,"comment_status":"closed","ping_status":"closed","template":"","meta":{"_monsterinsights_skip_tracking":false,"_monsterinsights_sitenote_active":false,"_monsterinsights_sitenote_note":"","_monsterinsights_sitenote_category":0},"yoast_head":"<!-- This site is optimized with the Yoast SEO plugin v21.0 - https:\/\/yoast.com\/wordpress\/plugins\/seo\/ -->\n<title>6 CHAPELLE DE SAINT MARTIN - Catedral de Pamplona<\/title>\n<meta name=\"robots\" content=\"index, follow, max-snippet:-1, max-image-preview:large, max-video-preview:-1\" \/>\n<link rel=\"canonical\" href=\"https:\/\/www.catedraldepamplona.com\/fr\/el-museo\/estancias\/chapelle-saint-martin\/\" \/>\n<meta property=\"og:locale\" content=\"fr_FR\" \/>\n<meta property=\"og:type\" content=\"article\" \/>\n<meta property=\"og:title\" content=\"6 CHAPELLE DE SAINT MARTIN - Catedral de Pamplona\" \/>\n<meta property=\"og:description\" content=\"Aussi appel\u00e9e des Reliques car elle contient les Reliques de saint Innocent. Le retables des Reliques (1643) se compose d\u2019un petit retable de treize peintures en cuivre et de l\u2019image de la Vierge avec l\u2019Enfant. Il y a \u00e9galement une toile du Martyr de Philom\u00e8ne ou sainte Catherine du XVIIe si\u00e8cle et un tableau de le Descente\u00a0du XIVe si\u00e8cle. 0 FA\u00c7ADE1 CLOCHES TOUR NORD2 CHAPELLE DE SAINT JEAN BAPTISTE3 CHAPELLE DE SAINTE CHRISTINE4 CHAPELLE DE SAINT JOSEPH5 MAUSOL\u00c9E ROYAL6 CHAPELLE DE SAINT MARTIN7 BRAS NORD DE LA CROIS\u00c9E 8 PRESBYT\u00c8RE10 LE D\u00c9AMBULATOIRE13 CHAPELLE DU TR\u00c8S SAINT16 CELLIER18 CLO\u00ceTRE19 ANCIENNE R\u00c9SIDENCE \u00c9PISCOPALE29 R\u00c9FECTOIRE30 CUISINE32 CHAPELLE BARBAZANA34 CHAPELLE DE SAINT JEAN L\u00b4EVANG\u00c9LISTE35 CHAPELLE DE SAINTE CATHERINE37 CLOCHES TOUR SUD39 PORTE DE SAINT JOSEPH40 SACRISTIE MAJEURE\" \/>\n<meta property=\"og:url\" content=\"https:\/\/www.catedraldepamplona.com\/fr\/el-museo\/estancias\/chapelle-saint-martin\/\" \/>\n<meta property=\"og:site_name\" content=\"Catedral de Pamplona\" \/>\n<meta property=\"article:modified_time\" content=\"2023-10-16T17:18:23+00:00\" \/>\n<meta property=\"og:image\" content=\"https:\/\/www.catedraldepamplona.com\/wp-content\/uploads\/CAPILLASANMARTIN.webp\" \/>\n<meta name=\"twitter:card\" content=\"summary_large_image\" \/>\n<meta name=\"twitter:label1\" content=\"Dur\u00e9e de lecture estim\u00e9e\" \/>\n\t<meta name=\"twitter:data1\" content=\"1 minute\" \/>\n<script type=\"application\/ld+json\" class=\"yoast-schema-graph\">{\"@context\":\"https:\/\/schema.org\",\"@graph\":[{\"@type\":\"WebPage\",\"@id\":\"https:\/\/www.catedraldepamplona.com\/fr\/el-museo\/estancias\/chapelle-saint-martin\/\",\"url\":\"https:\/\/www.catedraldepamplona.com\/fr\/el-museo\/estancias\/chapelle-saint-martin\/\",\"name\":\"6 CHAPELLE DE SAINT MARTIN - Catedral de Pamplona\",\"isPartOf\":{\"@id\":\"https:\/\/www.catedraldepamplona.com\/#website\"},\"datePublished\":\"2017-01-27T17:13:28+00:00\",\"dateModified\":\"2023-10-16T17:18:23+00:00\",\"breadcrumb\":{\"@id\":\"https:\/\/www.catedraldepamplona.com\/fr\/el-museo\/estancias\/chapelle-saint-martin\/#breadcrumb\"},\"inLanguage\":\"fr-FR\",\"potentialAction\":[{\"@type\":\"ReadAction\",\"target\":[\"https:\/\/www.catedraldepamplona.com\/fr\/el-museo\/estancias\/chapelle-saint-martin\/\"]}]},{\"@type\":\"BreadcrumbList\",\"@id\":\"https:\/\/www.catedraldepamplona.com\/fr\/el-museo\/estancias\/chapelle-saint-martin\/#breadcrumb\",\"itemListElement\":[{\"@type\":\"ListItem\",\"position\":1,\"name\":\"Portada\",\"item\":\"https:\/\/www.catedraldepamplona.com\/fr\/\"},{\"@type\":\"ListItem\",\"position\":2,\"name\":\"LE MUS\u00c9E DE LA CATH\u00c9DRALE DE PAMPELUNE\",\"item\":\"https:\/\/www.catedraldepamplona.com\/fr\/el-museo\/\"},{\"@type\":\"ListItem\",\"position\":3,\"name\":\"SALLES PRINCIPALES\",\"item\":\"https:\/\/www.catedraldepamplona.com\/fr\/el-museo\/estancias\/\"},{\"@type\":\"ListItem\",\"position\":4,\"name\":\"6 CHAPELLE DE SAINT MARTIN\"}]},{\"@type\":\"WebSite\",\"@id\":\"https:\/\/www.catedraldepamplona.com\/#website\",\"url\":\"https:\/\/www.catedraldepamplona.com\/\",\"name\":\"Catedral de Pamplona\",\"description\":\"P\u00e1gina oficial de la Catedral de Pamplona\",\"potentialAction\":[{\"@type\":\"SearchAction\",\"target\":{\"@type\":\"EntryPoint\",\"urlTemplate\":\"https:\/\/www.catedraldepamplona.com\/?s={search_term_string}\"},\"query-input\":\"required name=search_term_string\"}],\"inLanguage\":\"fr-FR\"}]}<\/script>\n<!-- \/ Yoast SEO plugin. -->","yoast_head_json":{"title":"6 CHAPELLE DE SAINT MARTIN - Catedral de Pamplona","robots":{"index":"index","follow":"follow","max-snippet":"max-snippet:-1","max-image-preview":"max-image-preview:large","max-video-preview":"max-video-preview:-1"},"canonical":"https:\/\/www.catedraldepamplona.com\/fr\/el-museo\/estancias\/chapelle-saint-martin\/","og_locale":"fr_FR","og_type":"article","og_title":"6 CHAPELLE DE SAINT MARTIN - Catedral de Pamplona","og_description":"Aussi appel\u00e9e des Reliques car elle contient les Reliques de saint Innocent. Le retables des Reliques (1643) se compose d\u2019un petit retable de treize peintures en cuivre et de l\u2019image de la Vierge avec l\u2019Enfant. Il y a \u00e9galement une toile du Martyr de Philom\u00e8ne ou sainte Catherine du XVIIe si\u00e8cle et un tableau de le Descente\u00a0du XIVe si\u00e8cle. 0 FA\u00c7ADE1 CLOCHES TOUR NORD2 CHAPELLE DE SAINT JEAN BAPTISTE3 CHAPELLE DE SAINTE CHRISTINE4 CHAPELLE DE SAINT JOSEPH5 MAUSOL\u00c9E ROYAL6 CHAPELLE DE SAINT MARTIN7 BRAS NORD DE LA CROIS\u00c9E 8 PRESBYT\u00c8RE10 LE D\u00c9AMBULATOIRE13 CHAPELLE DU TR\u00c8S SAINT16 CELLIER18 CLO\u00ceTRE19 ANCIENNE R\u00c9SIDENCE \u00c9PISCOPALE29 R\u00c9FECTOIRE30 CUISINE32 CHAPELLE BARBAZANA34 CHAPELLE DE SAINT JEAN L\u00b4EVANG\u00c9LISTE35 CHAPELLE DE SAINTE CATHERINE37 CLOCHES TOUR SUD39 PORTE DE SAINT JOSEPH40 SACRISTIE MAJEURE","og_url":"https:\/\/www.catedraldepamplona.com\/fr\/el-museo\/estancias\/chapelle-saint-martin\/","og_site_name":"Catedral de Pamplona","article_modified_time":"2023-10-16T17:18:23+00:00","og_image":[{"url":"https:\/\/www.catedraldepamplona.com\/wp-content\/uploads\/CAPILLASANMARTIN.webp"}],"twitter_card":"summary_large_image","twitter_misc":{"Dur\u00e9e de lecture estim\u00e9e":"1 minute"},"schema":{"@context":"https:\/\/schema.org","@graph":[{"@type":"WebPage","@id":"https:\/\/www.catedraldepamplona.com\/fr\/el-museo\/estancias\/chapelle-saint-martin\/","url":"https:\/\/www.catedraldepamplona.com\/fr\/el-museo\/estancias\/chapelle-saint-martin\/","name":"6 CHAPELLE DE SAINT MARTIN - Catedral de Pamplona","isPartOf":{"@id":"https:\/\/www.catedraldepamplona.com\/#website"},"datePublished":"2017-01-27T17:13:28+00:00","dateModified":"2023-10-16T17:18:23+00:00","breadcrumb":{"@id":"https:\/\/www.catedraldepamplona.com\/fr\/el-museo\/estancias\/chapelle-saint-martin\/#breadcrumb"},"inLanguage":"fr-FR","potentialAction":[{"@type":"ReadAction","target":["https:\/\/www.catedraldepamplona.com\/fr\/el-museo\/estancias\/chapelle-saint-martin\/"]}]},{"@type":"BreadcrumbList","@id":"https:\/\/www.catedraldepamplona.com\/fr\/el-museo\/estancias\/chapelle-saint-martin\/#breadcrumb","itemListElement":[{"@type":"ListItem","position":1,"name":"Portada","item":"https:\/\/www.catedraldepamplona.com\/fr\/"},{"@type":"ListItem","position":2,"name":"LE MUS\u00c9E DE LA CATH\u00c9DRALE DE PAMPELUNE","item":"https:\/\/www.catedraldepamplona.com\/fr\/el-museo\/"},{"@type":"ListItem","position":3,"name":"SALLES PRINCIPALES","item":"https:\/\/www.catedraldepamplona.com\/fr\/el-museo\/estancias\/"},{"@type":"ListItem","position":4,"name":"6 CHAPELLE DE SAINT MARTIN"}]},{"@type":"WebSite","@id":"https:\/\/www.catedraldepamplona.com\/#website","url":"https:\/\/www.catedraldepamplona.com\/","name":"Catedral de Pamplona","description":"P\u00e1gina oficial de la Catedral de Pamplona","potentialAction":[{"@type":"SearchAction","target":{"@type":"EntryPoint","urlTemplate":"https:\/\/www.catedraldepamplona.com\/?s={search_term_string}"},"query-input":"required name=search_term_string"}],"inLanguage":"fr-FR"}]}},"_links":{"self":[{"href":"https:\/\/www.catedraldepamplona.com\/fr\/wp-json\/wp\/v2\/pages\/1689"}],"collection":[{"href":"https:\/\/www.catedraldepamplona.com\/fr\/wp-json\/wp\/v2\/pages"}],"about":[{"href":"https:\/\/www.catedraldepamplona.com\/fr\/wp-json\/wp\/v2\/types\/page"}],"author":[{"embeddable":true,"href":"https:\/\/www.catedraldepamplona.com\/fr\/wp-json\/wp\/v2\/users\/1"}],"replies":[{"embeddable":true,"href":"https:\/\/www.catedraldepamplona.com\/fr\/wp-json\/wp\/v2\/comments?post=1689"}],"version-history":[{"count":8,"href":"https:\/\/www.catedraldepamplona.com\/fr\/wp-json\/wp\/v2\/pages\/1689\/revisions"}],"predecessor-version":[{"id":5341,"href":"https:\/\/www.catedraldepamplona.com\/fr\/wp-json\/wp\/v2\/pages\/1689\/revisions\/5341"}],"up":[{"embeddable":true,"href":"https:\/\/www.catedraldepamplona.com\/fr\/wp-json\/wp\/v2\/pages\/1904"}],"wp:attachment":[{"href":"https:\/\/www.catedraldepamplona.com\/fr\/wp-json\/wp\/v2\/media?parent=1689"}],"curies":[{"name":"wp","href":"https:\/\/api.w.org\/{rel}","templated":true}]}}