{"id":1016,"date":"2016-09-21T08:19:19","date_gmt":"2016-09-21T08:19:19","guid":{"rendered":"https:\/\/www.catedraldepamplona.com\/eu\/?page_id=1016"},"modified":"2017-05-03T07:47:51","modified_gmt":"2017-05-03T07:47:51","slug":"eventos","status":"publish","type":"page","link":"https:\/\/www.catedraldepamplona.com\/eu\/eventos\/","title":{"rendered":"Ekitaldiak"},"content":{"rendered":"<p><a href=\"\/wp-content\/uploads\/2016\/05\/eventos-1.jpg\"><img decoding=\"async\" loading=\"lazy\" class=\"alignnone size-full wp-image-656\" src=\"http:\/\/www.bengoda.com\/wp-content\/uploads\/2016\/05\/eventos-1.jpg\" alt=\"eventos\" width=\"940\" height=\"500\" srcset=\"https:\/\/www.catedraldepamplona.com\/wp-content\/uploads\/2016\/05\/eventos-1.jpg 940w, https:\/\/www.catedraldepamplona.com\/wp-content\/uploads\/2016\/05\/eventos-1-300x160.jpg 300w, https:\/\/www.catedraldepamplona.com\/wp-content\/uploads\/2016\/05\/eventos-1-768x409.jpg 768w\" sizes=\"(max-width: 940px) 100vw, 940px\" \/><\/a><\/p>\n<p><a href=\"#\">\u00bfQui\u00e9res organizar un evento?<\/a><\/p>\n<p>Aqu\u00ed enlazamos con una p\u00e1gina donde pongamos toda la informaci\u00f3n para organizar un evento en la catedral<\/p>\n<p><a href=\"#\">Ultimos eventos<\/a><br \/>\nUn listado con los \u00faltimos eventos organizados<\/p>\n<p><a href=\"#\">Pr\u00f3ximos eventos<\/a><br \/>\nUn listado con los pr\u00f3ximos eventos que se van a organizar y su fecha<\/p>\n","protected":false},"excerpt":{"rendered":"<p>\u00bfQui\u00e9res organizar un evento? Aqu\u00ed enlazamos con una p\u00e1gina donde pongamos toda la informaci\u00f3n para organizar un evento en la catedral Ultimos eventos Un listado con los \u00faltimos eventos organizados Pr\u00f3ximos eventos Un listado con los pr\u00f3ximos eventos que se van a organizar y su fecha<\/p>\n","protected":false},"author":1,"featured_media":0,"parent":0,"menu_order":0,"comment_status":"closed","ping_status":"closed","template":"","meta":{"_monsterinsights_skip_tracking":false,"_monsterinsights_sitenote_active":false,"_monsterinsights_sitenote_note":"","_monsterinsights_sitenote_category":0},"yoast_head":"<!-- This site is optimized with the Yoast SEO plugin v21.0 - https:\/\/yoast.com\/wordpress\/plugins\/seo\/ -->\n<title>Ekitaldiak - Catedral de Pamplona<\/title>\n<meta name=\"robots\" content=\"index, follow, max-snippet:-1, max-image-preview:large, max-video-preview:-1\" \/>\n<link rel=\"canonical\" href=\"https:\/\/www.catedraldepamplona.com\/eu\/eventos\/\" \/>\n<meta property=\"og:locale\" content=\"en_US\" \/>\n<meta property=\"og:type\" content=\"article\" \/>\n<meta property=\"og:title\" content=\"Ekitaldiak - Catedral de Pamplona\" \/>\n<meta property=\"og:description\" content=\"\u00bfQui\u00e9res organizar un evento? Aqu\u00ed enlazamos con una p\u00e1gina donde pongamos toda la informaci\u00f3n para organizar un evento en la catedral Ultimos eventos Un listado con los \u00faltimos eventos organizados Pr\u00f3ximos eventos Un listado con los pr\u00f3ximos eventos que se van a organizar y su fecha\" \/>\n<meta property=\"og:url\" content=\"https:\/\/www.catedraldepamplona.com\/eu\/eventos\/\" \/>\n<meta property=\"og:site_name\" content=\"Catedral de Pamplona\" \/>\n<meta property=\"article:modified_time\" content=\"2017-05-03T07:47:51+00:00\" \/>\n<meta property=\"og:image\" content=\"http:\/\/www.bengoda.com\/wp-content\/uploads\/2016\/05\/eventos-1.jpg\" \/>\n<meta name=\"twitter:card\" content=\"summary_large_image\" \/>\n<script type=\"application\/ld+json\" class=\"yoast-schema-graph\">{\"@context\":\"https:\/\/schema.org\",\"@graph\":[{\"@type\":\"WebPage\",\"@id\":\"https:\/\/www.catedraldepamplona.com\/eu\/eventos\/\",\"url\":\"https:\/\/www.catedraldepamplona.com\/eu\/eventos\/\",\"name\":\"Ekitaldiak - Catedral de Pamplona\",\"isPartOf\":{\"@id\":\"https:\/\/www.catedraldepamplona.com\/#website\"},\"datePublished\":\"2016-09-21T08:19:19+00:00\",\"dateModified\":\"2017-05-03T07:47:51+00:00\",\"breadcrumb\":{\"@id\":\"https:\/\/www.catedraldepamplona.com\/eu\/eventos\/#breadcrumb\"},\"inLanguage\":\"eu\",\"potentialAction\":[{\"@type\":\"ReadAction\",\"target\":[\"https:\/\/www.catedraldepamplona.com\/eu\/eventos\/\"]}]},{\"@type\":\"BreadcrumbList\",\"@id\":\"https:\/\/www.catedraldepamplona.com\/eu\/eventos\/#breadcrumb\",\"itemListElement\":[{\"@type\":\"ListItem\",\"position\":1,\"name\":\"Portada\",\"item\":\"https:\/\/www.catedraldepamplona.com\/eu\/\"},{\"@type\":\"ListItem\",\"position\":2,\"name\":\"Ekitaldiak\"}]},{\"@type\":\"WebSite\",\"@id\":\"https:\/\/www.catedraldepamplona.com\/#website\",\"url\":\"https:\/\/www.catedraldepamplona.com\/\",\"name\":\"Catedral de Pamplona\",\"description\":\"P\u00e1gina oficial de la Catedral de Pamplona\",\"potentialAction\":[{\"@type\":\"SearchAction\",\"target\":{\"@type\":\"EntryPoint\",\"urlTemplate\":\"https:\/\/www.catedraldepamplona.com\/?s={search_term_string}\"},\"query-input\":\"required name=search_term_string\"}],\"inLanguage\":\"eu\"}]}<\/script>\n<!-- \/ Yoast SEO plugin. -->","yoast_head_json":{"title":"Ekitaldiak - Catedral de Pamplona","robots":{"index":"index","follow":"follow","max-snippet":"max-snippet:-1","max-image-preview":"max-image-preview:large","max-video-preview":"max-video-preview:-1"},"canonical":"https:\/\/www.catedraldepamplona.com\/eu\/eventos\/","og_locale":"en_US","og_type":"article","og_title":"Ekitaldiak - Catedral de Pamplona","og_description":"\u00bfQui\u00e9res organizar un evento? Aqu\u00ed enlazamos con una p\u00e1gina donde pongamos toda la informaci\u00f3n para organizar un evento en la catedral Ultimos eventos Un listado con los \u00faltimos eventos organizados Pr\u00f3ximos eventos Un listado con los pr\u00f3ximos eventos que se van a organizar y su fecha","og_url":"https:\/\/www.catedraldepamplona.com\/eu\/eventos\/","og_site_name":"Catedral de Pamplona","article_modified_time":"2017-05-03T07:47:51+00:00","og_image":[{"url":"http:\/\/www.bengoda.com\/wp-content\/uploads\/2016\/05\/eventos-1.jpg"}],"twitter_card":"summary_large_image","schema":{"@context":"https:\/\/schema.org","@graph":[{"@type":"WebPage","@id":"https:\/\/www.catedraldepamplona.com\/eu\/eventos\/","url":"https:\/\/www.catedraldepamplona.com\/eu\/eventos\/","name":"Ekitaldiak - Catedral de Pamplona","isPartOf":{"@id":"https:\/\/www.catedraldepamplona.com\/#website"},"datePublished":"2016-09-21T08:19:19+00:00","dateModified":"2017-05-03T07:47:51+00:00","breadcrumb":{"@id":"https:\/\/www.catedraldepamplona.com\/eu\/eventos\/#breadcrumb"},"inLanguage":"eu","potentialAction":[{"@type":"ReadAction","target":["https:\/\/www.catedraldepamplona.com\/eu\/eventos\/"]}]},{"@type":"BreadcrumbList","@id":"https:\/\/www.catedraldepamplona.com\/eu\/eventos\/#breadcrumb","itemListElement":[{"@type":"ListItem","position":1,"name":"Portada","item":"https:\/\/www.catedraldepamplona.com\/eu\/"},{"@type":"ListItem","position":2,"name":"Ekitaldiak"}]},{"@type":"WebSite","@id":"https:\/\/www.catedraldepamplona.com\/#website","url":"https:\/\/www.catedraldepamplona.com\/","name":"Catedral de Pamplona","description":"P\u00e1gina oficial de la Catedral de Pamplona","potentialAction":[{"@type":"SearchAction","target":{"@type":"EntryPoint","urlTemplate":"https:\/\/www.catedraldepamplona.com\/?s={search_term_string}"},"query-input":"required name=search_term_string"}],"inLanguage":"eu"}]}},"_links":{"self":[{"href":"https:\/\/www.catedraldepamplona.com\/eu\/wp-json\/wp\/v2\/pages\/1016"}],"collection":[{"href":"https:\/\/www.catedraldepamplona.com\/eu\/wp-json\/wp\/v2\/pages"}],"about":[{"href":"https:\/\/www.catedraldepamplona.com\/eu\/wp-json\/wp\/v2\/types\/page"}],"author":[{"embeddable":true,"href":"https:\/\/www.catedraldepamplona.com\/eu\/wp-json\/wp\/v2\/users\/1"}],"replies":[{"embeddable":true,"href":"https:\/\/www.catedraldepamplona.com\/eu\/wp-json\/wp\/v2\/comments?post=1016"}],"version-history":[{"count":2,"href":"https:\/\/www.catedraldepamplona.com\/eu\/wp-json\/wp\/v2\/pages\/1016\/revisions"}],"predecessor-version":[{"id":2037,"href":"https:\/\/www.catedraldepamplona.com\/eu\/wp-json\/wp\/v2\/pages\/1016\/revisions\/2037"}],"wp:attachment":[{"href":"https:\/\/www.catedraldepamplona.com\/eu\/wp-json\/wp\/v2\/media?parent=1016"}],"curies":[{"name":"wp","href":"https:\/\/api.w.org\/{rel}","templated":true}]}}