{"id":1259,"date":"2016-09-21T12:27:19","date_gmt":"2016-09-21T12:27:19","guid":{"rendered":"https:\/\/www.catedraldepamplona.com\/en\/?page_id=1259"},"modified":"2023-10-16T17:42:20","modified_gmt":"2023-10-16T17:42:20","slug":"02-presbiterio","status":"publish","type":"page","link":"https:\/\/www.catedraldepamplona.com\/en\/el-museo\/estancias\/02-presbiterio\/","title":{"rendered":"8 Presbytery"},"content":{"rendered":"<p><img decoding=\"async\" loading=\"lazy\" class=\"alignnone size-full wp-image-283\" src=\"https:\/\/www.catedraldepamplona.com\/wp-content\/uploads\/PRESBITERIONEW.webp\" alt=\"presbiterio\" width=\"940\" height=\"500\" \/><\/p>\n<p><strong>Santa Mar\u00eda del Sagrario<\/strong>, also known as Santa Mar\u00eda la Real and Santa Mar\u00eda de Pamplona, is a 12th century Romanesque sculpture. The Child and the Throne are from the Baroque period, and the baldachin, of 1946, the year in which he was Canonically crowned.<\/p>\n<p><strong>The Child and the throne<\/strong> are from the Baroque period, and the baldachin from 1946, the year in which she was canonically crowned.<\/p>\n<p><strong>The choir seating<\/strong> was made in 1541 using walnut, cherry and boxwood, by Esteban de Obray. It comprises 104 seats, though currently part of it is held at the Museum of Navarre. The Saints are represented on each seat.<\/p>\n<p><strong>The grille<\/strong> was created in 1517 and has been called \u201cThe queen of Spanish grilles\u201d. Marian scenes, the Assumption, the Annunciation and the Original Sin are represented.<\/p>\n<hr style=\"margin-top: 20px; margin-bottom: 20px; color: #ccc;\" \/>\n<div class='row'><div style='padding-bottom:50px;' class='span6 first-module module_number_1 module_cont  module_contact_info'><ul class='contact_info_list'><li class='contact_info_item'><div class='contact_info_wrapper'><span class='contact_info_icon' style='background:#68669f;'><i style='color:#68669f' class='icon-circle'><\/i><\/span><div class=\"contact_info_text\"><a href=\"\/en\/el-museo\/estancias\/fachada\/\">0 FACADE<\/a><\/div><\/div><\/li><li class='contact_info_item'><div class='contact_info_wrapper'><span class='contact_info_icon' style='background:#68669f;'><i style='color:#68669f' class='icon-circle'><\/i><\/span><div class=\"contact_info_text\"><a href=\"\/en\/el-museo\/estancias\/campanas-torre-norte\/\">1 NORTH TOWER BELLS<\/a><\/div><\/div><\/li><li class='contact_info_item'><div class='contact_info_wrapper'><span class='contact_info_icon' style='background:#68669f;'><i style='color:#68669f' class='icon-circle'><\/i><\/span><div class=\"contact_info_text\"><a href=\"\/en\/el-museo\/estancias\/capilla-de-san-juan-bautista\/\">2 CHAPEL OF ST. JHON THE BAPTIST<\/a><\/div><\/div><\/li><li class='contact_info_item'><div class='contact_info_wrapper'><span class='contact_info_icon' style='background:#68669f;'><i style='color:#68669f' class='icon-circle'><\/i><\/span><div class=\"contact_info_text\"><a href=\"\/en\/el-museo\/estancias\/capilla-de-santa-cristina\/\">3 CHAPEL OF ST. CHRISTINE<\/a><\/div><\/div><\/li><li class='contact_info_item'><div class='contact_info_wrapper'><span class='contact_info_icon' style='background:#68669f;'><i style='color:#68669f' class='icon-circle'><\/i><\/span><div class=\"contact_info_text\"><a href=\"\/en\/el-museo\/estancias\/capilla-de-san-jose\/\">4 CHAPEL OF ST. JOSEPH<\/a><\/div><\/div><\/li><li class='contact_info_item'><div class='contact_info_wrapper'><span class='contact_info_icon' style='background:#68669f;'><i style='color:#68669f' class='icon-circle'><\/i><\/span><div class=\"contact_info_text\"><a href=\"\/en\/el-museo\/estancias\/mausoleo-real\/\">5 ROYAL MAUSOLEUM<\/a><\/div><\/div><\/li><li class='contact_info_item'><div class='contact_info_wrapper'><span class='contact_info_icon' style='background:#68669f;'><i style='color:#68669f' class='icon-circle'><\/i><\/span><div class=\"contact_info_text\"><a href=\"\/en\/el-museo\/estancias\/capilla-de-san-martin\/\">6 CHAPEL OF  ST. MARTIN<\/a><\/div><\/div><\/li><li class='contact_info_item'><div class='contact_info_wrapper'><span class='contact_info_icon' style='background:#68669f;'><i style='color:#68669f' class='icon-circle'><\/i><\/span><div class=\"contact_info_text\"><a href=\"\/en\/el-museo\/estancias\/brazo-norte-del-crucero\/\">7 NORTH WING OF THE TRANSEPT<\/a><\/div><\/div><\/li><li class='contact_info_item'><div class='contact_info_wrapper'><span class='contact_info_icon' style='background:#68669f;'><i style='color:#ffffff' class='icon-circle'><\/i><\/span><div class=\"contact_info_text\">8 PRESBYTERY<\/div><\/div><\/li><li class='contact_info_item'><div class='contact_info_wrapper'><span class='contact_info_icon' style='background:#68669f;'><i style='color:#68669f' class='icon-circle'><\/i><\/span><div class=\"contact_info_text\"><a href=\"\/en\/el-museo\/estancias\/girola\/\">10 AMBULATORY<\/a><\/div><\/div><\/li><li class='contact_info_item'><div class='contact_info_wrapper'><span class='contact_info_icon' style='background:#68669f;'><i style='color:#68669f' class='icon-circle'><\/i><\/span><div class=\"contact_info_text\"><a href=\"\/en\/el-museo\/estancias\/capilla-del-santisimo\/\">13 CHAPEL OF THE MOST HOLY<\/a><\/div><\/div><\/li><\/ul><\/div><!-- .module_cont --><div style='padding-bottom:50px;' class='span6  module_number_2 module_cont  module_contact_info'><ul class='contact_info_list'><li class='contact_info_item'><div class='contact_info_wrapper'><span class='contact_info_icon' style='background:#68669f;'><i style='color:#68669f' class='icon-circle'><\/i><\/span><div class=\"contact_info_text\"><a href=\"\/en\/el-museo\/estancias\/cilleria\/\">16 LARDER<\/a><\/div><\/div><\/li><li class='contact_info_item'><div class='contact_info_wrapper'><span class='contact_info_icon' style='background:#68669f;'><i style='color:#68669f' class='icon-circle'><\/i><\/span><div class=\"contact_info_text\"><a href=\"\/en\/el-museo\/estancias\/claustro-y-sobreclaustro\/\">18 CLOISTER<\/a><\/div><\/div><\/li><li class='contact_info_item'><div class='contact_info_wrapper'><span class='contact_info_icon' style='background:#68669f;'><i style='color:#68669f' class='icon-circle'><\/i><\/span><div class=\"contact_info_text\"><a href=\"\/en\/el-museo\/estancias\/antigua-residencia-episcopal\/\">19 ANCIENT RESIDENCE OF THE BISHOP<\/a><\/div><\/div><\/li><li class='contact_info_item'><div class='contact_info_wrapper'><span class='contact_info_icon' style='background:#68669f;'><i style='color:#68669f' class='icon-circle'><\/i><\/span><div class=\"contact_info_text\"><a href=\"\/en\/el-museo\/estancias\/refectorio\/\">29 REFECTORY<\/a><\/div><\/div><\/li><li class='contact_info_item'><div class='contact_info_wrapper'><span class='contact_info_icon' style='background:#68669f;'><i style='color:#68669f' class='icon-circle'><\/i><\/span><div class=\"contact_info_text\"><a href=\"\/en\/el-museo\/estancias\/cocina\/\">30 KITCHEN<\/a><\/div><\/div><\/li><li class='contact_info_item'><div class='contact_info_wrapper'><span class='contact_info_icon' style='background:#68669f;'><i style='color:#68669f' class='icon-circle'><\/i><\/span><div class=\"contact_info_text\"><a href=\"\/en\/el-museo\/estancias\/capilla-barbazana\/\">32 BARBAZANA CHAPEL<\/a><\/div><\/div><\/li><li class='contact_info_item'><div class='contact_info_wrapper'><span class='contact_info_icon' style='background:#68669f;'><i style='color:#68669f' class='icon-circle'><\/i><\/span><div class=\"contact_info_text\"><a href=\"\/en\/el-museo\/estancias\/capilla-de-san-juan-evangelista\/\">34 CHAPEL OF ST. JOHN THE EVANGELIST<\/a><\/div><\/div><\/li><li class='contact_info_item'><div class='contact_info_wrapper'><span class='contact_info_icon' style='background:#68669f;'><i style='color:#68669f' class='icon-circle'><\/i><\/span><div class=\"contact_info_text\"><a href=\"\/en\/el-museo\/estancias\/capilla-de-santa-catalina\/\">35 CHAPEL OF ST. CATHERINE<\/a><\/div><\/div><\/li><li class='contact_info_item'><div class='contact_info_wrapper'><span class='contact_info_icon' style='background:#68669f;'><i style='color:#68669f' class='icon-circle'><\/i><\/span><div class=\"contact_info_text\"><a href=\"\/en\/el-museo\/estancias\/campanas-torre-sur\/\">37 SOUTH TOWER BELLS<\/a><\/div><\/div><\/li><li class='contact_info_item'><div class='contact_info_wrapper'><span class='contact_info_icon' style='background:#68669f;'><i style='color:#68669f' class='icon-circle'><\/i><\/span><div class=\"contact_info_text\"><a href=\"\/en\/el-museo\/estancias\/puerta-de-san-jose\/\">39 GATE OF ST. JOSEPH<\/a><\/div><\/div><\/li><li class='contact_info_item'><div class='contact_info_wrapper'><span class='contact_info_icon' style='background:#68669f;'><i style='color:#68669f' class='icon-circle'><\/i><\/span><div class=\"contact_info_text\"><a href=\"\/en\/el-museo\/estancias\/sacristia-mayor\/\">40 MAIN SACRISTY<\/a><\/div><\/div><\/li><\/ul><\/div><!-- .module_cont --><\/div><div class='row'><div style='padding-bottom:50px;' class='span12  module_number_3 module_cont  module_html'>\n                <div class='module_content'>\n                    <a href=\"https:\/\/www.catedraldepamplona.com\/en\/el-museo\/plano\/\"><img src=\"https:\/\/www.catedraldepamplona.com\/wp-content\/uploads\/PLANOCATEDRALenNEW.webp\" width=\"100%\" \/><\/a>\n                <\/div><\/div><!-- .module_cont --><\/div>","protected":false},"excerpt":{"rendered":"<p>Santa Mar\u00eda del Sagrario, also known as Santa Mar\u00eda la Real and Santa Mar\u00eda de Pamplona, is a 12th century Romanesque sculpture. The Child and the Throne are from the Baroque period, and the baldachin, of 1946, the year in which he was Canonically crowned. The Child and the throne are from the Baroque period, and the baldachin from 1946, the year in which she was canonically crowned. The choir seating was made in 1541 using walnut, cherry and boxwood, by Esteban de Obray. It comprises 104 seats, though currently part of it is held at the Museum of Navarre. The Saints are represented on each seat. The grille was created in 1517 and has been called \u201cThe queen of Spanish grilles\u201d. Marian scenes, the Assumption, the Annunciation and the Original Sin are represented. 0 FACADE1 NORTH TOWER BELLS2 CHAPEL OF ST. JHON THE BAPTIST3 CHAPEL OF ST. CHRISTINE4 CHAPEL OF ST. JOSEPH5 ROYAL MAUSOLEUM6 CHAPEL OF ST. MARTIN7 NORTH WING OF THE TRANSEPT8 PRESBYTERY10 AMBULATORY13 CHAPEL OF THE MOST HOLY16 LARDER18 CLOISTER19 ANCIENT RESIDENCE OF THE BISHOP29 REFECTORY30 KITCHEN32 BARBAZANA CHAPEL34 CHAPEL OF ST. JOHN THE EVANGELIST35 CHAPEL OF ST. CATHERINE37 SOUTH TOWER BELLS39 GATE OF ST. JOSEPH40 MAIN [&hellip;]<\/p>\n","protected":false},"author":1,"featured_media":0,"parent":1170,"menu_order":2,"comment_status":"closed","ping_status":"closed","template":"","meta":{"_monsterinsights_skip_tracking":false,"_monsterinsights_sitenote_active":false,"_monsterinsights_sitenote_note":"","_monsterinsights_sitenote_category":0},"yoast_head":"<!-- This site is optimized with the Yoast SEO plugin v21.0 - https:\/\/yoast.com\/wordpress\/plugins\/seo\/ -->\n<title>8 Presbytery - Catedral de Pamplona<\/title>\n<meta name=\"robots\" content=\"index, follow, max-snippet:-1, max-image-preview:large, max-video-preview:-1\" \/>\n<link rel=\"canonical\" href=\"https:\/\/www.catedraldepamplona.com\/en\/el-museo\/estancias\/02-presbiterio\/\" \/>\n<meta property=\"og:locale\" content=\"en_US\" \/>\n<meta property=\"og:type\" content=\"article\" \/>\n<meta property=\"og:title\" content=\"8 Presbytery - Catedral de Pamplona\" \/>\n<meta property=\"og:description\" content=\"Santa Mar\u00eda del Sagrario, also known as Santa Mar\u00eda la Real and Santa Mar\u00eda de Pamplona, is a 12th century Romanesque sculpture. The Child and the Throne are from the Baroque period, and the baldachin, of 1946, the year in which he was Canonically crowned. The Child and the throne are from the Baroque period, and the baldachin from 1946, the year in which she was canonically crowned. The choir seating was made in 1541 using walnut, cherry and boxwood, by Esteban de Obray. It comprises 104 seats, though currently part of it is held at the Museum of Navarre. The Saints are represented on each seat. The grille was created in 1517 and has been called \u201cThe queen of Spanish grilles\u201d. Marian scenes, the Assumption, the Annunciation and the Original Sin are represented. 0 FACADE1 NORTH TOWER BELLS2 CHAPEL OF ST. JHON THE BAPTIST3 CHAPEL OF ST. CHRISTINE4 CHAPEL OF ST. JOSEPH5 ROYAL MAUSOLEUM6 CHAPEL OF ST. MARTIN7 NORTH WING OF THE TRANSEPT8 PRESBYTERY10 AMBULATORY13 CHAPEL OF THE MOST HOLY16 LARDER18 CLOISTER19 ANCIENT RESIDENCE OF THE BISHOP29 REFECTORY30 KITCHEN32 BARBAZANA CHAPEL34 CHAPEL OF ST. JOHN THE EVANGELIST35 CHAPEL OF ST. CATHERINE37 SOUTH TOWER BELLS39 GATE OF ST. JOSEPH40 MAIN [&hellip;]\" \/>\n<meta property=\"og:url\" content=\"https:\/\/www.catedraldepamplona.com\/en\/el-museo\/estancias\/02-presbiterio\/\" \/>\n<meta property=\"og:site_name\" content=\"Catedral de Pamplona\" \/>\n<meta property=\"article:modified_time\" content=\"2023-10-16T17:42:20+00:00\" \/>\n<meta property=\"og:image\" content=\"https:\/\/www.catedraldepamplona.com\/wp-content\/uploads\/PRESBITERIONEW.webp\" \/>\n<meta name=\"twitter:card\" content=\"summary_large_image\" \/>\n<meta name=\"twitter:label1\" content=\"Est. reading time\" \/>\n\t<meta name=\"twitter:data1\" content=\"1 minute\" \/>\n<script type=\"application\/ld+json\" class=\"yoast-schema-graph\">{\"@context\":\"https:\/\/schema.org\",\"@graph\":[{\"@type\":\"WebPage\",\"@id\":\"https:\/\/www.catedraldepamplona.com\/en\/el-museo\/estancias\/02-presbiterio\/\",\"url\":\"https:\/\/www.catedraldepamplona.com\/en\/el-museo\/estancias\/02-presbiterio\/\",\"name\":\"8 Presbytery - Catedral de Pamplona\",\"isPartOf\":{\"@id\":\"https:\/\/www.catedraldepamplona.com\/#website\"},\"datePublished\":\"2016-09-21T12:27:19+00:00\",\"dateModified\":\"2023-10-16T17:42:20+00:00\",\"breadcrumb\":{\"@id\":\"https:\/\/www.catedraldepamplona.com\/en\/el-museo\/estancias\/02-presbiterio\/#breadcrumb\"},\"inLanguage\":\"en-US\",\"potentialAction\":[{\"@type\":\"ReadAction\",\"target\":[\"https:\/\/www.catedraldepamplona.com\/en\/el-museo\/estancias\/02-presbiterio\/\"]}]},{\"@type\":\"BreadcrumbList\",\"@id\":\"https:\/\/www.catedraldepamplona.com\/en\/el-museo\/estancias\/02-presbiterio\/#breadcrumb\",\"itemListElement\":[{\"@type\":\"ListItem\",\"position\":1,\"name\":\"Portada\",\"item\":\"https:\/\/www.catedraldepamplona.com\/en\/\"},{\"@type\":\"ListItem\",\"position\":2,\"name\":\"MUSEUM OF THE PAMPLONA CATHEDRAL\",\"item\":\"https:\/\/www.catedraldepamplona.com\/en\/el-museo\/\"},{\"@type\":\"ListItem\",\"position\":3,\"name\":\"MAIN ROOMS\",\"item\":\"https:\/\/www.catedraldepamplona.com\/en\/el-museo\/estancias\/\"},{\"@type\":\"ListItem\",\"position\":4,\"name\":\"8 Presbytery\"}]},{\"@type\":\"WebSite\",\"@id\":\"https:\/\/www.catedraldepamplona.com\/#website\",\"url\":\"https:\/\/www.catedraldepamplona.com\/\",\"name\":\"Catedral de Pamplona\",\"description\":\"P\u00e1gina oficial de la Catedral de Pamplona\",\"potentialAction\":[{\"@type\":\"SearchAction\",\"target\":{\"@type\":\"EntryPoint\",\"urlTemplate\":\"https:\/\/www.catedraldepamplona.com\/?s={search_term_string}\"},\"query-input\":\"required name=search_term_string\"}],\"inLanguage\":\"en-US\"}]}<\/script>\n<!-- \/ Yoast SEO plugin. -->","yoast_head_json":{"title":"8 Presbytery - Catedral de Pamplona","robots":{"index":"index","follow":"follow","max-snippet":"max-snippet:-1","max-image-preview":"max-image-preview:large","max-video-preview":"max-video-preview:-1"},"canonical":"https:\/\/www.catedraldepamplona.com\/en\/el-museo\/estancias\/02-presbiterio\/","og_locale":"en_US","og_type":"article","og_title":"8 Presbytery - Catedral de Pamplona","og_description":"Santa Mar\u00eda del Sagrario, also known as Santa Mar\u00eda la Real and Santa Mar\u00eda de Pamplona, is a 12th century Romanesque sculpture. The Child and the Throne are from the Baroque period, and the baldachin, of 1946, the year in which he was Canonically crowned. The Child and the throne are from the Baroque period, and the baldachin from 1946, the year in which she was canonically crowned. The choir seating was made in 1541 using walnut, cherry and boxwood, by Esteban de Obray. It comprises 104 seats, though currently part of it is held at the Museum of Navarre. The Saints are represented on each seat. The grille was created in 1517 and has been called \u201cThe queen of Spanish grilles\u201d. Marian scenes, the Assumption, the Annunciation and the Original Sin are represented. 0 FACADE1 NORTH TOWER BELLS2 CHAPEL OF ST. JHON THE BAPTIST3 CHAPEL OF ST. CHRISTINE4 CHAPEL OF ST. JOSEPH5 ROYAL MAUSOLEUM6 CHAPEL OF ST. MARTIN7 NORTH WING OF THE TRANSEPT8 PRESBYTERY10 AMBULATORY13 CHAPEL OF THE MOST HOLY16 LARDER18 CLOISTER19 ANCIENT RESIDENCE OF THE BISHOP29 REFECTORY30 KITCHEN32 BARBAZANA CHAPEL34 CHAPEL OF ST. JOHN THE EVANGELIST35 CHAPEL OF ST. CATHERINE37 SOUTH TOWER BELLS39 GATE OF ST. JOSEPH40 MAIN [&hellip;]","og_url":"https:\/\/www.catedraldepamplona.com\/en\/el-museo\/estancias\/02-presbiterio\/","og_site_name":"Catedral de Pamplona","article_modified_time":"2023-10-16T17:42:20+00:00","og_image":[{"url":"https:\/\/www.catedraldepamplona.com\/wp-content\/uploads\/PRESBITERIONEW.webp"}],"twitter_card":"summary_large_image","twitter_misc":{"Est. reading time":"1 minute"},"schema":{"@context":"https:\/\/schema.org","@graph":[{"@type":"WebPage","@id":"https:\/\/www.catedraldepamplona.com\/en\/el-museo\/estancias\/02-presbiterio\/","url":"https:\/\/www.catedraldepamplona.com\/en\/el-museo\/estancias\/02-presbiterio\/","name":"8 Presbytery - Catedral de Pamplona","isPartOf":{"@id":"https:\/\/www.catedraldepamplona.com\/#website"},"datePublished":"2016-09-21T12:27:19+00:00","dateModified":"2023-10-16T17:42:20+00:00","breadcrumb":{"@id":"https:\/\/www.catedraldepamplona.com\/en\/el-museo\/estancias\/02-presbiterio\/#breadcrumb"},"inLanguage":"en-US","potentialAction":[{"@type":"ReadAction","target":["https:\/\/www.catedraldepamplona.com\/en\/el-museo\/estancias\/02-presbiterio\/"]}]},{"@type":"BreadcrumbList","@id":"https:\/\/www.catedraldepamplona.com\/en\/el-museo\/estancias\/02-presbiterio\/#breadcrumb","itemListElement":[{"@type":"ListItem","position":1,"name":"Portada","item":"https:\/\/www.catedraldepamplona.com\/en\/"},{"@type":"ListItem","position":2,"name":"MUSEUM OF THE PAMPLONA CATHEDRAL","item":"https:\/\/www.catedraldepamplona.com\/en\/el-museo\/"},{"@type":"ListItem","position":3,"name":"MAIN ROOMS","item":"https:\/\/www.catedraldepamplona.com\/en\/el-museo\/estancias\/"},{"@type":"ListItem","position":4,"name":"8 Presbytery"}]},{"@type":"WebSite","@id":"https:\/\/www.catedraldepamplona.com\/#website","url":"https:\/\/www.catedraldepamplona.com\/","name":"Catedral de Pamplona","description":"P\u00e1gina oficial de la Catedral de Pamplona","potentialAction":[{"@type":"SearchAction","target":{"@type":"EntryPoint","urlTemplate":"https:\/\/www.catedraldepamplona.com\/?s={search_term_string}"},"query-input":"required name=search_term_string"}],"inLanguage":"en-US"}]}},"_links":{"self":[{"href":"https:\/\/www.catedraldepamplona.com\/en\/wp-json\/wp\/v2\/pages\/1259"}],"collection":[{"href":"https:\/\/www.catedraldepamplona.com\/en\/wp-json\/wp\/v2\/pages"}],"about":[{"href":"https:\/\/www.catedraldepamplona.com\/en\/wp-json\/wp\/v2\/types\/page"}],"author":[{"embeddable":true,"href":"https:\/\/www.catedraldepamplona.com\/en\/wp-json\/wp\/v2\/users\/1"}],"replies":[{"embeddable":true,"href":"https:\/\/www.catedraldepamplona.com\/en\/wp-json\/wp\/v2\/comments?post=1259"}],"version-history":[{"count":8,"href":"https:\/\/www.catedraldepamplona.com\/en\/wp-json\/wp\/v2\/pages\/1259\/revisions"}],"predecessor-version":[{"id":5349,"href":"https:\/\/www.catedraldepamplona.com\/en\/wp-json\/wp\/v2\/pages\/1259\/revisions\/5349"}],"up":[{"embeddable":true,"href":"https:\/\/www.catedraldepamplona.com\/en\/wp-json\/wp\/v2\/pages\/1170"}],"wp:attachment":[{"href":"https:\/\/www.catedraldepamplona.com\/en\/wp-json\/wp\/v2\/media?parent=1259"}],"curies":[{"name":"wp","href":"https:\/\/api.w.org\/{rel}","templated":true}]}}