{"id":1173,"date":"2016-09-21T12:16:23","date_gmt":"2016-09-21T12:16:23","guid":{"rendered":"https:\/\/www.catedraldepamplona.com\/en\/?page_id=1173"},"modified":"2023-10-16T17:50:25","modified_gmt":"2023-10-16T17:50:25","slug":"10-girola","status":"publish","type":"page","link":"https:\/\/www.catedraldepamplona.com\/en\/el-museo\/estancias\/10-girola\/","title":{"rendered":"10 Ambulatory"},"content":{"rendered":"<p><img decoding=\"async\" loading=\"lazy\" class=\"alignnone size-full wp-image-477\" src=\"https:\/\/www.catedraldepamplona.com\/wp-content\/uploads\/GIROLA.webp\" alt=\"girola01\" width=\"1280\" height=\"853\" \/><\/p>\n<p>The<strong> chapel of Sandoval<\/strong> and its altarpiece, headed by St. Benito, were made from 1632 to 1634.<\/p>\n<p>The <strong>altarpiece of St. Augustine<\/strong> (17th century) holds the remains of St. Columba. On both sides there are paintings of the Birth of Jesus and the Epiphany.<\/p>\n<p>The<strong> altarpiece of the Priests<\/strong> (1713, by Ferm\u00edn de Larr\u00e1inzar) is dedicated to St. Barbara and St. \u00c1gueda with other saints.\u00a0 The crucified Christ on the bottom section was made in the 17th century and the urn of St. Fidel is dated 1731.<\/p>\n<p>The<strong> altarpiece of San Ferm\u00edn<\/strong>, also from 1713 and by the same sculptor, is headed by this saint.\u00a0 Inside the urn are the remains of St. Deodata.<\/p>\n<p>The<strong> Last Supper and Jesus Praying in the Orchard<\/strong> (1840) are Neoclassical paintings made by Juan G\u00e1lvez.<\/p>\n<p>The<strong> altarpiece of St. Thomas<\/strong> (1507), also called as \u2018of the Caparroso family\u2019, is headed by the disbelief of St. Thomas&#8217;s sculpture. The scenes of the Passion of Christ are in the Predella, the scenes of the life of the Virgin to the left, the Easter Cycle on the right and the Coronation of the Virgin at the top.<\/p>\n<p>The<strong> altarpiece of Piety<\/strong> (1600) has a relief representing the Virgin Mary holding the body of Christ.\u00a0 On the top is the coat of arms of the Habsburg dynasty.<\/p>\n<hr style=\"margin-top: 20px; margin-bottom: 20px; color: #ccc;\" \/>\n<div class='row'><div style='padding-bottom:50px;' class='span6 first-module module_number_1 module_cont  module_contact_info'><ul class='contact_info_list'><li class='contact_info_item'><div class='contact_info_wrapper'><span class='contact_info_icon' style='background:#68669f;'><i style='color:#68669f' class='icon-circle'><\/i><\/span><div class=\"contact_info_text\"><a href=\"\/en\/el-museo\/estancias\/fachada\/\">0 FACADE<\/a><\/div><\/div><\/li><li class='contact_info_item'><div class='contact_info_wrapper'><span class='contact_info_icon' style='background:#68669f;'><i style='color:#68669f' class='icon-circle'><\/i><\/span><div class=\"contact_info_text\"><a href=\"\/en\/el-museo\/estancias\/campanas-torre-norte\/\">1 NORTH TOWER BELLS<\/a><\/div><\/div><\/li><li class='contact_info_item'><div class='contact_info_wrapper'><span class='contact_info_icon' style='background:#68669f;'><i style='color:#68669f' class='icon-circle'><\/i><\/span><div class=\"contact_info_text\"><a href=\"\/en\/el-museo\/estancias\/capilla-de-san-juan-bautista\/\">2 CHAPEL OF ST. JHON THE BAPTIST<\/a><\/div><\/div><\/li><li class='contact_info_item'><div class='contact_info_wrapper'><span class='contact_info_icon' style='background:#68669f;'><i style='color:#68669f' class='icon-circle'><\/i><\/span><div class=\"contact_info_text\"><a href=\"\/en\/el-museo\/estancias\/capilla-de-santa-cristina\/\">3 CHAPEL OF ST. CHRISTINE<\/a><\/div><\/div><\/li><li class='contact_info_item'><div class='contact_info_wrapper'><span class='contact_info_icon' style='background:#68669f;'><i style='color:#68669f' class='icon-circle'><\/i><\/span><div class=\"contact_info_text\"><a href=\"\/en\/el-museo\/estancias\/capilla-de-san-jose\/\">4 CHAPEL OF ST. JOSEPH<\/a><\/div><\/div><\/li><li class='contact_info_item'><div class='contact_info_wrapper'><span class='contact_info_icon' style='background:#68669f;'><i style='color:#68669f' class='icon-circle'><\/i><\/span><div class=\"contact_info_text\"><a href=\"\/en\/el-museo\/estancias\/mausoleo-real\/\">5 ROYAL MAUSOLEUM<\/a><\/div><\/div><\/li><li class='contact_info_item'><div class='contact_info_wrapper'><span class='contact_info_icon' style='background:#68669f;'><i style='color:#68669f' class='icon-circle'><\/i><\/span><div class=\"contact_info_text\"><a href=\"\/en\/el-museo\/estancias\/capilla-de-san-martin\/\">6 CHAPEL OF  ST. MARTIN<\/a><\/div><\/div><\/li><li class='contact_info_item'><div class='contact_info_wrapper'><span class='contact_info_icon' style='background:#68669f;'><i style='color:#68669f' class='icon-circle'><\/i><\/span><div class=\"contact_info_text\"><a href=\"\/en\/el-museo\/estancias\/brazo-norte-del-crucero\/\">7 NORTH ARM OF THE CROSSING<\/a><\/div><\/div><\/li><li class='contact_info_item'><div class='contact_info_wrapper'><span class='contact_info_icon' style='background:#68669f;'><i style='color:#68669f' class='icon-circle'><\/i><\/span><div class=\"contact_info_text\"><a href=\"\/en\/el-museo\/estancias\/presbiterio\/\">8 PRESBYTERY<\/a><\/div><\/div><\/li><li class='contact_info_item'><div class='contact_info_wrapper'><span class='contact_info_icon' style='background:#68669f;'><i style='color:#ffffff' class='icon-circle'><\/i><\/span><div class=\"contact_info_text\"><a href=\"\/en\/el-museo\/estancias\/girola\/\">10 AMBULATORY<\/a><\/div><\/div><\/li><li class='contact_info_item'><div class='contact_info_wrapper'><span class='contact_info_icon' style='background:#68669f;'><i style='color:#68669f' class='icon-circle'><\/i><\/span><div class=\"contact_info_text\"><a href=\"\/en\/el-museo\/estancias\/capilla-del-santisimo\/\">13 CHAPEL OF THE MOST HOLY<\/a><\/div><\/div><\/li><\/ul><\/div><!-- .module_cont --><div style='padding-bottom:50px;' class='span6  module_number_2 module_cont  module_contact_info'><ul class='contact_info_list'><li class='contact_info_item'><div class='contact_info_wrapper'><span class='contact_info_icon' style='background:#68669f;'><i style='color:#68669f' class='icon-circle'><\/i><\/span><div class=\"contact_info_text\"><a href=\"\/en\/el-museo\/estancias\/cilleria\/\">16 LARDER<\/a><\/div><\/div><\/li><li class='contact_info_item'><div class='contact_info_wrapper'><span class='contact_info_icon' style='background:#68669f;'><i style='color:#68669f' class='icon-circle'><\/i><\/span><div class=\"contact_info_text\"><a href=\"\/en\/el-museo\/estancias\/claustro-y-sobreclaustro\/\">18 CLOISTER<\/a><\/div><\/div><\/li><li class='contact_info_item'><div class='contact_info_wrapper'><span class='contact_info_icon' style='background:#68669f;'><i style='color:#68669f' class='icon-circle'><\/i><\/span><div class=\"contact_info_text\"><a href=\"\/en\/el-museo\/estancias\/antigua-residencia-episcopal\/\">19 ANCIENT RESIDENCE OF THE BISHOP<\/a><\/div><\/div><\/li><li class='contact_info_item'><div class='contact_info_wrapper'><span class='contact_info_icon' style='background:#68669f;'><i style='color:#68669f' class='icon-circle'><\/i><\/span><div class=\"contact_info_text\"><a href=\"\/en\/el-museo\/estancias\/refectorio\/\">29 REFECTORY<\/a><\/div><\/div><\/li><li class='contact_info_item'><div class='contact_info_wrapper'><span class='contact_info_icon' style='background:#68669f;'><i style='color:#68669f' class='icon-circle'><\/i><\/span><div class=\"contact_info_text\"><a href=\"\/en\/el-museo\/estancias\/cocina\/\">30 KITCHEN<\/a><\/div><\/div><\/li><li class='contact_info_item'><div class='contact_info_wrapper'><span class='contact_info_icon' style='background:#68669f;'><i style='color:#68669f' class='icon-circle'><\/i><\/span><div class=\"contact_info_text\"><a href=\"\/en\/el-museo\/estancias\/capilla-barbazana\/\">32 BARBAZANA CHAPEL<\/a><\/div><\/div><\/li><li class='contact_info_item'><div class='contact_info_wrapper'><span class='contact_info_icon' style='background:#68669f;'><i style='color:#68669f' class='icon-circle'><\/i><\/span><div class=\"contact_info_text\"><a href=\"\/en\/el-museo\/estancias\/capilla-de-san-juan-evangelista\/\">34 CHAPEL OF ST. JOHN THE EVANGELIST<\/a><\/div><\/div><\/li><li class='contact_info_item'><div class='contact_info_wrapper'><span class='contact_info_icon' style='background:#68669f;'><i style='color:#68669f' class='icon-circle'><\/i><\/span><div class=\"contact_info_text\"><a href=\"\/en\/el-museo\/estancias\/capilla-de-santa-catalina\/\">35 CHAPEL OF ST. CATHERINE<\/a><\/div><\/div><\/li><li class='contact_info_item'><div class='contact_info_wrapper'><span class='contact_info_icon' style='background:#68669f;'><i style='color:#68669f' class='icon-circle'><\/i><\/span><div class=\"contact_info_text\"><a href=\"\/en\/el-museo\/estancias\/campanas-torre-sur\/\">37 SOUTH TOWER BELLS<\/a><\/div><\/div><\/li><li class='contact_info_item'><div class='contact_info_wrapper'><span class='contact_info_icon' style='background:#68669f;'><i style='color:#68669f' class='icon-circle'><\/i><\/span><div class=\"contact_info_text\"><a href=\"\/en\/el-museo\/estancias\/puerta-de-san-jose\/\">39 GATE OF ST. JOSEPH<\/a><\/div><\/div><\/li><li class='contact_info_item'><div class='contact_info_wrapper'><span class='contact_info_icon' style='background:#68669f;'><i style='color:#68669f' class='icon-circle'><\/i><\/span><div class=\"contact_info_text\"><a href=\"\/en\/el-museo\/estancias\/sacristia-mayor\/\">40 MAIN SACRISTY<\/a><\/div><\/div><\/li><\/ul><\/div><!-- .module_cont --><\/div><div class='row'><div style='padding-bottom:50px;' class='span12  module_number_3 module_cont  module_html'>\n                <div class='module_content'>\n                    <a href=\"https:\/\/www.catedraldepamplona.com\/en\/el-museo\/plano\/\"><img src=\"https:\/\/www.catedraldepamplona.com\/wp-content\/uploads\/PLANOCATEDRALenNEW.webp\" width=\"100%\" \/><\/a>\n                <\/div><\/div><!-- .module_cont --><\/div>","protected":false},"excerpt":{"rendered":"<p>The chapel of Sandoval and its altarpiece, headed by St. Benito, were made from 1632 to 1634. The altarpiece of St. Augustine (17th century) holds the remains of St. Columba. On both sides there are paintings of the Birth of Jesus and the Epiphany. The altarpiece of the Priests (1713, by Ferm\u00edn de Larr\u00e1inzar) is dedicated to St. Barbara and St. \u00c1gueda with other saints.\u00a0 The crucified Christ on the bottom section was made in the 17th century and the urn of St. Fidel is dated 1731. The altarpiece of San Ferm\u00edn, also from 1713 and by the same sculptor, is headed by this saint.\u00a0 Inside the urn are the remains of St. Deodata. The Last Supper and Jesus Praying in the Orchard (1840) are Neoclassical paintings made by Juan G\u00e1lvez. The altarpiece of St. Thomas (1507), also called as \u2018of the Caparroso family\u2019, is headed by the disbelief of St. Thomas&#8217;s sculpture. The scenes of the Passion of Christ are in the Predella, the scenes of the life of the Virgin to the left, the Easter Cycle on the right and the Coronation of the Virgin at the top. The altarpiece of Piety (1600) has a relief representing the [&hellip;]<\/p>\n","protected":false},"author":1,"featured_media":0,"parent":1170,"menu_order":10,"comment_status":"closed","ping_status":"closed","template":"","meta":{"_monsterinsights_skip_tracking":false,"_monsterinsights_sitenote_active":false,"_monsterinsights_sitenote_note":"","_monsterinsights_sitenote_category":0},"yoast_head":"<!-- This site is optimized with the Yoast SEO plugin v21.0 - https:\/\/yoast.com\/wordpress\/plugins\/seo\/ -->\n<title>10 Ambulatory - Catedral de Pamplona<\/title>\n<meta name=\"robots\" content=\"index, follow, max-snippet:-1, max-image-preview:large, max-video-preview:-1\" \/>\n<link rel=\"canonical\" href=\"https:\/\/www.catedraldepamplona.com\/en\/el-museo\/estancias\/10-girola\/\" \/>\n<meta property=\"og:locale\" content=\"en_US\" \/>\n<meta property=\"og:type\" content=\"article\" \/>\n<meta property=\"og:title\" content=\"10 Ambulatory - Catedral de Pamplona\" \/>\n<meta property=\"og:description\" content=\"The chapel of Sandoval and its altarpiece, headed by St. Benito, were made from 1632 to 1634. The altarpiece of St. Augustine (17th century) holds the remains of St. Columba. On both sides there are paintings of the Birth of Jesus and the Epiphany. The altarpiece of the Priests (1713, by Ferm\u00edn de Larr\u00e1inzar) is dedicated to St. Barbara and St. \u00c1gueda with other saints.\u00a0 The crucified Christ on the bottom section was made in the 17th century and the urn of St. Fidel is dated 1731. The altarpiece of San Ferm\u00edn, also from 1713 and by the same sculptor, is headed by this saint.\u00a0 Inside the urn are the remains of St. Deodata. The Last Supper and Jesus Praying in the Orchard (1840) are Neoclassical paintings made by Juan G\u00e1lvez. The altarpiece of St. Thomas (1507), also called as \u2018of the Caparroso family\u2019, is headed by the disbelief of St. Thomas&#8217;s sculpture. The scenes of the Passion of Christ are in the Predella, the scenes of the life of the Virgin to the left, the Easter Cycle on the right and the Coronation of the Virgin at the top. The altarpiece of Piety (1600) has a relief representing the [&hellip;]\" \/>\n<meta property=\"og:url\" content=\"https:\/\/www.catedraldepamplona.com\/en\/el-museo\/estancias\/10-girola\/\" \/>\n<meta property=\"og:site_name\" content=\"Catedral de Pamplona\" \/>\n<meta property=\"article:modified_time\" content=\"2023-10-16T17:50:25+00:00\" \/>\n<meta property=\"og:image\" content=\"https:\/\/www.catedraldepamplona.com\/wp-content\/uploads\/GIROLA.webp\" \/>\n<meta name=\"twitter:card\" content=\"summary_large_image\" \/>\n<meta name=\"twitter:label1\" content=\"Est. reading time\" \/>\n\t<meta name=\"twitter:data1\" content=\"2 minutes\" \/>\n<script type=\"application\/ld+json\" class=\"yoast-schema-graph\">{\"@context\":\"https:\/\/schema.org\",\"@graph\":[{\"@type\":\"WebPage\",\"@id\":\"https:\/\/www.catedraldepamplona.com\/en\/el-museo\/estancias\/10-girola\/\",\"url\":\"https:\/\/www.catedraldepamplona.com\/en\/el-museo\/estancias\/10-girola\/\",\"name\":\"10 Ambulatory - Catedral de Pamplona\",\"isPartOf\":{\"@id\":\"https:\/\/www.catedraldepamplona.com\/#website\"},\"datePublished\":\"2016-09-21T12:16:23+00:00\",\"dateModified\":\"2023-10-16T17:50:25+00:00\",\"breadcrumb\":{\"@id\":\"https:\/\/www.catedraldepamplona.com\/en\/el-museo\/estancias\/10-girola\/#breadcrumb\"},\"inLanguage\":\"en-US\",\"potentialAction\":[{\"@type\":\"ReadAction\",\"target\":[\"https:\/\/www.catedraldepamplona.com\/en\/el-museo\/estancias\/10-girola\/\"]}]},{\"@type\":\"BreadcrumbList\",\"@id\":\"https:\/\/www.catedraldepamplona.com\/en\/el-museo\/estancias\/10-girola\/#breadcrumb\",\"itemListElement\":[{\"@type\":\"ListItem\",\"position\":1,\"name\":\"Portada\",\"item\":\"https:\/\/www.catedraldepamplona.com\/en\/\"},{\"@type\":\"ListItem\",\"position\":2,\"name\":\"MUSEUM OF THE PAMPLONA CATHEDRAL\",\"item\":\"https:\/\/www.catedraldepamplona.com\/en\/el-museo\/\"},{\"@type\":\"ListItem\",\"position\":3,\"name\":\"MAIN ROOMS\",\"item\":\"https:\/\/www.catedraldepamplona.com\/en\/el-museo\/estancias\/\"},{\"@type\":\"ListItem\",\"position\":4,\"name\":\"10 Ambulatory\"}]},{\"@type\":\"WebSite\",\"@id\":\"https:\/\/www.catedraldepamplona.com\/#website\",\"url\":\"https:\/\/www.catedraldepamplona.com\/\",\"name\":\"Catedral de Pamplona\",\"description\":\"P\u00e1gina oficial de la Catedral de Pamplona\",\"potentialAction\":[{\"@type\":\"SearchAction\",\"target\":{\"@type\":\"EntryPoint\",\"urlTemplate\":\"https:\/\/www.catedraldepamplona.com\/?s={search_term_string}\"},\"query-input\":\"required name=search_term_string\"}],\"inLanguage\":\"en-US\"}]}<\/script>\n<!-- \/ Yoast SEO plugin. -->","yoast_head_json":{"title":"10 Ambulatory - Catedral de Pamplona","robots":{"index":"index","follow":"follow","max-snippet":"max-snippet:-1","max-image-preview":"max-image-preview:large","max-video-preview":"max-video-preview:-1"},"canonical":"https:\/\/www.catedraldepamplona.com\/en\/el-museo\/estancias\/10-girola\/","og_locale":"en_US","og_type":"article","og_title":"10 Ambulatory - Catedral de Pamplona","og_description":"The chapel of Sandoval and its altarpiece, headed by St. Benito, were made from 1632 to 1634. The altarpiece of St. Augustine (17th century) holds the remains of St. Columba. On both sides there are paintings of the Birth of Jesus and the Epiphany. The altarpiece of the Priests (1713, by Ferm\u00edn de Larr\u00e1inzar) is dedicated to St. Barbara and St. \u00c1gueda with other saints.\u00a0 The crucified Christ on the bottom section was made in the 17th century and the urn of St. Fidel is dated 1731. The altarpiece of San Ferm\u00edn, also from 1713 and by the same sculptor, is headed by this saint.\u00a0 Inside the urn are the remains of St. Deodata. The Last Supper and Jesus Praying in the Orchard (1840) are Neoclassical paintings made by Juan G\u00e1lvez. The altarpiece of St. Thomas (1507), also called as \u2018of the Caparroso family\u2019, is headed by the disbelief of St. Thomas&#8217;s sculpture. The scenes of the Passion of Christ are in the Predella, the scenes of the life of the Virgin to the left, the Easter Cycle on the right and the Coronation of the Virgin at the top. The altarpiece of Piety (1600) has a relief representing the [&hellip;]","og_url":"https:\/\/www.catedraldepamplona.com\/en\/el-museo\/estancias\/10-girola\/","og_site_name":"Catedral de Pamplona","article_modified_time":"2023-10-16T17:50:25+00:00","og_image":[{"url":"https:\/\/www.catedraldepamplona.com\/wp-content\/uploads\/GIROLA.webp"}],"twitter_card":"summary_large_image","twitter_misc":{"Est. reading time":"2 minutes"},"schema":{"@context":"https:\/\/schema.org","@graph":[{"@type":"WebPage","@id":"https:\/\/www.catedraldepamplona.com\/en\/el-museo\/estancias\/10-girola\/","url":"https:\/\/www.catedraldepamplona.com\/en\/el-museo\/estancias\/10-girola\/","name":"10 Ambulatory - Catedral de Pamplona","isPartOf":{"@id":"https:\/\/www.catedraldepamplona.com\/#website"},"datePublished":"2016-09-21T12:16:23+00:00","dateModified":"2023-10-16T17:50:25+00:00","breadcrumb":{"@id":"https:\/\/www.catedraldepamplona.com\/en\/el-museo\/estancias\/10-girola\/#breadcrumb"},"inLanguage":"en-US","potentialAction":[{"@type":"ReadAction","target":["https:\/\/www.catedraldepamplona.com\/en\/el-museo\/estancias\/10-girola\/"]}]},{"@type":"BreadcrumbList","@id":"https:\/\/www.catedraldepamplona.com\/en\/el-museo\/estancias\/10-girola\/#breadcrumb","itemListElement":[{"@type":"ListItem","position":1,"name":"Portada","item":"https:\/\/www.catedraldepamplona.com\/en\/"},{"@type":"ListItem","position":2,"name":"MUSEUM OF THE PAMPLONA CATHEDRAL","item":"https:\/\/www.catedraldepamplona.com\/en\/el-museo\/"},{"@type":"ListItem","position":3,"name":"MAIN ROOMS","item":"https:\/\/www.catedraldepamplona.com\/en\/el-museo\/estancias\/"},{"@type":"ListItem","position":4,"name":"10 Ambulatory"}]},{"@type":"WebSite","@id":"https:\/\/www.catedraldepamplona.com\/#website","url":"https:\/\/www.catedraldepamplona.com\/","name":"Catedral de Pamplona","description":"P\u00e1gina oficial de la Catedral de Pamplona","potentialAction":[{"@type":"SearchAction","target":{"@type":"EntryPoint","urlTemplate":"https:\/\/www.catedraldepamplona.com\/?s={search_term_string}"},"query-input":"required name=search_term_string"}],"inLanguage":"en-US"}]}},"_links":{"self":[{"href":"https:\/\/www.catedraldepamplona.com\/en\/wp-json\/wp\/v2\/pages\/1173"}],"collection":[{"href":"https:\/\/www.catedraldepamplona.com\/en\/wp-json\/wp\/v2\/pages"}],"about":[{"href":"https:\/\/www.catedraldepamplona.com\/en\/wp-json\/wp\/v2\/types\/page"}],"author":[{"embeddable":true,"href":"https:\/\/www.catedraldepamplona.com\/en\/wp-json\/wp\/v2\/users\/1"}],"replies":[{"embeddable":true,"href":"https:\/\/www.catedraldepamplona.com\/en\/wp-json\/wp\/v2\/comments?post=1173"}],"version-history":[{"count":11,"href":"https:\/\/www.catedraldepamplona.com\/en\/wp-json\/wp\/v2\/pages\/1173\/revisions"}],"predecessor-version":[{"id":5357,"href":"https:\/\/www.catedraldepamplona.com\/en\/wp-json\/wp\/v2\/pages\/1173\/revisions\/5357"}],"up":[{"embeddable":true,"href":"https:\/\/www.catedraldepamplona.com\/en\/wp-json\/wp\/v2\/pages\/1170"}],"wp:attachment":[{"href":"https:\/\/www.catedraldepamplona.com\/en\/wp-json\/wp\/v2\/media?parent=1173"}],"curies":[{"name":"wp","href":"https:\/\/api.w.org\/{rel}","templated":true}]}}